{"id":3038,"date":"2022-05-24T17:26:59","date_gmt":"2022-05-24T20:26:59","guid":{"rendered":"https:\/\/deltamed.cl\/tienda\/?post_type=product&#038;p=3038"},"modified":"2026-02-27T13:52:48","modified_gmt":"2026-02-27T16:52:48","slug":"oto-oftalmoscopio-iluminacion-directa-25v-e-scope-riester","status":"publish","type":"product","link":"https:\/\/deltamed.cl\/tienda\/producto\/oto-oftalmoscopio-iluminacion-directa-25v-e-scope-riester\/","title":{"rendered":"Oto-oftalmoscopio iluminaci\u00f3n directa 2,5v E-scope Riester"},"content":{"rendered":"<p>Oto-oftalmoscopio iluminaci\u00f3n directa 2,5v E-scope Riester<\/p>\n<p>Es un\u00a0<b>instrumento m\u00e9dico para iluminar y explorar el conducto auditivo, as\u00ed como para la exploraci\u00f3n oftalmol\u00f3gica<\/b>\u00a0(permiten una exploraci\u00f3n exhaustiva del ojo y del fondo del ojo).<\/p>\n<p>Set oto\/otalmoscopio, incluye un otoscopio e-scope\u00ae, un oftalmoscopio e-scope, 1 estuche y 10 esp\u00e9culos \u00f3ticos. Otoscopio Riester e-scope\u00ae con iluminaci\u00f3n Hal\u00f3gena directa de reflexi\u00f3n reducida.<\/p>\n<p>Incluye estuche y 10 esp\u00e9culos.<\/p>\n<p>Alimentaci\u00f3n mediante 2 (dos) pilas alcalinas tama\u00f1o AA No incluidas. Oftalmoscopio con l\u00e1mpara de luz hal\u00f3gena, de 2,5 volts, con 6 aperturas: Micro Spot, Mediana, Grande, Fijaci\u00f3n, Slit y Azul Cobalto.<\/p>\n<p>Con filtro verde libre de rojos, y disco seleccionador de 48 lentes en paso de a una dioptr\u00eda ( -25 a +22 dioptr\u00edas). Sistema de \u00f3ptica sellado. Ventana iluminada indicando la dioptr\u00eda seleccionada (positiva en verde y negativa en rojo). Mango met\u00e1lico con tecla de encendido\/apagado.Oftalmoscopio e-scope es de luz hal\u00f3gena de 2,7 v. posee las siguientes caracter\u00edsticas:<\/p>\n<p>\u2013 Ruedecilla de lentes con 18 lentes correctoras (+\/- 1, 2, 3, 4, 6, 8, 10, 15, 20 dioptr\u00edas)<\/p>\n<p>\u2013 Rueda de diafragma de f\u00e1cil manejo con seis ajustes diferentes (estrella de fijaci\u00f3n, c\u00edrculo grande, c\u00edrculo peque\u00f1o, filtro exento de rojo, filtro azul, semic\u00edrculo)<\/p>\n<p>\u2013 \u00d3ptica altamente potente con lentes condensadoras esf\u00e9ricas<\/p>\n<p>\u2013 Lentes de protecci\u00f3n<\/p>\n<p>\u2013 Recorrido \u00f3ptico paralelo<\/p>\n<p>\u2013 Protecci\u00f3n contra el polvo<\/p>\n<p>Peso0,26 kgDimensiones22 \u00d7 14 \u00d7 4 cm<\/p>\n","protected":false},"excerpt":{"rendered":"<p>Oto-oftalmoscopio iluminaci\u00f3n directa 2,5v E-scope Riester<\/p>\n<p>Es un\u00a0<b>instrumento m\u00e9dico para iluminar y explorar el conducto auditivo, as\u00ed como para la exploraci\u00f3n oftalmol\u00f3gica<\/b>\u00a0(permiten una exploraci\u00f3n exhaustiva del ojo y del fondo del ojo).<\/p>\n<p>Set oto\/otalmoscopio, incluye un otoscopio e-scope\u00ae, un oftalmoscopio e-scope, 1 estuche y 10 esp\u00e9culos \u00f3ticos. Otoscopio Riester e-scope\u00ae con iluminaci\u00f3n Hal\u00f3gena directa de reflexi\u00f3n reducida.<\/p>\n<p>Incluye estuche y 10 esp\u00e9culos.<\/p>\n<p>Alimentaci\u00f3n mediante 2 (dos) pilas alcalinas tama\u00f1o AA No incluidas. Oftalmoscopio con l\u00e1mpara de luz hal\u00f3gena, de 2,5 volts, con 6 aperturas: Micro Spot, Mediana, Grande, Fijaci\u00f3n, Slit y Azul Cobalto.<\/p>\n<p>Con filtro verde libre de rojos, y disco seleccionador de 48 lentes en paso de a una dioptr\u00eda ( -25 a +22 dioptr\u00edas). Sistema de \u00f3ptica sellado. Ventana iluminada indicando la dioptr\u00eda seleccionada (positiva en verde y negativa en rojo). Mango met\u00e1lico con tecla de encendido\/apagado.Oftalmoscopio e-scope es de luz hal\u00f3gena de 2,7 v.<\/p>\n","protected":false},"featured_media":4007,"comment_status":"open","ping_status":"closed","template":"","meta":{"_acf_changed":false},"product_brand":[1112],"product_cat":[15,355],"product_tag":[],"class_list":{"0":"post-3038","1":"product","2":"type-product","3":"status-publish","4":"has-post-thumbnail","6":"product_brand-riester","7":"product_cat-medicion-y-diagnostico","8":"product_cat-otoscopio-oftalmoscopio","9":"product_shipping_class-pequeno","11":"first","12":"instock","13":"shipping-taxable","14":"purchasable","15":"product-type-variable"},"acf":[],"_links":{"self":[{"href":"https:\/\/deltamed.cl\/tienda\/wp-json\/wp\/v2\/product\/3038","targetHints":{"allow":["GET"]}}],"collection":[{"href":"https:\/\/deltamed.cl\/tienda\/wp-json\/wp\/v2\/product"}],"about":[{"href":"https:\/\/deltamed.cl\/tienda\/wp-json\/wp\/v2\/types\/product"}],"replies":[{"embeddable":true,"href":"https:\/\/deltamed.cl\/tienda\/wp-json\/wp\/v2\/comments?post=3038"}],"version-history":[{"count":3,"href":"https:\/\/deltamed.cl\/tienda\/wp-json\/wp\/v2\/product\/3038\/revisions"}],"predecessor-version":[{"id":17916,"href":"https:\/\/deltamed.cl\/tienda\/wp-json\/wp\/v2\/product\/3038\/revisions\/17916"}],"wp:featuredmedia":[{"embeddable":true,"href":"https:\/\/deltamed.cl\/tienda\/wp-json\/wp\/v2\/media\/4007"}],"wp:attachment":[{"href":"https:\/\/deltamed.cl\/tienda\/wp-json\/wp\/v2\/media?parent=3038"}],"wp:term":[{"taxonomy":"product_brand","embeddable":true,"href":"https:\/\/deltamed.cl\/tienda\/wp-json\/wp\/v2\/product_brand?post=3038"},{"taxonomy":"product_cat","embeddable":true,"href":"https:\/\/deltamed.cl\/tienda\/wp-json\/wp\/v2\/product_cat?post=3038"},{"taxonomy":"product_tag","embeddable":true,"href":"https:\/\/deltamed.cl\/tienda\/wp-json\/wp\/v2\/product_tag?post=3038"}],"curies":[{"name":"wp","href":"https:\/\/api.w.org\/{rel}","templated":true}]}}