{"id":3031,"date":"2022-01-07T14:55:15","date_gmt":"2022-01-07T17:55:15","guid":{"rendered":"https:\/\/deltamed.cl\/tienda\/?post_type=product&#038;p=3031"},"modified":"2026-03-09T14:43:06","modified_gmt":"2026-03-09T17:43:06","slug":"otoscopio-fibra-optica-luz-de-xenon-25v-e-scope-riester","status":"publish","type":"product","link":"https:\/\/deltamed.cl\/tienda\/producto\/otoscopio-fibra-optica-luz-de-xenon-25v-e-scope-riester\/","title":{"rendered":"Otoscopio fibra \u00f3ptica luz de xen\u00f3n 2,5v E-scope riester"},"content":{"rendered":"<p>Otoscopio fibra \u00f3ptica luz de xen\u00f3n 2,5v E-scope riester<\/p>\n<p>El Otoscopio Riester E-Scope es un equipo que permite examinar el conducto auditivo del paciente. Destaca por su iluminaci\u00f3n de xen\u00f3n 2,5 V, que permite una concentraci\u00f3n \u00f3ptima de la luz para realizar los procesos de exploraci\u00f3n.<\/p>\n<p><strong>Caracter\u00edsticas:<\/strong><\/p>\n<p>\u00d3ptica de precisi\u00f3n impermeabilizada, giratoria en ambos lados con triple aumento para una visi\u00f3n correcta<br \/>\nLuz de xenon 2,5v.<br \/>\nFibra \u00f3ptica para la concentraci\u00f3n y direcci\u00f3n \u00f3ptima de la luz<br \/>\nAlojamiento de esp\u00e9culos de metal higi\u00e9nico y resistente para e-scope\u00ae \/ ri-scope\u00ae L1 \/ L2<br \/>\nCompatible con esp\u00e9culos de otros fabricantes famosos<br \/>\nApropiado para la realizaci\u00f3n de pruebas neum\u00e1ticas (suministro sin conector ni pera)<br \/>\nPresentado en estuche r\u00edgido con esp\u00e9culos.<\/p>\n","protected":false},"excerpt":{"rendered":"<p>Otoscopio fibra \u00f3ptica luz de xen\u00f3n 2,5v E-scope riester<\/p>\n<p>El Otoscopio Riester E-Scope es un equipo que permite examinar el conducto auditivo del paciente. Destaca por su iluminaci\u00f3n de xen\u00f3n 2,5 V, que permite una concentraci\u00f3n \u00f3ptima de la luz para realizar los procesos de exploraci\u00f3n.<\/p>\n<p>&nbsp;<\/p>\n","protected":false},"featured_media":6518,"comment_status":"open","ping_status":"closed","template":"","meta":{"_acf_changed":false},"product_brand":[1112],"product_cat":[15,355],"product_tag":[],"class_list":{"0":"post-3031","1":"product","2":"type-product","3":"status-publish","4":"has-post-thumbnail","6":"product_brand-riester","7":"product_cat-medicion-y-diagnostico","8":"product_cat-otoscopio-oftalmoscopio","9":"product_shipping_class-pequeno","11":"first","12":"instock","13":"shipping-taxable","14":"purchasable","15":"product-type-variable"},"acf":[],"_links":{"self":[{"href":"https:\/\/deltamed.cl\/tienda\/wp-json\/wp\/v2\/product\/3031","targetHints":{"allow":["GET"]}}],"collection":[{"href":"https:\/\/deltamed.cl\/tienda\/wp-json\/wp\/v2\/product"}],"about":[{"href":"https:\/\/deltamed.cl\/tienda\/wp-json\/wp\/v2\/types\/product"}],"replies":[{"embeddable":true,"href":"https:\/\/deltamed.cl\/tienda\/wp-json\/wp\/v2\/comments?post=3031"}],"version-history":[{"count":3,"href":"https:\/\/deltamed.cl\/tienda\/wp-json\/wp\/v2\/product\/3031\/revisions"}],"predecessor-version":[{"id":11340,"href":"https:\/\/deltamed.cl\/tienda\/wp-json\/wp\/v2\/product\/3031\/revisions\/11340"}],"wp:featuredmedia":[{"embeddable":true,"href":"https:\/\/deltamed.cl\/tienda\/wp-json\/wp\/v2\/media\/6518"}],"wp:attachment":[{"href":"https:\/\/deltamed.cl\/tienda\/wp-json\/wp\/v2\/media?parent=3031"}],"wp:term":[{"taxonomy":"product_brand","embeddable":true,"href":"https:\/\/deltamed.cl\/tienda\/wp-json\/wp\/v2\/product_brand?post=3031"},{"taxonomy":"product_cat","embeddable":true,"href":"https:\/\/deltamed.cl\/tienda\/wp-json\/wp\/v2\/product_cat?post=3031"},{"taxonomy":"product_tag","embeddable":true,"href":"https:\/\/deltamed.cl\/tienda\/wp-json\/wp\/v2\/product_tag?post=3031"}],"curies":[{"name":"wp","href":"https:\/\/api.w.org\/{rel}","templated":true}]}}