{"id":2994,"date":"2022-01-04T17:00:40","date_gmt":"2022-01-04T20:00:40","guid":{"rendered":"https:\/\/deltamed.cl\/tienda\/?post_type=product&#038;p=2994"},"modified":"2026-02-27T13:30:38","modified_gmt":"2026-02-27T16:30:38","slug":"inmovilizador-de-clavicula-blunding","status":"publish","type":"product","link":"https:\/\/deltamed.cl\/tienda\/producto\/inmovilizador-de-clavicula-blunding\/","title":{"rendered":"Inmovilizador de clavicula Blunding"},"content":{"rendered":"<div class=\"scroll-content\">\n<div class=\"col-lg-12 col-md-12 tab-content\">\n<div id=\"descripcion\" class=\"tab-pane fade in active\">\n<p>Inmovilizador de clavicula Blunding Adulto<\/p>\n<p>Soporte de clav\u00edcula confeccionado con refuerzo acolchado en su parte posterior y dos bandas de algod\u00f3n regulables con cierre de contacto.<\/p>\n<p>Indicaci\u00f3n: En fractura de clav\u00edcula. Luxaci\u00f3n de clav\u00edcula. Patolog\u00eda menor de la columna dorsal.<\/p>\n<p>TALLAS Y MEDIDAS:<br \/>\nSmall (S): Contorno de T\u00f3rax: 71 &#8211; 83 cm.<br \/>\nMedium (M): Contorno de T\u00f3rax: 83 &#8211; 96 cm<br \/>\nLarge (L): Contorno de T\u00f3rax: 96 &#8211; 109 cm.<br \/>\nExtra Large (XL): Contorno de T\u00f3rax: 110 &#8211; 122 cm.<br \/>\nCOLOR: Plata<\/p>\n<p>*Blunding recomienda utilizar este producto bajo prescripci\u00f3n m\u00e9dica.<\/p>\n<p>Cara Externa: 100% Velour Poli\u00e9ster<\/p>\n<p>Cara Interna: 100% Algod\u00f3n<\/p>\n<p>Bandas: 65% Poli\u00e9ster \/ 35% Algod\u00f3n<\/p>\n<p>Cierre de Contacto: 100% Nylon<\/p>\n<p>Hebillas: 100% Polipropileno<\/p>\n<p>CERTIFICACI\u00d3N Y REGISTROS:<br \/>\nCertificaci\u00f3n de Norma ISO-9001\/2008 Secci\u00f3n 8.2.3 N\u00ba CL13\/20100668<br \/>\nRegistro FDA N\u00ba 9104922<br \/>\nRegistro del Instituto Nacional de Salud P\u00fablica N\u00ba EDM 198\/14<\/p>\n<p>&nbsp;<\/p>\n<\/div>\n<\/div>\n<\/div>\n","protected":false},"excerpt":{"rendered":"<p>Inmovilizador de clavicula Blunding Adulto<\/p>\n<p>Soporte de clav\u00edcula confeccionado con refuerzo acolchado en su parte posterior y dos bandas de algod\u00f3n regulables con cierre de contacto.<\/p>\n<p>Indicaci\u00f3n: En fractura de clav\u00edcula. Luxaci\u00f3n de clav\u00edcula. Patolog\u00eda menor de la columna dorsal.<\/p>\n","protected":false},"featured_media":3000,"comment_status":"open","ping_status":"closed","template":"","meta":{"_acf_changed":false},"product_brand":[1093],"product_cat":[235,422],"product_tag":[],"class_list":{"0":"post-2994","1":"product","2":"type-product","3":"status-publish","4":"has-post-thumbnail","6":"product_brand-blunding","7":"product_cat-ortopedia","8":"product_cat-inmovilizadores","9":"product_shipping_class-pequeno","11":"first","12":"instock","13":"shipping-taxable","14":"purchasable","15":"product-type-variable"},"acf":[],"_links":{"self":[{"href":"https:\/\/deltamed.cl\/tienda\/wp-json\/wp\/v2\/product\/2994","targetHints":{"allow":["GET"]}}],"collection":[{"href":"https:\/\/deltamed.cl\/tienda\/wp-json\/wp\/v2\/product"}],"about":[{"href":"https:\/\/deltamed.cl\/tienda\/wp-json\/wp\/v2\/types\/product"}],"replies":[{"embeddable":true,"href":"https:\/\/deltamed.cl\/tienda\/wp-json\/wp\/v2\/comments?post=2994"}],"version-history":[{"count":1,"href":"https:\/\/deltamed.cl\/tienda\/wp-json\/wp\/v2\/product\/2994\/revisions"}],"predecessor-version":[{"id":16377,"href":"https:\/\/deltamed.cl\/tienda\/wp-json\/wp\/v2\/product\/2994\/revisions\/16377"}],"wp:featuredmedia":[{"embeddable":true,"href":"https:\/\/deltamed.cl\/tienda\/wp-json\/wp\/v2\/media\/3000"}],"wp:attachment":[{"href":"https:\/\/deltamed.cl\/tienda\/wp-json\/wp\/v2\/media?parent=2994"}],"wp:term":[{"taxonomy":"product_brand","embeddable":true,"href":"https:\/\/deltamed.cl\/tienda\/wp-json\/wp\/v2\/product_brand?post=2994"},{"taxonomy":"product_cat","embeddable":true,"href":"https:\/\/deltamed.cl\/tienda\/wp-json\/wp\/v2\/product_cat?post=2994"},{"taxonomy":"product_tag","embeddable":true,"href":"https:\/\/deltamed.cl\/tienda\/wp-json\/wp\/v2\/product_tag?post=2994"}],"curies":[{"name":"wp","href":"https:\/\/api.w.org\/{rel}","templated":true}]}}