{"id":2957,"date":"2021-12-29T09:53:21","date_gmt":"2021-12-29T12:53:21","guid":{"rendered":"https:\/\/deltamed.cl\/tienda\/?post_type=product&#038;p=2957"},"modified":"2026-02-27T13:30:38","modified_gmt":"2026-02-27T16:30:38","slug":"colchon-antiescaras-cilindrico-bm03","status":"publish","type":"product","link":"https:\/\/deltamed.cl\/tienda\/producto\/colchon-antiescaras-cilindrico-bm03\/","title":{"rendered":"Colch\u00f3n antiescaras cil\u00edndrico BM03"},"content":{"rendered":"<p><span id=\"page3R_mcid1\" class=\"markedContent\"><span dir=\"ltr\" role=\"presentation\"><strong>COLCH\u00d3N ANTIESCARAS CIL\u00cdNDRICO BM03<\/strong> proporciona <\/span><\/span><span id=\"page3R_mcid3\" class=\"markedContent\"><span dir=\"ltr\" role=\"presentation\">movimiento<\/span> <span dir=\"ltr\" role=\"presentation\">continuo<\/span> <span dir=\"ltr\" role=\"presentation\">proporcionado por el colch\u00f3n anti escaras <\/span><span dir=\"ltr\" role=\"presentation\">disminuye las \u00e1reas de presi\u00f3n constante y mejora la circulaci\u00f3n ya que esta presi\u00f3n sobre las prominencias \u00f3seas son la principal causa de ulceras en la piel.<br \/>\n<\/span><span dir=\"ltr\" role=\"presentation\">El colch\u00f3n es para un usuario de un peso<\/span> <span dir=\"ltr\" role=\"presentation\">m\u00e1ximo<\/span> de<span dir=\"ltr\" role=\"presentation\">\u00a0135kg<\/span><span dir=\"ltr\" role=\"presentation\">.<br \/>\n<\/span><span dir=\"ltr\" role=\"presentation\">Cuenta con Certificaciones <\/span><span dir=\"ltr\" role=\"presentation\">CE, CB,<\/span> <span dir=\"ltr\" role=\"presentation\">ROHS y FDA<br \/>\n<\/span><\/span><span id=\"page3R_mcid4\" class=\"markedContent\"><\/span><span id=\"page3R_mcid5\" class=\"markedContent\"><br role=\"presentation\" \/><span dir=\"ltr\" role=\"presentation\">Presi\u00f3n alterna consta de una bomba que <\/span><span dir=\"ltr\" role=\"presentation\">utiliza un compresor silencioso y eficiente.<br \/>\nEl <\/span><span dir=\"ltr\" role=\"presentation\">panel de control es simple y muy f\u00e1cil de usar.<br \/>\nAlivia la presi\u00f3n desinfl<\/span><span dir=\"ltr\" role=\"presentation\">ando e <\/span><span dir=\"ltr\" role=\"presentation\">inflando<\/span> <span dir=\"ltr\" role=\"presentation\">secuencialmente<\/span> <span dir=\"ltr\" role=\"presentation\">celdas<\/span> <span dir=\"ltr\" role=\"presentation\">de<\/span> <span dir=\"ltr\" role=\"presentation\">aire<\/span> <span dir=\"ltr\" role=\"presentation\">alternas<\/span> <span dir=\"ltr\" role=\"presentation\">en<\/span> <span dir=\"ltr\" role=\"presentation\">intervalos <\/span><span dir=\"ltr\" role=\"presentation\">de<\/span><span dir=\"ltr\" role=\"presentation\">\u00a012 minutos.<br \/>\n<\/span><\/span><span id=\"page3R_mcid6\" class=\"markedContent\"><\/span><span id=\"page3R_mcid7\" class=\"markedContent\"><br role=\"presentation\" \/><span dir=\"ltr\" role=\"presentation\">\u2022<\/span> <span dir=\"ltr\" role=\"presentation\">Dimensiones<\/span><span dir=\"ltr\" role=\"presentation\">: 200 x 96 x 95cm<\/span><\/span><span id=\"page3R_mcid8\" class=\"markedContent\"><br role=\"presentation\" \/><span dir=\"ltr\" role=\"presentation\">\u2022<\/span> <span dir=\"ltr\" role=\"presentation\">Altura de la celda: 9.5 cm<\/span><\/span><span id=\"page3R_mcid9\" class=\"markedContent\"><br role=\"presentation\" \/><span dir=\"ltr\" role=\"presentation\">\u2022<\/span> <span dir=\"ltr\" role=\"presentation\">Material de las celdas: ny<\/span><span dir=\"ltr\" role=\"presentation\">lon y<\/span> <span dir=\"ltr\" role=\"presentation\">PVC<\/span><\/span><span id=\"page3R_mcid10\" class=\"markedContent\"><br role=\"presentation\" \/><span dir=\"ltr\" role=\"presentation\">\u2022<\/span> <span dir=\"ltr\" role=\"presentation\">Numero de<\/span> <span dir=\"ltr\" role=\"presentation\">celdas<\/span><span dir=\"ltr\" role=\"presentation\">: 20 + 1 de rep<\/span><span dir=\"ltr\" role=\"presentation\">uesto.<\/span><\/span><span id=\"page3R_mcid11\" class=\"markedContent\"><br role=\"presentation\" \/><span dir=\"ltr\" role=\"presentation\">\u2022<\/span> <span dir=\"ltr\" role=\"presentation\">Duraci\u00f3n<\/span><span dir=\"ltr\" role=\"presentation\">:<\/span> <span dir=\"ltr\" role=\"presentation\">Dura 24 h<\/span><span dir=\"ltr\" role=\"presentation\">oras inflad<\/span><span dir=\"ltr\" role=\"presentation\">o.<\/span><\/span><span id=\"page3R_mcid12\" class=\"markedContent\"><br role=\"presentation\" \/><span dir=\"ltr\" role=\"presentation\">\u2022<\/span> <span dir=\"ltr\" role=\"presentation\">Recomendado para las ulceras por<\/span> <span dir=\"ltr\" role=\"presentation\">presi\u00f3n<\/span> <span dir=\"ltr\" role=\"presentation\">I<\/span> <span dir=\"ltr\" role=\"presentation\">y<\/span> <span dir=\"ltr\" role=\"presentation\">II<\/span><\/span><span id=\"page3R_mcid13\" class=\"markedContent\"><br role=\"presentation\" \/><span dir=\"ltr\" role=\"presentation\">\u2022<\/span> <span dir=\"ltr\" role=\"presentation\">Coloque el colch\u00f3n en el armaz\u00f3n de la cama con el extremo de la<\/span><br role=\"presentation\" \/><span dir=\"ltr\" role=\"presentation\">manguera en la secci\u00f3n de los pies del armaz\u00f3n de la cama.<\/span><\/span><\/p>\n<p><span id=\"page3R_mcid14\" class=\"markedContent\"><\/span><span id=\"undefined\" class=\"markedContent\"><\/span><span id=\"page53R_mcid0\" class=\"markedContent\"><span dir=\"ltr\" role=\"presentation\">\u2022<\/span> <span dir=\"ltr\" role=\"presentation\">Con los ganchos integr<\/span><span dir=\"ltr\" role=\"presentation\">ados, cuelgue firmemente la bomba en el extremo de<\/span><br role=\"presentation\" \/><span dir=\"ltr\" role=\"presentation\">la cama en el extremo del pie o col\u00f3quela sobre una superficie plana y lisa.<\/span><\/span><span id=\"page53R_mcid1\" class=\"markedContent\"><br role=\"presentation\" \/><span dir=\"ltr\" role=\"presentation\">\u2022<\/span> <span dir=\"ltr\" role=\"presentation\">Conecte las mangueras de aire del colch\u00f3n a la bomba.<\/span><\/span><span id=\"page53R_mcid2\" class=\"markedContent\"><br role=\"presentation\" \/><span dir=\"ltr\" role=\"presentation\">\u2022<\/span> <span dir=\"ltr\" role=\"presentation\">Enchufe la bomba en un tomacorriente de pared. Aseg\u00farese de que el c<\/span><span dir=\"ltr\" role=\"presentation\">able<\/span><br role=\"presentation\" \/><span dir=\"ltr\" role=\"presentation\">de alimentaci\u00f3n est\u00e9 lejos de posibles peligros.<\/span><\/span><span id=\"page53R_mcid3\" class=\"markedContent\"><br role=\"presentation\" \/><span dir=\"ltr\" role=\"presentation\">\u2022<\/span> <span dir=\"ltr\" role=\"presentation\">Encienda el interruptor de encendido en el panel de control de la bomba. La<\/span><br role=\"presentation\" \/><span dir=\"ltr\" role=\"presentation\">bomba comenzar\u00e1 a inflar el colch\u00f3n.<\/span><\/span><span id=\"page53R_mcid4\" class=\"markedContent\"><br role=\"presentation\" \/><span dir=\"ltr\" role=\"presentation\">\u2022<\/span> <span dir=\"ltr\" role=\"presentation\">Despu\u00e9s de inflarlo, ajuste el colch\u00f3n usando el dial de la bomba.<\/span><\/span><span id=\"page53R_mcid5\" class=\"markedContent\"><\/span><span id=\"page53R_mcid6\" class=\"markedContent\"><br role=\"presentation\" \/><span dir=\"ltr\" role=\"presentation\">Precauci\u00f3n<\/span><\/span><\/p>\n<p><span id=\"page53R_mcid7\" class=\"markedContent\"><br role=\"presentation\" \/><span dir=\"ltr\" role=\"presentation\">1.<\/span> <span dir=\"ltr\" role=\"presentation\">No fume sobre o cerca de la bomba.<\/span><\/span><span id=\"page53R_mcid8\" class=\"markedContent\"><br role=\"presentation\" \/><span dir=\"ltr\" role=\"presentation\">2. Mantenga la bomba alejada de superficies calientes.<\/span><\/span><span id=\"page53R_mcid9\" class=\"markedContent\"><br role=\"presentation\" \/><span dir=\"ltr\" role=\"presentation\">3. Riesgo de explosi\u00f3n si se usa en presencia de anest\u00e9sicos inflamables.<\/span><\/span><span id=\"page53R_mcid10\" class=\"markedContent\"><br role=\"presentation\" \/><span dir=\"ltr\" role=\"presentation\">4. Reemplace el fusible como est\u00e1 marcado: T1A 250V.<\/span><\/span><span id=\"page53R_mcid11\" class=\"markedContent\"><br role=\"presentation\" \/><span dir=\"ltr\" role=\"presentation\">Entrada de energ\u00eda:<\/span> <span dir=\"ltr\" role=\"presentation\">\uff5e<\/span> <span dir=\"ltr\" role=\"presentation\">220V 50 \/ 60Hz, 0.1A<\/span><\/span><span id=\"page53R_mcid12\" class=\"markedContent\"><\/span><span id=\"page53R_mcid13\" class=\"markedContent\"><br role=\"presentation\" \/><\/span><\/p>\n<p><span id=\"page53R_mcid13\" class=\"markedContent\"><span dir=\"ltr\" role=\"presentation\">Especificaciones del producto<\/span><\/span><span id=\"page53R_mcid14\" class=\"markedContent\"><br role=\"presentation\" \/><span dir=\"ltr\" role=\"presentation\">\u2022<\/span> <span dir=\"ltr\" role=\"presentation\">PESO DEL COLCH\u00d3N:<\/span> <span dir=\"ltr\" role=\"presentation\">4,5 kg<\/span><\/span><span id=\"page53R_mcid15\" class=\"markedContent\"><br role=\"presentation\" \/><span dir=\"ltr\" role=\"presentation\">\u2022<\/span> <span dir=\"ltr\" role=\"presentation\">PESO BOMBA:<\/span> <span dir=\"ltr\" role=\"presentation\">1,4 kg<\/span><\/span><span id=\"page53R_mcid16\" class=\"markedContent\"><br role=\"presentation\" \/><span dir=\"ltr\" role=\"presentation\">\u2022<\/span> <span dir=\"ltr\" role=\"presentation\">POTENCIA DE FUNCIONAMIENTO:<\/span> <span dir=\"ltr\" role=\"presentation\">\uff5e<\/span> <span dir=\"ltr\" role=\"presentation\">220 V 50\/60 Hz, 0,1 A M<\/span><span dir=\"ltr\" role=\"presentation\">\u00c1<\/span><span dir=\"ltr\" role=\"presentation\">X<\/span><\/span><span id=\"page53R_mcid17\" class=\"markedContent\"><br role=\"presentation\" \/><span dir=\"ltr\" role=\"presentation\">\u2022<\/span> <span dir=\"ltr\" role=\"presentation\">FUSIBLES<\/span><span dir=\"ltr\" role=\"presentation\">.<\/span><span dir=\"ltr\" role=\"presentation\">:<\/span> <span dir=\"ltr\" role=\"presentation\">T1A 250V<\/span><\/span><\/p>\n<p>&nbsp;<\/p>\n<div id=\"attachment_8230\" style=\"width: 310px\" class=\"wp-caption alignnone\"><img fetchpriority=\"high\" decoding=\"async\" aria-describedby=\"caption-attachment-8230\" class=\"size-medium wp-image-8230\" src=\"https:\/\/deltamed.cl\/tienda\/wp-content\/uploads\/2021\/12\/Colchon-antiescaras-cilindrico-BM03-300x176.jpg\" alt=\"Colch\u00f3n antiescaras cil\u00edndrico BM03\" width=\"300\" height=\"176\" title=\"\" srcset=\"https:\/\/deltamed.cl\/tienda\/wp-content\/uploads\/2021\/12\/Colchon-antiescaras-cilindrico-BM03-300x176.jpg 300w, https:\/\/deltamed.cl\/tienda\/wp-content\/uploads\/2021\/12\/Colchon-antiescaras-cilindrico-BM03-768x449.jpg 768w, https:\/\/deltamed.cl\/tienda\/wp-content\/uploads\/2021\/12\/Colchon-antiescaras-cilindrico-BM03-600x351.jpg 600w, https:\/\/deltamed.cl\/tienda\/wp-content\/uploads\/2021\/12\/Colchon-antiescaras-cilindrico-BM03.jpg 800w\" sizes=\"(max-width: 300px) 100vw, 300px\" \/><p id=\"caption-attachment-8230\" class=\"wp-caption-text\">Colch\u00f3n antiescaras cil\u00edndrico BM03<\/p><\/div>\n","protected":false},"excerpt":{"rendered":"<p>Colch\u00f3n antiescaras cil\u00edndrico BM03<\/p>\n<p><span id=\"page3R_mcid3\" class=\"markedContent\"><span dir=\"ltr\" role=\"presentation\">El movimiento<\/span> <span dir=\"ltr\" role=\"presentation\">continuo<\/span> <span dir=\"ltr\" role=\"presentation\">proporcionado por el colch\u00f3n anti escaras <\/span><span dir=\"ltr\" role=\"presentation\">disminuye las \u00e1reas de presi\u00f3n constante y mejora la circulaci\u00f3n.<br \/>\nya que esta presi\u00f3n sobre las prominencias \u00f3seas son la principal causa de ulceras en la piel.<br \/>\n<\/span><span dir=\"ltr\" role=\"presentation\">El colch\u00f3n es para un usuario de un peso<\/span> <span dir=\"ltr\" role=\"presentation\">m\u00e1ximo<\/span> de<span dir=\"ltr\" role=\"presentation\">\u00a0135kg<\/span><span dir=\"ltr\" role=\"presentation\">.<\/span><\/span><\/p>\n<p><span id=\"page3R_mcid3\" class=\"markedContent\"><span dir=\"ltr\" role=\"presentation\"><br \/>\n<\/span><span dir=\"ltr\" role=\"presentation\">Cuenta con Certificaciones <\/span><span dir=\"ltr\" role=\"presentation\">CE, CB,<\/span> <span dir=\"ltr\" role=\"presentation\">ROHS y FDA<\/span><\/span><\/p>\n","protected":false},"featured_media":2958,"comment_status":"open","ping_status":"closed","template":"","meta":{"_acf_changed":false},"product_brand":[1091],"product_cat":[412,369],"product_tag":[611,612,614,613,585,105,616,615],"class_list":{"0":"post-2957","1":"product","2":"type-product","3":"status-publish","4":"has-post-thumbnail","6":"product_brand-deltamed","7":"product_cat-catre-arriendo","8":"product_cat-catre","9":"product_tag-anti-escaras","10":"product_tag-antiescaras","11":"product_tag-colchon-anti-escaras","12":"product_tag-colchon-antiescaras","13":"product_tag-deltamed","14":"product_tag-escara","15":"product_tag-parche","16":"product_tag-ulcera-por-presion","17":"product_shipping_class-pequeno","19":"first","20":"instock","21":"shipping-taxable","22":"purchasable","23":"product-type-simple"},"acf":[],"_links":{"self":[{"href":"https:\/\/deltamed.cl\/tienda\/wp-json\/wp\/v2\/product\/2957","targetHints":{"allow":["GET"]}}],"collection":[{"href":"https:\/\/deltamed.cl\/tienda\/wp-json\/wp\/v2\/product"}],"about":[{"href":"https:\/\/deltamed.cl\/tienda\/wp-json\/wp\/v2\/types\/product"}],"replies":[{"embeddable":true,"href":"https:\/\/deltamed.cl\/tienda\/wp-json\/wp\/v2\/comments?post=2957"}],"version-history":[{"count":4,"href":"https:\/\/deltamed.cl\/tienda\/wp-json\/wp\/v2\/product\/2957\/revisions"}],"predecessor-version":[{"id":8232,"href":"https:\/\/deltamed.cl\/tienda\/wp-json\/wp\/v2\/product\/2957\/revisions\/8232"}],"wp:featuredmedia":[{"embeddable":true,"href":"https:\/\/deltamed.cl\/tienda\/wp-json\/wp\/v2\/media\/2958"}],"wp:attachment":[{"href":"https:\/\/deltamed.cl\/tienda\/wp-json\/wp\/v2\/media?parent=2957"}],"wp:term":[{"taxonomy":"product_brand","embeddable":true,"href":"https:\/\/deltamed.cl\/tienda\/wp-json\/wp\/v2\/product_brand?post=2957"},{"taxonomy":"product_cat","embeddable":true,"href":"https:\/\/deltamed.cl\/tienda\/wp-json\/wp\/v2\/product_cat?post=2957"},{"taxonomy":"product_tag","embeddable":true,"href":"https:\/\/deltamed.cl\/tienda\/wp-json\/wp\/v2\/product_tag?post=2957"}],"curies":[{"name":"wp","href":"https:\/\/api.w.org\/{rel}","templated":true}]}}