{"id":2954,"date":"2021-12-28T15:46:26","date_gmt":"2021-12-28T18:46:26","guid":{"rendered":"https:\/\/deltamed.cl\/tienda\/?post_type=product&#038;p=2954"},"modified":"2026-04-30T21:30:18","modified_gmt":"2026-05-01T00:30:18","slug":"aposito-alg-calcio-5x5-cj-x-20u-cranberry","status":"publish","type":"product","link":"https:\/\/deltamed.cl\/tienda\/producto\/aposito-alg-calcio-5x5-cj-x-20u-cranberry\/","title":{"rendered":"Ap\u00f3sito de alginato de calcio 5x5cm Cranberry"},"content":{"rendered":"<p>Ap\u00f3sito de alginato de calcio 5x5cm Cranberry<br \/>\nCaja de\u00a020 unidades<\/p>\n<p>Ap\u00f3sito bioactivo tipo almohadilla, ideal para heridas y\/o \u00falceras con moderada a abundante exudado. En volumen absorben hasta 20 veces su peso. Al entrar en contacto con la herida se absorben los iones de sodio y se libera el calcio, formando un gel que da un ambiente h\u00famedo favoreciendo la angiog\u00e9nesis (crecimiento celular de tejido sano). Este gel disminuye el olor en una herida y es biodegradable. En espacios muertos o cavidades, el alginato se debe aplicar de manera holgada y en forma de espiral para evitar isquemia.<\/p>\n<p>Caracter\u00edsticas:<\/p>\n<p>&#8211; Absorci\u00f3n: Moderado a abundante.<br \/>\n&#8211; Humedad: Mantiene la humedad, sin macerar los bordes sanos.<br \/>\n&#8211; Mantenci\u00f3n de temperatura: Mantiene temperatura fisiol\u00f3gica.<br \/>\n&#8211; Acci\u00f3n fibrinol\u00edtica: Posee una alta acci\u00f3n fibrinol\u00edtica, al mantener la humedad y temperatura en la herida, sumando la acci\u00f3n de los iones de calcio es eficaz eliminando el tejido de fibrina.<br \/>\n&#8211; Requiere ap\u00f3sito secundario: Siempre requiere de ap\u00f3sito secundario, ya que el alginato arrastra la secreci\u00f3n de la herida y el tejido esfacelado.<\/p>\n","protected":false},"excerpt":{"rendered":"<p>Ap\u00f3sito de alginato de calcio 5x5cm Cranberry<br \/>\nCaja de 20 unidades<\/p>\n<p>Ap\u00f3sito bioactivo tipo almohadilla, ideal para heridas y\/o \u00falceras con moderada a abundante exudado. En volumen absorben hasta 20 veces su peso. Al entrar en contacto con la herida se absorben los iones de sodio y se libera el calcio, formando un gel que da un ambiente h\u00famedo favoreciendo la angiog\u00e9nesis (crecimiento celular de tejido sano). Este gel disminuye el olor en una herida y es biodegradable. En espacios muertos o cavidades, el alginato se debe aplicar de manera holgada y en forma de espiral para evitar isquemia.<\/p>\n","protected":false},"featured_media":2955,"comment_status":"open","ping_status":"closed","template":"","meta":{"_acf_changed":false},"product_brand":[1087],"product_cat":[94,371,36,395],"product_tag":[617,618,119,542,659],"class_list":{"0":"post-2954","1":"product","2":"type-product","3":"status-publish","4":"has-post-thumbnail","6":"product_brand-cranberry","7":"product_cat-insumos-desechables","8":"product_cat-apositos-gasas","9":"product_cat-tratamiento-de-herida","10":"product_cat-apositos","11":"product_tag-alginato","12":"product_tag-alginato-de-calcio","13":"product_tag-cranberry","14":"product_tag-curacion","15":"product_tag-escaras","16":"product_shipping_class-extra-pequeno","18":"first","19":"instock","20":"shipping-taxable","21":"purchasable","22":"product-type-simple"},"acf":[],"_links":{"self":[{"href":"https:\/\/deltamed.cl\/tienda\/wp-json\/wp\/v2\/product\/2954","targetHints":{"allow":["GET"]}}],"collection":[{"href":"https:\/\/deltamed.cl\/tienda\/wp-json\/wp\/v2\/product"}],"about":[{"href":"https:\/\/deltamed.cl\/tienda\/wp-json\/wp\/v2\/types\/product"}],"replies":[{"embeddable":true,"href":"https:\/\/deltamed.cl\/tienda\/wp-json\/wp\/v2\/comments?post=2954"}],"version-history":[{"count":3,"href":"https:\/\/deltamed.cl\/tienda\/wp-json\/wp\/v2\/product\/2954\/revisions"}],"predecessor-version":[{"id":11624,"href":"https:\/\/deltamed.cl\/tienda\/wp-json\/wp\/v2\/product\/2954\/revisions\/11624"}],"wp:featuredmedia":[{"embeddable":true,"href":"https:\/\/deltamed.cl\/tienda\/wp-json\/wp\/v2\/media\/2955"}],"wp:attachment":[{"href":"https:\/\/deltamed.cl\/tienda\/wp-json\/wp\/v2\/media?parent=2954"}],"wp:term":[{"taxonomy":"product_brand","embeddable":true,"href":"https:\/\/deltamed.cl\/tienda\/wp-json\/wp\/v2\/product_brand?post=2954"},{"taxonomy":"product_cat","embeddable":true,"href":"https:\/\/deltamed.cl\/tienda\/wp-json\/wp\/v2\/product_cat?post=2954"},{"taxonomy":"product_tag","embeddable":true,"href":"https:\/\/deltamed.cl\/tienda\/wp-json\/wp\/v2\/product_tag?post=2954"}],"curies":[{"name":"wp","href":"https:\/\/api.w.org\/{rel}","templated":true}]}}