{"id":2939,"date":"2021-12-27T16:17:26","date_gmt":"2021-12-27T19:17:26","guid":{"rendered":"https:\/\/deltamed.cl\/tienda\/?post_type=product&#038;p=2939"},"modified":"2026-02-27T13:52:27","modified_gmt":"2026-02-27T16:52:27","slug":"mascarilla-venturi-adulto-cranberry","status":"publish","type":"product","link":"https:\/\/deltamed.cl\/tienda\/producto\/mascarilla-venturi-adulto-cranberry\/","title":{"rendered":"Mascarilla venturi adulto Cranberry"},"content":{"rendered":"<p>Mascarilla venturi adulto Cranberry<\/p>\n<p>La mascarilla de oxigeno tipo venturi es un dispositivo medico con v\u00eda de alimentaci\u00f3n y conector para toma de oxigeno universal. Permite administrar ox\u00edgeno (O2) a diferentes concentraciones gracias a una v\u00e1lvula con la cual se combina la entrada de O2 por la tubuladura y la mezcla con aire por la ventanilla incorporada.<\/p>\n<div id=\"content\" class=\"site-content container\">\n<div id=\"primary\" class=\"content-area col-sm-12 col-md-8 pull-left\">\n<div id=\"main\" class=\"site-main\" role=\"main\">\n<div id=\"product-2318\" class=\"post-2318 product type-product status-publish has-post-thumbnail product_cat-insumos-medicos-desechables product_cat-mascarillas first instock purchasable product-type-simple\">\n<div class=\"woocommerce-tabs wc-tabs-wrapper\">\n<div id=\"tab-description\" class=\"woocommerce-Tabs-panel woocommerce-Tabs-panel--description panel entry-content wc-tab\" role=\"tabpanel\" aria-labelledby=\"tab-title-description\">\n<p>Estas mascarillas succionan el aire del medio ambiente y lo mezclan con el flujo de ox\u00edgeno. Este sistema ofrece altos flujos de gas en una FiO2 fija. Se obtienen concentraciones de O2 inspirado de una forma m\u00e1s exacta, independientemente del patr\u00f3n ventilatorio del paciente.<\/p>\n<p>Estas\u00a0mascarillas de ox\u00edgeno\u00a0tienen las mismas caracter\u00edsticas que las mascarillas simples pero con la diferencia de que en su parte inferior posee un dispositivo que permite regular la concentraci\u00f3n de ox\u00edgeno que se est\u00e1 administrando. Esto se consigue mediante un orificio o ventana regulable que posee este dispositivo en la parte inferior. En el cuerpo normalmente viene indicado el flujo que hay que elegir en el caudal\u00edmetro para conseguir la FiO2 deseada.<\/p>\n<p>AAMVENTA<\/p>\n<\/div>\n<\/div>\n<\/div>\n<\/div>\n<\/div>\n<div id=\"secondary\" class=\"widget-area col-sm-12 col-md-4\" role=\"complementary\"><\/div>\n<\/div>\n<div id=\"footer-area\">\n<div class=\"container footer-inner\">\n<div class=\"footer-widget-area\">\n<div class=\"col-sm-6 col-md-4 footer-widget\" role=\"complementary\">\n<div id=\"text-2\" class=\"widget widget_text\"><\/div>\n<\/div>\n<\/div>\n<\/div>\n<\/div>\n","protected":false},"excerpt":{"rendered":"<p>Mascarilla venturi adulto Cranberry<\/p>\n<p>La mascarilla de oxigeno tipo venturi es un dispositivo medico con v\u00eda de alimentaci\u00f3n y conector para toma de oxigeno universal. Permite administrar ox\u00edgeno (O2) a diferentes concentraciones gracias a una v\u00e1lvula con la cual se combina la entrada de O2 por la tubuladura y la mezcla con aire por la ventanilla incorporada.<\/p>\n<div id=\"content\" class=\"site-content container\">\n<div id=\"primary\" class=\"content-area col-sm-12 col-md-8 pull-left\">\n<div id=\"main\" class=\"site-main\" role=\"main\">\n<div id=\"product-2318\" class=\"post-2318 product type-product status-publish has-post-thumbnail product_cat-insumos-medicos-desechables product_cat-mascarillas first instock purchasable product-type-simple\">\n<div class=\"woocommerce-tabs wc-tabs-wrapper\">\n<div id=\"tab-description\" class=\"woocommerce-Tabs-panel woocommerce-Tabs-panel--description panel entry-content wc-tab\" role=\"tabpanel\" aria-labelledby=\"tab-title-description\">\n<p>Estas mascarillas succionan el aire del medio ambiente y lo mezclan con el flujo de ox\u00edgeno. Este sistema ofrece altos flujos de gas en una FiO2 fija. Se obtienen concentraciones de O2 inspirado de una forma m\u00e1s exacta, independientemente del patr\u00f3n ventilatorio del paciente.<\/p>\n<\/div>\n<\/div>\n<\/div>\n<\/div>\n<\/div>\n<\/div>\n","protected":false},"featured_media":2940,"comment_status":"open","ping_status":"closed","template":"","meta":{"_acf_changed":false},"product_brand":[1087],"product_cat":[94,381],"product_tag":[119],"class_list":{"0":"post-2939","1":"product","2":"type-product","3":"status-publish","4":"has-post-thumbnail","6":"product_brand-cranberry","7":"product_cat-insumos-desechables","8":"product_cat-mascarillas","9":"product_tag-cranberry","10":"product_shipping_class-extra-pequeno","12":"first","13":"outofstock","14":"shipping-taxable","15":"purchasable","16":"product-type-simple"},"acf":[],"_links":{"self":[{"href":"https:\/\/deltamed.cl\/tienda\/wp-json\/wp\/v2\/product\/2939","targetHints":{"allow":["GET"]}}],"collection":[{"href":"https:\/\/deltamed.cl\/tienda\/wp-json\/wp\/v2\/product"}],"about":[{"href":"https:\/\/deltamed.cl\/tienda\/wp-json\/wp\/v2\/types\/product"}],"replies":[{"embeddable":true,"href":"https:\/\/deltamed.cl\/tienda\/wp-json\/wp\/v2\/comments?post=2939"}],"version-history":[{"count":1,"href":"https:\/\/deltamed.cl\/tienda\/wp-json\/wp\/v2\/product\/2939\/revisions"}],"predecessor-version":[{"id":11339,"href":"https:\/\/deltamed.cl\/tienda\/wp-json\/wp\/v2\/product\/2939\/revisions\/11339"}],"wp:featuredmedia":[{"embeddable":true,"href":"https:\/\/deltamed.cl\/tienda\/wp-json\/wp\/v2\/media\/2940"}],"wp:attachment":[{"href":"https:\/\/deltamed.cl\/tienda\/wp-json\/wp\/v2\/media?parent=2939"}],"wp:term":[{"taxonomy":"product_brand","embeddable":true,"href":"https:\/\/deltamed.cl\/tienda\/wp-json\/wp\/v2\/product_brand?post=2939"},{"taxonomy":"product_cat","embeddable":true,"href":"https:\/\/deltamed.cl\/tienda\/wp-json\/wp\/v2\/product_cat?post=2939"},{"taxonomy":"product_tag","embeddable":true,"href":"https:\/\/deltamed.cl\/tienda\/wp-json\/wp\/v2\/product_tag?post=2939"}],"curies":[{"name":"wp","href":"https:\/\/api.w.org\/{rel}","templated":true}]}}