{"id":2932,"date":"2021-12-24T14:12:58","date_gmt":"2021-12-24T17:12:58","guid":{"rendered":"https:\/\/deltamed.cl\/tienda\/?post_type=product&#038;p=2932"},"modified":"2026-03-12T13:46:42","modified_gmt":"2026-03-12T16:46:42","slug":"compresa-de-rodilla-multi-uso","status":"publish","type":"product","link":"https:\/\/deltamed.cl\/tienda\/producto\/compresa-de-rodilla-multi-uso\/","title":{"rendered":"Compresa de rodilla multi uso"},"content":{"rendered":"<p>Compresa de rodilla multi uso<\/p>\n<p>La Compresa de gel para la Rodilla es reutilizable, se puede congelar o calentar seg\u00fan el efecto deseado.<\/p>\n<p>Modo de uso con fr\u00edo:<\/p>\n<p>1. Congelar en freezer por un m\u00ednimo de dos horas.<br \/>\n2. Colocar en la zona afectada por per\u00edodos de 20 minutos, dejando descansar 10 minutos entre aplicaciones.<br \/>\n3. Se puede reutilizar repitiendo los pasos 1 y 2.<\/p>\n<p>Modo de uso con calor:<\/p>\n<p>En calor mejora la circulaci\u00f3n. Caliente en un recipiente de agua caliente hasta alcanzar la temperatura deseada. Aplicar en la zona afectada. Tenga cuidado de no calentar demasiado porque podr\u00eda quemarse o da\u00f1ar el producto.<br \/>\nRecomendaci\u00f3n:- Alivio del dolor.- Inflamaci\u00f3n.- Edema.- Contusi\u00f3n.<\/p>\n","protected":false},"excerpt":{"rendered":"<p>Compresa de rodilla multi uso<\/p>\n<p>La Compresa de gel para la Rodilla es reutilizable, se puede congelar o calentar seg\u00fan el efecto deseado.<\/p>\n","protected":false},"featured_media":2933,"comment_status":"open","ping_status":"closed","template":"","meta":{"_acf_changed":false},"product_brand":[],"product_cat":[37,389,235],"product_tag":[],"class_list":{"0":"post-2932","1":"product","2":"type-product","3":"status-publish","4":"has-post-thumbnail","6":"product_cat-kinesiologia","7":"product_cat-compresas","8":"product_cat-ortopedia","9":"product_shipping_class-pequeno","11":"first","12":"instock","13":"shipping-taxable","14":"purchasable","15":"product-type-simple"},"acf":[],"_links":{"self":[{"href":"https:\/\/deltamed.cl\/tienda\/wp-json\/wp\/v2\/product\/2932","targetHints":{"allow":["GET"]}}],"collection":[{"href":"https:\/\/deltamed.cl\/tienda\/wp-json\/wp\/v2\/product"}],"about":[{"href":"https:\/\/deltamed.cl\/tienda\/wp-json\/wp\/v2\/types\/product"}],"replies":[{"embeddable":true,"href":"https:\/\/deltamed.cl\/tienda\/wp-json\/wp\/v2\/comments?post=2932"}],"version-history":[{"count":2,"href":"https:\/\/deltamed.cl\/tienda\/wp-json\/wp\/v2\/product\/2932\/revisions"}],"predecessor-version":[{"id":11292,"href":"https:\/\/deltamed.cl\/tienda\/wp-json\/wp\/v2\/product\/2932\/revisions\/11292"}],"wp:featuredmedia":[{"embeddable":true,"href":"https:\/\/deltamed.cl\/tienda\/wp-json\/wp\/v2\/media\/2933"}],"wp:attachment":[{"href":"https:\/\/deltamed.cl\/tienda\/wp-json\/wp\/v2\/media?parent=2932"}],"wp:term":[{"taxonomy":"product_brand","embeddable":true,"href":"https:\/\/deltamed.cl\/tienda\/wp-json\/wp\/v2\/product_brand?post=2932"},{"taxonomy":"product_cat","embeddable":true,"href":"https:\/\/deltamed.cl\/tienda\/wp-json\/wp\/v2\/product_cat?post=2932"},{"taxonomy":"product_tag","embeddable":true,"href":"https:\/\/deltamed.cl\/tienda\/wp-json\/wp\/v2\/product_tag?post=2932"}],"curies":[{"name":"wp","href":"https:\/\/api.w.org\/{rel}","templated":true}]}}