{"id":2930,"date":"2021-12-24T10:59:22","date_gmt":"2021-12-24T13:59:22","guid":{"rendered":"https:\/\/deltamed.cl\/tienda\/?post_type=product&#038;p=2930"},"modified":"2026-02-27T13:30:38","modified_gmt":"2026-02-27T16:30:38","slug":"lampara-cuello-flexible-4-rueda","status":"publish","type":"product","link":"https:\/\/deltamed.cl\/tienda\/producto\/lampara-cuello-flexible-4-rueda\/","title":{"rendered":"Lampara cuello flexible 4 rueda"},"content":{"rendered":"<p>Lampara cuello flexible 4 rueda<\/p>\n<p>L\u00e1mpara quir\u00fargica para examen m\u00e9dico. Lampara de cuello flexible de 21W tipo LED.<\/p>\n<p>Las l\u00e1mparas de LED consumen aproximadamente un 80% menos energ\u00eda el\u00e9ctrica que un foco com\u00fan. El flujo de la luz en las l\u00e1mparas LED permite dirigirla al \u00e1rea que se desee sin perder energ\u00eda en haces de luz que van en otras direcciones (como es el caso de los focos comunes) as\u00ed se incrementa la uniformidad lum\u00ednica y se reduce la p\u00e9rdida de iluminaci\u00f3n entre fuentes de luz.<br \/>\nSu cuello flexible permite curvar para direccionar la luz seg\u00fan se necesite. Cuenta con un interruptor on\/off y una perilla para regular su intensidad.<\/p>\n<p>\u2022 Estructura de acero en tubo 7\/8 x 10.<br \/>\n\u2022 Perfil 20 x 30 x 1,5 y tubo \u00be x 10.<br \/>\n\u2022 4 ruedas giratorias de 2\u201d pulgadas.<br \/>\n\u2022 Pintura electroest\u00e1tica.<br \/>\n\u2022 Perillas 5\/16 para regulaci\u00f3n de altura.<br \/>\n\u2022 Pantalla y flexible esmaltado.<br \/>\n\u2022 Tubo porta flexible cromado.<br \/>\n\u2022 Interruptor en pantalla.<br \/>\n\u2022 Cable para enchufe 2 mts. aproximado.<br \/>\n\u2022 Peso 3,5 kgs. Aprox.<br \/>\n\u2022 Medidas 40 x 40 x 180 cms.<\/p>\n","protected":false},"excerpt":{"rendered":"<p>Lampara cuello flexible 4 rueda<\/p>\n<p>L\u00e1mpara quir\u00fargica para examen m\u00e9dico. Lampara de cuello flexible de 21W tipo LED.<\/p>\n<p>Las l\u00e1mparas de LED consumen aproximadamente un 80% menos energ\u00eda el\u00e9ctrica que un foco com\u00fan. El flujo de la luz en las l\u00e1mparas LED permite dirigirla al \u00e1rea que se desee sin perder energ\u00eda en haces de luz que van en otras direcciones (como es el caso de los focos comunes) as\u00ed se incrementa la uniformidad lum\u00ednica y se reduce la p\u00e9rdida de iluminaci\u00f3n entre fuentes de luz.<br \/>\nSu cuello flexible permite curvar para direccionar la luz seg\u00fan se necesite. Cuenta con un interruptor on\/off y una perilla para regular su intensidad.<\/p>\n<p>&nbsp;<\/p>\n","protected":false},"featured_media":2931,"comment_status":"open","ping_status":"closed","template":"","meta":{"_acf_changed":false},"product_brand":[],"product_cat":[101],"product_tag":[],"class_list":{"0":"post-2930","1":"product","2":"type-product","3":"status-publish","4":"has-post-thumbnail","6":"product_cat-mobiliario","7":"product_shipping_class-grande","9":"first","10":"outofstock","11":"shipping-taxable","12":"purchasable","13":"product-type-simple"},"acf":[],"_links":{"self":[{"href":"https:\/\/deltamed.cl\/tienda\/wp-json\/wp\/v2\/product\/2930","targetHints":{"allow":["GET"]}}],"collection":[{"href":"https:\/\/deltamed.cl\/tienda\/wp-json\/wp\/v2\/product"}],"about":[{"href":"https:\/\/deltamed.cl\/tienda\/wp-json\/wp\/v2\/types\/product"}],"replies":[{"embeddable":true,"href":"https:\/\/deltamed.cl\/tienda\/wp-json\/wp\/v2\/comments?post=2930"}],"version-history":[{"count":0,"href":"https:\/\/deltamed.cl\/tienda\/wp-json\/wp\/v2\/product\/2930\/revisions"}],"wp:featuredmedia":[{"embeddable":true,"href":"https:\/\/deltamed.cl\/tienda\/wp-json\/wp\/v2\/media\/2931"}],"wp:attachment":[{"href":"https:\/\/deltamed.cl\/tienda\/wp-json\/wp\/v2\/media?parent=2930"}],"wp:term":[{"taxonomy":"product_brand","embeddable":true,"href":"https:\/\/deltamed.cl\/tienda\/wp-json\/wp\/v2\/product_brand?post=2930"},{"taxonomy":"product_cat","embeddable":true,"href":"https:\/\/deltamed.cl\/tienda\/wp-json\/wp\/v2\/product_cat?post=2930"},{"taxonomy":"product_tag","embeddable":true,"href":"https:\/\/deltamed.cl\/tienda\/wp-json\/wp\/v2\/product_tag?post=2930"}],"curies":[{"name":"wp","href":"https:\/\/api.w.org\/{rel}","templated":true}]}}