{"id":292,"date":"2020-12-14T14:57:23","date_gmt":"2020-12-14T17:57:23","guid":{"rendered":"https:\/\/deltamed.cl\/tienda\/?post_type=product&#038;p=292"},"modified":"2026-03-06T16:35:51","modified_gmt":"2026-03-06T19:35:51","slug":"bolsa-drenable-colostomia-esteem-opaca-416975-convatec","status":"publish","type":"product","link":"https:\/\/deltamed.cl\/tienda\/producto\/bolsa-drenable-colostomia-esteem-opaca-416975-convatec\/","title":{"rendered":"Bolsa drenable colostom\u00eda esteem opaca 416975 convatec"},"content":{"rendered":"<p>Bolsa drenable colostom\u00eda esteem opaca 416975 convatec<\/p>\n<p><strong>Contenido: <\/strong>Caja x 10 unidades<\/p>\n<p><b>Descripci\u00f3n<\/b><strong>:<\/strong><\/p>\n<ul>\n<li>Sistema de una pieza para ostom\u00edas digestivas con bolsa drenable y disco de protecci\u00f3n cut\u00e1neo Durahesive Plus recortable.<\/li>\n<li>El disco permite recortar su abertura para que se ajuste a la forma y tama\u00f1o del estoma entre 19-64 mm.<\/li>\n<li>La bolsa se encuentra envuelta por un panel confort de cubierta suave.<\/li>\n<li>La versi\u00f3n opaca tiene una apertura (ventana) que permite visualizar el estoma y e\ufb02uente.<\/li>\n<li>Las bolsas poseen un \ufb01ltro de carb\u00f3n activado que minimiza los olores y gases.<\/li>\n<li>No necesitan pinzas pues tienen incorporadas cierre con velcro \u201cInvisiClose\u201d.<\/li>\n<li>Medida Aro: 19-64 mm Recortable<\/li>\n<li>Modelo Convatec: 416975<\/li>\n<li>L\u00ednea: STEEM PLUS\u00ae<\/li>\n<li>Sistema todo en uno, no requiere placa aparte.<\/li>\n<\/ul>\n<p><strong>Recomendaciones de uso:<\/strong><\/p>\n<ul>\n<li>Se recomienda leer el instructivo de aplicaci\u00f3n disponible en el empaque antes de su utilizaci\u00f3n.<br \/>\nMedir el di\u00e1metro del estoma y valorar las condiciones de la piel circundante<\/li>\n<li>Limpiar la piel periostomal con agua y jab\u00f3n suave. Secar perfectamente el \u00e1rea.<\/li>\n<li>Recortar el disco de acuerdo al tama\u00f1o del estoma cuidando de no cortar<\/li>\n<li>Una vez cortado el disco de protecci\u00f3n del tama\u00f1o deseado, retirar el antiadherente y colocar sobre el cuerpo. Sostener durante 30 segundos.<\/li>\n<li>No colocar pinza de cierre en la parte distal de la bolsa. Realizar tres vueltas y utilizar cierre \u201cInvisiClose\u201d.<\/li>\n<li>Voltear al rev\u00e9s el extremo de la bolsa para utilizar bolsillo de seguridad \u201cLock-it Pocket\u201d.<\/li>\n<\/ul>\n<p><b>Composici\u00f3n<\/b><strong>:<\/strong><\/p>\n<ul>\n<li>Barrera protectora de piel Durahesive Plus compuesta por carboximetilcelulosa s\u00f3dica, pectina, gelatina, poli isobutileno, goma but\u00edlica, estireno-isopreno-estireno, metano tetrakis y \u00e9ster de pentaeritriol, suspendidos en una pel\u00edcula de polietileno.<\/li>\n<li>Bolsa recolectora: etilenvinil acetato \/ cloruro de polivinilideno (PVDC por sus siglas en ingl\u00e9s) y colorante (en bolsas opacas); panel de confort: fibra de polietileno \/ polietilen-tereftalato; sistema de cierre de la bolsa: tira de adhesivo de poliestireno, cinta de cierre de cremallera: cinta en polipropileno, adhesivo de caucho; pesta\u00f1a: etilenvinil acetato; filtro con membrana m\u00e9dica, protecci\u00f3n del filtro en l\u00e1mina de polietileno.<\/li>\n<\/ul>\n<p><strong>Beneficios:<\/strong><\/p>\n<ul>\n<li>Protecci\u00f3n de la Piel: Las sustancias hidrocoloides absorben la humedad y tienen capacidad de regenerar la piel irritada.<\/li>\n<li>Hidrocoloide Durahesive: Recomendado para estomas con e\ufb02uentes semil\u00edquidos y l\u00edquidos. Mayor protecci\u00f3n para la piel.<\/li>\n<li>Adhesi\u00f3n seco a h\u00famedo: El disco protector de piel Durahesive Plus y el hidrocoloide de la bolsa, se adhiere a la piel seca y absorbe la humedad producida por la transpiraci\u00f3n, manteniendo la piel \u00edntegra y protegida.<\/li>\n<li>Recortable: Adaptable a diferentes tama\u00f1os y tipos de estoma desde 19 hasta 64 mm.<\/li>\n<li>Bolsa recolectora: Elaborada con pl\u00e1stico PVC resistente a fugas, segura y c\u00f3moda para el paciente.<\/li>\n<li>Versione opaca envuelta por una cubierta suave.<\/li>\n<li>Cierre de cola InvisiClose \u00ae y filtro antiolores.<\/li>\n<\/ul>\n","protected":false},"excerpt":{"rendered":"<p>Bolsa drenable colostom\u00eda esteem opaca 416975 convatec<\/p>\n<p><strong>Descripci\u00f3n:\u00a0<\/strong>El sistema de una sola pieza es suave con la piel, sin dejar de ser seguro y f\u00e1cil de usar, Flexible y discreto, es la soluci\u00f3n todo en uno, que combina la barrera cut\u00e1nea y la bolsa en una sola unidad, lo que permite una experiencia simple, segura y c\u00f3moda. Disponible con la tecnolog\u00eda Durahesive que se adhiere a la piel y la protege del deterioro.<\/p>\n<p>El disco recortable es de (19-64 mm de recorte). El disco permite recortar su abertura para que se ajuste a la forma y tama\u00f1o del estoma.<\/p>\n<p><strong>Contenido: <\/strong>Caja x 10 unidades.<\/p>\n<p>&nbsp;<\/p>\n","protected":false},"featured_media":296,"comment_status":"open","ping_status":"closed","template":"","meta":{"_acf_changed":false},"product_brand":[1089],"product_cat":[35],"product_tag":[176,67,66,159,585,175,68],"class_list":{"0":"post-292","1":"product","2":"type-product","3":"status-publish","4":"has-post-thumbnail","6":"product_brand-convatec","7":"product_cat-ostomia","8":"product_tag-176","9":"product_tag-bolsa","10":"product_tag-colostomia","11":"product_tag-convatec","12":"product_tag-deltamed","13":"product_tag-esteem","14":"product_tag-ostomia","15":"product_shipping_class-extra-pequeno","17":"first","18":"instock","19":"shipping-taxable","20":"purchasable","21":"product-type-simple"},"acf":[],"_links":{"self":[{"href":"https:\/\/deltamed.cl\/tienda\/wp-json\/wp\/v2\/product\/292","targetHints":{"allow":["GET"]}}],"collection":[{"href":"https:\/\/deltamed.cl\/tienda\/wp-json\/wp\/v2\/product"}],"about":[{"href":"https:\/\/deltamed.cl\/tienda\/wp-json\/wp\/v2\/types\/product"}],"replies":[{"embeddable":true,"href":"https:\/\/deltamed.cl\/tienda\/wp-json\/wp\/v2\/comments?post=292"}],"version-history":[{"count":4,"href":"https:\/\/deltamed.cl\/tienda\/wp-json\/wp\/v2\/product\/292\/revisions"}],"predecessor-version":[{"id":7861,"href":"https:\/\/deltamed.cl\/tienda\/wp-json\/wp\/v2\/product\/292\/revisions\/7861"}],"wp:featuredmedia":[{"embeddable":true,"href":"https:\/\/deltamed.cl\/tienda\/wp-json\/wp\/v2\/media\/296"}],"wp:attachment":[{"href":"https:\/\/deltamed.cl\/tienda\/wp-json\/wp\/v2\/media?parent=292"}],"wp:term":[{"taxonomy":"product_brand","embeddable":true,"href":"https:\/\/deltamed.cl\/tienda\/wp-json\/wp\/v2\/product_brand?post=292"},{"taxonomy":"product_cat","embeddable":true,"href":"https:\/\/deltamed.cl\/tienda\/wp-json\/wp\/v2\/product_cat?post=292"},{"taxonomy":"product_tag","embeddable":true,"href":"https:\/\/deltamed.cl\/tienda\/wp-json\/wp\/v2\/product_tag?post=292"}],"curies":[{"name":"wp","href":"https:\/\/api.w.org\/{rel}","templated":true}]}}