{"id":287,"date":"2020-12-16T15:43:05","date_gmt":"2020-12-16T18:43:05","guid":{"rendered":"https:\/\/deltamed.cl\/tienda\/?post_type=product&#038;p=287"},"modified":"2026-03-16T18:46:57","modified_gmt":"2026-03-16T21:46:57","slug":"guante-vinilo-sin-polvo-tresor","status":"publish","type":"product","link":"https:\/\/deltamed.cl\/tienda\/producto\/guante-vinilo-sin-polvo-tresor\/","title":{"rendered":"Guante vinilo sin polvo Tresor"},"content":{"rendered":"<p>Guante vinilo sin polvo Tresor<\/p>\n<p>Guante examen vinilo azul libre de polvo Tresor\u00a0 son una excelente barrera de protecci\u00f3n personal. Se usan en<br \/>\nprocedimientos o tareas cortas no as\u00e9pticas en que se requiera mayor resistencia a<br \/>\n\u00e1cidos, grasas y alcoholes.<\/p>\n<p>Ideal para personas alergicas al latex.<\/p>\n<p><strong>ESPECIFICACIONES T\u00c9CNICAS<\/strong><\/p>\n<p>Funci\u00f3n:\u00a0Los guantes de vinilo son una excelente barrera de protecci\u00f3n personal, ideal para al\u00e9rgicos al l\u00e1tex. Se usan en procedimientos o tareas cortas no as\u00e9pticas en que se requiera mayor resistencia a \u00e1cidos, grasas y alcoholes.<\/p>\n<div>L\u00e1tex: No<\/div>\n<div><\/div>\n<div>Est\u00e9ril: No<\/div>\n<div><\/div>\n<div>Vigencia:\u00a05 a\u00f1os a partir de la fecha de fabricaci\u00f3n indicada en el empaque.<\/div>\n<div><\/div>\n<p><strong>CARACTER\u00cdSTICAS DEL PRODUCTO<br \/>\n<\/strong><\/p>\n<div>Caja de 100 unidades (50 pares)<\/div>\n<div><\/div>\n<div>Anat\u00f3mico: Si<\/div>\n<div><\/div>\n<div>Microtexturado: No<\/div>\n<div><\/div>\n<div>Hipoalerg\u00e9nico: Si<\/div>\n<div><\/div>\n<div>Resistente: Si<\/div>\n<div><\/div>\n<div>Elasticidad: Baja<\/div>\n<div><\/div>\n<div>&#8211; Guante anat\u00f3mico, que disminuye la fatigabilidad en sus manos<\/div>\n<div>&#8211; Textura suave.<\/div>\n<div>&#8211; Producto sint\u00e9tico que disminuye al m\u00ednimo alergias y\/o problemas cut\u00e1neos.<\/div>\n<p>&#8211; Seg\u00fan \u201cguante m\u00e9dico manual de orientaci\u00f3n 2008 se recomienda que el guante sin polvo tenga menos de 2mg x guante\u201d. Tresor trabaja con menos de 1mg x guante de polvo, transform\u00e1ndose en un producto con una bioseguridad aumentada. Referencia Warning FDA, enero 2017.<\/p>\n<p><strong>CERTIFICACIONES<\/strong><\/p>\n<div>Certificaciones de la empresa y\/o producto:<\/div>\n<div>&#8211; Certificado Libre L\u00e1tex.<\/div>\n<div>&#8211; ISO certificate 13485-2012.<\/div>\n<div>&#8211; EC certificate 93\/42\/EEC.<\/div>\n<div>&#8211; Gmp: certificado de buenas pr\u00e1cticas de manufactura.<\/div>\n<p>Vigencia 5 a\u00f1os a partir de la fecha del empaque.<\/p>\n<p>&nbsp;<\/p>\n","protected":false},"excerpt":{"rendered":"<p>Guante vinilo sin polvo Tresor<\/p>\n<p>Los guantes de vinilo son una excelente barrera de protecci\u00f3n personal. Se usan en<br \/>\nprocedimientos o tareas cortas no as\u00e9pticas en que se requiera mayor resistencia a<br \/>\n\u00e1cidos, grasas y alcoholes.<\/p>\n<p>Ideal para personas alergicas al latex.<\/p>\n<p><strong>ESPECIFICACIONES T\u00c9CNICAS<\/strong><\/p>\n<p>Funci\u00f3n:\u00a0Los guantes de vinilo son una excelente barrera de protecci\u00f3n personal, ideal para al\u00e9rgicos al l\u00e1tex. Se usan en procedimientos o tareas cortas no as\u00e9pticas en que se requiera mayor resistencia a \u00e1cidos, grasas y alcoholes.<\/p>\n<div>L\u00e1tex: No<\/div>\n<div><\/div>\n<div>Est\u00e9ril: No<\/div>\n<div><\/div>\n<div>Vigencia:\u00a05 a\u00f1os a partir de la fecha de fabricaci\u00f3n indicada en el empaque.<\/div>\n<div><\/div>\n","protected":false},"featured_media":6289,"comment_status":"open","ping_status":"closed","template":"","meta":{"_acf_changed":false},"product_brand":[],"product_cat":[94,379],"product_tag":[172,703,173,174],"class_list":{"0":"post-287","1":"product","2":"type-product","3":"status-publish","4":"has-post-thumbnail","6":"product_cat-insumos-desechables","7":"product_cat-guantes","8":"product_tag-vinilo","9":"product_tag-cyberday","10":"product_tag-guante","11":"product_tag-sin-polvo","12":"product_shipping_class-pequeno","14":"first","15":"instock","16":"shipping-taxable","17":"purchasable","18":"product-type-variable"},"acf":[],"_links":{"self":[{"href":"https:\/\/deltamed.cl\/tienda\/wp-json\/wp\/v2\/product\/287","targetHints":{"allow":["GET"]}}],"collection":[{"href":"https:\/\/deltamed.cl\/tienda\/wp-json\/wp\/v2\/product"}],"about":[{"href":"https:\/\/deltamed.cl\/tienda\/wp-json\/wp\/v2\/types\/product"}],"replies":[{"embeddable":true,"href":"https:\/\/deltamed.cl\/tienda\/wp-json\/wp\/v2\/comments?post=287"}],"version-history":[{"count":3,"href":"https:\/\/deltamed.cl\/tienda\/wp-json\/wp\/v2\/product\/287\/revisions"}],"predecessor-version":[{"id":8242,"href":"https:\/\/deltamed.cl\/tienda\/wp-json\/wp\/v2\/product\/287\/revisions\/8242"}],"wp:featuredmedia":[{"embeddable":true,"href":"https:\/\/deltamed.cl\/tienda\/wp-json\/wp\/v2\/media\/6289"}],"wp:attachment":[{"href":"https:\/\/deltamed.cl\/tienda\/wp-json\/wp\/v2\/media?parent=287"}],"wp:term":[{"taxonomy":"product_brand","embeddable":true,"href":"https:\/\/deltamed.cl\/tienda\/wp-json\/wp\/v2\/product_brand?post=287"},{"taxonomy":"product_cat","embeddable":true,"href":"https:\/\/deltamed.cl\/tienda\/wp-json\/wp\/v2\/product_cat?post=287"},{"taxonomy":"product_tag","embeddable":true,"href":"https:\/\/deltamed.cl\/tienda\/wp-json\/wp\/v2\/product_tag?post=287"}],"curies":[{"name":"wp","href":"https:\/\/api.w.org\/{rel}","templated":true}]}}