{"id":2823,"date":"2021-12-03T15:07:49","date_gmt":"2021-12-03T18:07:49","guid":{"rendered":"https:\/\/deltamed.cl\/tienda\/?post_type=product&#038;p=2823"},"modified":"2026-04-06T13:24:39","modified_gmt":"2026-04-06T16:24:39","slug":"tiras-reactivas-accuchek-instant","status":"publish","type":"product","link":"https:\/\/deltamed.cl\/tienda\/producto\/tiras-reactivas-accuchek-instant\/","title":{"rendered":"Tiras reactivas accuchek instant 50 unid"},"content":{"rendered":"<p>Tiras reactivas accuchek instant 50 unid<\/p>\n<p>Tiras reactivas para Examen de Glucosa equipo Accuchek\u00ae INSTANT<br \/>\n50 tiras reactivas desechables<\/p>\n<p>Compatible con equipo Accuchek\u00ae INSTANT<\/p>\n<p>Caracter\u00edsticas<br \/>\n\u2022 El intuitivo indicador de rango objetivo proporciona tranquilidad visual: Puede individualizarse para satisfacer los objetivos personales de su terapia.<br \/>\n\u2022 No se requiere ning\u00fan ajuste: Simplemente inserte una cinta reactiva, coloque una peque\u00f1a muestra de sangre y observe el resultado de la glicemia en la gran pantalla.<br \/>\n\u2022 Cinta con borde amplio para una f\u00e1cil dosificaci\u00f3n: Coloque una peque\u00f1a muestra de sangre en cualquier sector del \u00e1rea de dosificaci\u00f3n amarillo.<br \/>\n\u2022 Exactitud comprobada y garantizada por los fabricantes de Accu-Chek\u00ae, cumple con los requisitos de la norma ISO 15197: 2013 \/ EN ISO 15197: 2015.<\/p>\n<p>Modo de uso<\/p>\n<ol class=\"X5LH0c\">\n<li class=\"TrT0Xe\">Lavate las manos con agua y jab\u00f3n.<\/li>\n<li class=\"TrT0Xe\">Sec\u00e1telas bien.<\/li>\n<li class=\"TrT0Xe\">Pinchate el dedo en el costado de la yema con una lanceta. &#8230;<\/li>\n<li class=\"TrT0Xe\">Pon\u00e9 la\u00a0<b>tira reactiva<\/b>\u00a0en la ranura del gluc\u00f3metro. &#8230;<\/li>\n<li class=\"TrT0Xe\">Coloc\u00e1 la gota de sangre s\u00f3lo despu\u00e9s de que\u00a0<b>te<\/b>\u00a0lo pida el gluc\u00f3metro.<\/li>\n<li class=\"TrT0Xe\">Mir\u00e1 el resultado en la pantalla.<\/li>\n<\/ol>\n","protected":false},"excerpt":{"rendered":"<p>Tiras reactivas accuchek instant 50 unid<\/p>\n<p>Tiras reactivas para Examen de Glucosa equipo Accuchek\u00ae INSTANT<br \/>\n50 tiras reactivas desechables<\/p>\n<p>Compatible con equipo Accuchek\u00ae INSTANT<\/p>\n","protected":false},"featured_media":2824,"comment_status":"open","ping_status":"closed","template":"","meta":{"_acf_changed":false},"product_brand":[],"product_cat":[15],"product_tag":[],"class_list":{"0":"post-2823","1":"product","2":"type-product","3":"status-publish","4":"has-post-thumbnail","6":"product_cat-medicion-y-diagnostico","7":"product_shipping_class-extra-pequeno","9":"first","10":"instock","11":"sale","12":"shipping-taxable","13":"purchasable","14":"product-type-simple"},"acf":[],"_links":{"self":[{"href":"https:\/\/deltamed.cl\/tienda\/wp-json\/wp\/v2\/product\/2823","targetHints":{"allow":["GET"]}}],"collection":[{"href":"https:\/\/deltamed.cl\/tienda\/wp-json\/wp\/v2\/product"}],"about":[{"href":"https:\/\/deltamed.cl\/tienda\/wp-json\/wp\/v2\/types\/product"}],"replies":[{"embeddable":true,"href":"https:\/\/deltamed.cl\/tienda\/wp-json\/wp\/v2\/comments?post=2823"}],"version-history":[{"count":2,"href":"https:\/\/deltamed.cl\/tienda\/wp-json\/wp\/v2\/product\/2823\/revisions"}],"predecessor-version":[{"id":11492,"href":"https:\/\/deltamed.cl\/tienda\/wp-json\/wp\/v2\/product\/2823\/revisions\/11492"}],"wp:featuredmedia":[{"embeddable":true,"href":"https:\/\/deltamed.cl\/tienda\/wp-json\/wp\/v2\/media\/2824"}],"wp:attachment":[{"href":"https:\/\/deltamed.cl\/tienda\/wp-json\/wp\/v2\/media?parent=2823"}],"wp:term":[{"taxonomy":"product_brand","embeddable":true,"href":"https:\/\/deltamed.cl\/tienda\/wp-json\/wp\/v2\/product_brand?post=2823"},{"taxonomy":"product_cat","embeddable":true,"href":"https:\/\/deltamed.cl\/tienda\/wp-json\/wp\/v2\/product_cat?post=2823"},{"taxonomy":"product_tag","embeddable":true,"href":"https:\/\/deltamed.cl\/tienda\/wp-json\/wp\/v2\/product_tag?post=2823"}],"curies":[{"name":"wp","href":"https:\/\/api.w.org\/{rel}","templated":true}]}}