{"id":2686,"date":"2021-11-12T12:53:18","date_gmt":"2021-11-12T15:53:18","guid":{"rendered":"https:\/\/deltamed.cl\/tienda\/?post_type=product&#038;p=2686"},"modified":"2026-02-27T13:52:27","modified_gmt":"2026-02-27T16:52:27","slug":"bajalenguas-de-madera-esteril-cranberry","status":"publish","type":"product","link":"https:\/\/deltamed.cl\/tienda\/producto\/bajalenguas-de-madera-esteril-cranberry\/","title":{"rendered":"Bajalenguas de madera est\u00e9ril Cranberry"},"content":{"rendered":"<p>Bajalenguas de madera est\u00e9ril Cranberry<\/p>\n<p>Dispositivo m\u00e9dico desechable empleado para deprimir la lengua y permitir el examen de la v\u00eda a\u00e9rea alta y digestiva.<\/p>\n<p>Por su car\u00e1cter est\u00e9ril se puede ocupar en el campo quir\u00fargico.<\/p>\n<p>Producto descartable para un solo uso.<\/p>\n<p>Es hipoalerg\u00e9nico<\/p>\n<p><strong>USOS<\/strong>:<\/p>\n<p>Es utilizado como depresor lingual.<\/p>\n<p>Ex\u00e1menes de boca y garganta<\/p>\n<p>Inductor de v\u00f3mito<\/p>\n<p>Ex\u00e1menes de p\u00e1rpados<\/p>\n<p>Aplicaci\u00f3n de medicamentos<\/p>\n<p>Manejo de muestras para examen de laboratorio<\/p>\n<p>En primeros auxilios para inmovilizar fracturas o luxaciones de los dedos de las manos.<\/p>\n<p><strong>Color:<\/strong>\u00a0Natural.<\/p>\n<p>Libre de latex<\/p>\n<p>Esteril<\/p>\n<p>Medida 15cm x 2 cm<\/p>\n<table width=\"421\">\n<tbody>\n<tr>\n<td><strong>Presentaciones<\/strong><\/td>\n<td><strong>C\u00f3digo Interno<\/strong><\/td>\n<\/tr>\n<tr>\n<td>Caja x 100 unidades.<\/td>\n<td>AABAJAES<\/td>\n<\/tr>\n<\/tbody>\n<\/table>\n<div id=\"attachment_2687\" style=\"width: 310px\" class=\"wp-caption alignnone\"><img fetchpriority=\"high\" decoding=\"async\" aria-describedby=\"caption-attachment-2687\" class=\"size-medium wp-image-2687\" src=\"https:\/\/deltamed.cl\/tienda\/wp-content\/uploads\/2021\/11\/BAJALENGUAS-ESTERIL-300x300.jpg\" alt=\"Bajalenguas de madera est\u00e9ril Cranberry\" width=\"300\" height=\"300\" title=\"\" srcset=\"https:\/\/deltamed.cl\/tienda\/wp-content\/uploads\/2021\/11\/BAJALENGUAS-ESTERIL-300x300.jpg 300w, https:\/\/deltamed.cl\/tienda\/wp-content\/uploads\/2021\/11\/BAJALENGUAS-ESTERIL-100x100.jpg 100w, https:\/\/deltamed.cl\/tienda\/wp-content\/uploads\/2021\/11\/BAJALENGUAS-ESTERIL-600x600.jpg 600w, https:\/\/deltamed.cl\/tienda\/wp-content\/uploads\/2021\/11\/BAJALENGUAS-ESTERIL-150x150.jpg 150w, https:\/\/deltamed.cl\/tienda\/wp-content\/uploads\/2021\/11\/BAJALENGUAS-ESTERIL-768x768.jpg 768w, https:\/\/deltamed.cl\/tienda\/wp-content\/uploads\/2021\/11\/BAJALENGUAS-ESTERIL.jpg 1000w\" sizes=\"(max-width: 300px) 100vw, 300px\" \/><p id=\"caption-attachment-2687\" class=\"wp-caption-text\">Bajalenguas de madera est\u00e9ril Cranberry<\/p><\/div>\n","protected":false},"excerpt":{"rendered":"<p>Bajalenguas de madera est\u00e9ril Cranberry<\/p>\n<p>Dispositivo m\u00e9dico desechable empleado para deprimir la lengua y permitir el examen de la v\u00eda a\u00e9rea alta y digestiva.<\/p>\n<p>Por su car\u00e1cter est\u00e9ril se puede ocupar en el campo quir\u00fargico.<\/p>\n<p>Producto descartable para un solo uso.<\/p>\n<p>Es hipoalerg\u00e9nico<\/p>\n<p>&nbsp;<\/p>\n","protected":false},"featured_media":2687,"comment_status":"open","ping_status":"closed","template":"","meta":{"_acf_changed":false},"product_brand":[1087],"product_cat":[94,375],"product_tag":[119],"class_list":{"0":"post-2686","1":"product","2":"type-product","3":"status-publish","4":"has-post-thumbnail","6":"product_brand-cranberry","7":"product_cat-insumos-desechables","8":"product_cat-bajalenguas","9":"product_tag-cranberry","10":"product_shipping_class-extra-pequeno","12":"first","13":"instock","14":"shipping-taxable","15":"purchasable","16":"product-type-simple"},"acf":[],"_links":{"self":[{"href":"https:\/\/deltamed.cl\/tienda\/wp-json\/wp\/v2\/product\/2686","targetHints":{"allow":["GET"]}}],"collection":[{"href":"https:\/\/deltamed.cl\/tienda\/wp-json\/wp\/v2\/product"}],"about":[{"href":"https:\/\/deltamed.cl\/tienda\/wp-json\/wp\/v2\/types\/product"}],"replies":[{"embeddable":true,"href":"https:\/\/deltamed.cl\/tienda\/wp-json\/wp\/v2\/comments?post=2686"}],"version-history":[{"count":2,"href":"https:\/\/deltamed.cl\/tienda\/wp-json\/wp\/v2\/product\/2686\/revisions"}],"predecessor-version":[{"id":8757,"href":"https:\/\/deltamed.cl\/tienda\/wp-json\/wp\/v2\/product\/2686\/revisions\/8757"}],"wp:featuredmedia":[{"embeddable":true,"href":"https:\/\/deltamed.cl\/tienda\/wp-json\/wp\/v2\/media\/2687"}],"wp:attachment":[{"href":"https:\/\/deltamed.cl\/tienda\/wp-json\/wp\/v2\/media?parent=2686"}],"wp:term":[{"taxonomy":"product_brand","embeddable":true,"href":"https:\/\/deltamed.cl\/tienda\/wp-json\/wp\/v2\/product_brand?post=2686"},{"taxonomy":"product_cat","embeddable":true,"href":"https:\/\/deltamed.cl\/tienda\/wp-json\/wp\/v2\/product_cat?post=2686"},{"taxonomy":"product_tag","embeddable":true,"href":"https:\/\/deltamed.cl\/tienda\/wp-json\/wp\/v2\/product_tag?post=2686"}],"curies":[{"name":"wp","href":"https:\/\/api.w.org\/{rel}","templated":true}]}}