{"id":2648,"date":"2021-11-05T13:14:49","date_gmt":"2021-11-05T16:14:49","guid":{"rendered":"https:\/\/deltamed.cl\/tienda\/?post_type=product&#038;p=2648"},"modified":"2026-02-27T07:16:13","modified_gmt":"2026-02-27T10:16:13","slug":"electrocardiografo-12-canales-ecg1200g-contec","status":"publish","type":"product","link":"https:\/\/deltamed.cl\/tienda\/producto\/electrocardiografo-12-canales-ecg1200g-contec\/","title":{"rendered":"Electrocardi\u00f3grafo 12 canales ECG1200G Contec"},"content":{"rendered":"<p>Electrocardi\u00f3grafo 12 canales ECG1200G Contec<\/p>\n<p><span id=\"page3R_mcid3\" class=\"markedContent\"><span dir=\"ltr\" role=\"presentation\">Es un electrocardiograma que puede recoger se\u00f1al ECG de 12 <\/span><br role=\"presentation\" \/><span dir=\"ltr\" role=\"presentation\">derivadas<\/span> <span dir=\"ltr\" role=\"presentation\">simult\u00e1neamente e imprimir forma de onda ECG con sistema de <\/span><br role=\"presentation\" \/><span dir=\"ltr\" role=\"presentation\">impresi\u00f3n t\u00e9rmica. Caracter\u00edsticas, grabaci\u00f3n y <\/span><span dir=\"ltr\" role=\"presentation\">visualizaci\u00f3n de la forma de <\/span><br role=\"presentation\" \/><span dir=\"ltr\" role=\"presentation\">onda ECG en modo autom\u00e1tico\/Manual, medici\u00f3n y diagn\u00f3stico de <\/span><br role=\"presentation\" \/><span dir=\"ltr\" role=\"presentation\">par\u00e1metros de forma de onda ECG autom\u00e1ticamente<\/span><span dir=\"ltr\" role=\"presentation\">.<\/span> <\/span><span id=\"page3R_mcid4\" class=\"markedContent\"><br role=\"presentation\" \/><\/span><span id=\"page3R_mcid5\" class=\"markedContent\"><br role=\"presentation\" \/><span dir=\"ltr\" role=\"presentation\">\u2022<\/span> <span dir=\"ltr\" role=\"presentation\">Colecci\u00f3n de sincronizaci\u00f3n para ECG de 12 conductores, adopta la tecnolog\u00eda <\/span><br role=\"presentation\" \/><span dir=\"ltr\" role=\"presentation\">de procesamiento de se\u00f1al digital y obtiene una forma de onda ECG de alta <\/span><br role=\"presentation\" \/><span dir=\"ltr\" role=\"presentation\">calidad a trav\u00e9s del filtro de frecuencia de alimentaci\u00f3n, el filtro de referencia y el <\/span><br role=\"presentation\" \/><span dir=\"ltr\" role=\"presentation\">filtro EMG de se\u00f1al ECG.<\/span> <\/span><span id=\"page3R_mcid6\" class=\"markedContent\"><br role=\"presentation\" \/><span dir=\"ltr\" role=\"presentation\">\u2022<\/span> <span dir=\"ltr\" role=\"presentation\">Pantalla de 3\/6\/12 lead ECG, modo de impresi\u00f3n, sensibilidad, velocidad del <\/span><br role=\"presentation\" \/><span dir=\"ltr\" role=\"presentation\">papel y estado del filtro, en una pantalla etc., <\/span><span dir=\"ltr\" role=\"presentation\">conveniente para el diagn\u00f3stico de <\/span><br role=\"presentation\" \/><span dir=\"ltr\" role=\"presentation\">contrastive.<\/span><\/span><\/p>\n<p><span id=\"page30R_mcid0\" class=\"markedContent\"><span dir=\"ltr\" role=\"presentation\">Multiplicar los modos y formatos de impresi\u00f3n, incluyendo auto 12&#215;1, 6&#215;2 + 1 <\/span><br role=\"presentation\" \/><span dir=\"ltr\" role=\"presentation\">auto, auto 6&#215;2 + 1_H, auto 6&#215;2, auto 6&#215;2 _ h, auto 3&#215;4 + 1, auto 3&#215;4 + 2, rhythm <\/span><br role=\"presentation\" \/><span dir=\"ltr\" role=\"presentation\">12, rhythm 10, rhythm 8, rhythm 6, manual, etc. Se<\/span> <span dir=\"ltr\" role=\"presentation\">puede imprimir el gr\u00e1fico de <\/span><br role=\"presentation\" \/><span dir=\"ltr\" role=\"presentation\">tendencias y el histograma del intervalo del P<\/span><span dir=\"ltr\" role=\"presentation\">&#8211;<\/span><span dir=\"ltr\" role=\"presentation\">R, La longitud de la forma de onda <\/span><br role=\"presentation\" \/><span dir=\"ltr\" role=\"presentation\">impresa se puede ajustar y con funci\u00f3n de impresi\u00f3n de tiempo, que cumple con <\/span><br role=\"presentation\" \/><span dir=\"ltr\" role=\"presentation\">diferentes requisitos.<\/span> <\/span><span id=\"page30R_mcid1\" class=\"markedContent\"><br role=\"presentation\" \/><span dir=\"ltr\" role=\"presentation\">\u2022<\/span> <span dir=\"ltr\" role=\"presentation\">Velocidad del papel: 5 mm\/s, 6,25 mm\/s, 10 <\/span><span dir=\"ltr\" role=\"presentation\">mm\/s, 12,5 mm\/s, 25 mm\/s, 50 <\/span><br role=\"presentation\" \/><span dir=\"ltr\" role=\"presentation\">mm\/s.<\/span> <\/span><span id=\"page30R_mcid2\" class=\"markedContent\"><br role=\"presentation\" \/><span dir=\"ltr\" role=\"presentation\">\u2022<\/span> <span dir=\"ltr\" role=\"presentation\">Con las funciones de autoan\u00e1lisis y autodiagn\u00f3stico para par\u00e1metros de rutina <\/span><br role=\"presentation\" \/><span dir=\"ltr\" role=\"presentation\">de ECG, proporciona resultados de medici\u00f3n y resultados de autodiagn\u00f3stico para <\/span><br role=\"presentation\" \/><span dir=\"ltr\" role=\"presentation\">HR, intervalo P<\/span><span dir=\"ltr\" role=\"presentation\">&#8211;<\/span><span dir=\"ltr\" role=\"presentation\">R, duraci\u00f3n P, duraci\u00f3n QRS,. Duraci\u00f3n T, inter<\/span><span dir=\"ltr\" role=\"presentation\">valo Q<\/span><span dir=\"ltr\" role=\"presentation\">&#8211;<\/span><span dir=\"ltr\" role=\"presentation\">T, q<\/span><span dir=\"ltr\" role=\"presentation\">&#8211;<\/span><span dir=\"ltr\" role=\"presentation\">tc, eje <\/span><br role=\"presentation\" \/><span dir=\"ltr\" role=\"presentation\">P, eje QRS, eje T, R(V5), S(V1), R(V5)+ S(V1),. etc., lo que reduce la carga del <\/span><br role=\"presentation\" \/><span dir=\"ltr\" role=\"presentation\">m\u00e9dico.<\/span> <\/span><span id=\"page30R_mcid3\" class=\"markedContent\"><br role=\"presentation\" \/><span dir=\"ltr\" role=\"presentation\">\u2022<\/span> <span dir=\"ltr\" role=\"presentation\">La memoria integrada almacena hasta 1000 fundas, conveniente para la revisi\u00f3n <\/span><br role=\"presentation\" \/><span dir=\"ltr\" role=\"presentation\">de casos y estad\u00edsticas.<\/span> <\/span><span id=\"page30R_mcid4\" class=\"markedContent\"><br role=\"presentation\" \/><span dir=\"ltr\" role=\"presentation\">\u2022<\/span> <span dir=\"ltr\" role=\"presentation\">Interfaz e informes multiling\u00fce (<\/span><span dir=\"ltr\" role=\"presentation\">espa\u00f1ol, <\/span><span dir=\"ltr\" role=\"presentation\">tu<\/span><span dir=\"ltr\" role=\"presentation\">rco, franc\u00e9s, chino, ingl\u00e9s, alem\u00e1n, <\/span><br role=\"presentation\" \/><span dir=\"ltr\" role=\"presentation\">portugu\u00e9s, ruso, esloveno y ucraniano).<\/span> <\/span><span id=\"page30R_mcid5\" class=\"markedContent\"><br role=\"presentation\" \/><span dir=\"ltr\" role=\"presentation\">\u2022<\/span> <span dir=\"ltr\" role=\"presentation\">En estado CC \u00f3ptimo, hasta 10 horas de tiempo en espera, impresi\u00f3n continua <\/span><br role=\"presentation\" \/><span dir=\"ltr\" role=\"presentation\">de m\u00e1s de 3 horas, graba hasta 300 ECG en forma de onda (com\u00fanmente, es la <\/span><br role=\"presentation\" \/><span dir=\"ltr\" role=\"presentation\">carcasa 3s),. Que cumple con<\/span> <span dir=\"ltr\" role=\"presentation\">los requisitos de visitar a un paciente en casa y <\/span><br role=\"presentation\" \/><span dir=\"ltr\" role=\"presentation\">examen corporal.<\/span> <\/span><span id=\"page30R_mcid6\" class=\"markedContent\"><br role=\"presentation\" \/><\/span><span id=\"page30R_mcid7\" class=\"markedContent\"><br role=\"presentation\" \/><strong><span dir=\"ltr\" role=\"presentation\">Rendimiento:<\/span> <\/strong><\/span><span id=\"page30R_mcid8\" class=\"markedContent\"><br role=\"presentation\" \/><span dir=\"ltr\" role=\"presentation\">30 hrs de uso continuo.<\/span> <\/span><span id=\"page30R_mcid9\" class=\"markedContent\"><br role=\"presentation\" \/><span dir=\"ltr\" role=\"presentation\">Modo de entrada: protecci\u00f3n contra flotaci\u00f3n y desfibrilaci\u00f3n<\/span> <\/span><span id=\"page30R_mcid10\" class=\"markedContent\"><br role=\"presentation\" \/><span dir=\"ltr\" role=\"presentation\">Respuesta de frecuencia: 0,05Hz ~ 150Hz(<\/span><span dir=\"ltr\" role=\"presentation\">&#8211;<\/span><span dir=\"ltr\" role=\"presentation\">3dB ~ + 0,4db)<\/span> <\/span><span id=\"page30R_mcid11\" class=\"markedContent\"><br role=\"presentation\" \/><span dir=\"ltr\" role=\"presentation\">CMRR: &gt;60dB, &gt;100dB (A\u00f1adir filtro)<\/span> <\/span><span id=\"page30R_mcid12\" class=\"markedContent\"><br role=\"presentation\" \/><span dir=\"ltr\" role=\"presentation\">Constante de tiempo:<\/span> <span dir=\"ltr\" role=\"presentation\">\u2265 3,2 s<\/span> <\/span><span id=\"page30R_mcid13\" class=\"markedContent\"><br role=\"presentation\" \/><span dir=\"ltr\" role=\"presentation\">Corriente de fuga del paciente: &lt;10\u03bcA<\/span> <\/span><span id=\"page30R_mcid14\" class=\"markedContent\"><br role=\"presentation\" \/><span dir=\"ltr\" role=\"presentation\">Voltaje de calibraci\u00f3n: 1mV<\/span> <\/span><span id=\"page30R_mcid15\" class=\"markedContent\"><br role=\"presentation\" \/><span dir=\"ltr\" role=\"presentation\">Sensibilidad: 2,5, 5, 10, 20, 40mm\/mV \u00b1 5%, sensibilidad est\u00e1ndar: 10mm\/mV \u00b1 <\/span><br role=\"presentation\" \/><span dir=\"ltr\" role=\"presentation\">2%<\/span> <\/span><span id=\"page30R_mcid16\" class=\"markedContent\"><br role=\"presentation\" \/><span dir=\"ltr\" role=\"presentation\">Nivel de ruido: \u2264 15\u03bcVp<\/span><span dir=\"ltr\" role=\"presentation\">&#8211;<\/span><span dir=\"ltr\" role=\"presentation\">p<\/span> <\/span><span id=\"page30R_mcid17\" class=\"markedContent\"><br role=\"presentation\" \/><span dir=\"ltr\" role=\"presentation\">Corriente del circuito de entrada: \u2264 50nA<\/span> <\/span><span id=\"page30R_mcid18\" class=\"markedContent\"><br role=\"presentation\" \/><span dir=\"ltr\" role=\"presentation\">Impedancia de entrada: \u2265 50 M\u03a9<\/span><\/span><\/p>\n<p><span id=\"page38R_mcid0\" class=\"markedContent\"><span dir=\"ltr\" role=\"presentation\">Precisi\u00f3n de muestreo: 12 bits<\/span> <\/span><span id=\"page38R_mcid1\" class=\"markedContent\"><br role=\"presentation\" \/><span dir=\"ltr\" role=\"presentation\">Clasificaci\u00f3n de seguridad: clase I, tipo CF y parte aplicada a prueba de <\/span><br role=\"presentation\" \/><span dir=\"ltr\" role=\"presentation\">desfibrilaci\u00f3n<\/span> <\/span><span id=\"page38R_mcid2\" class=\"markedContent\"><br role=\"presentation\" \/><span dir=\"ltr\" role=\"presentation\">Modo de grabaci\u00f3n: sistema de impresi\u00f3n t\u00e9rmica<\/span> <\/span><span id=\"page38R_mcid3\" class=\"markedContent\"><br role=\"presentation\" \/><span dir=\"ltr\" role=\"presentation\">Tama\u00f1o del papel: 210mm (ancho) \u00d7 20m (largo).<\/span> <\/span><span id=\"page38R_mcid4\" class=\"markedContent\"><br role=\"presentation\" \/><span dir=\"ltr\" role=\"presentation\">Frecuencia de muestreo: 1000Hz<\/span> <\/span><span id=\"page38R_mcid5\" class=\"markedContent\"><br role=\"presentation\" \/><span dir=\"ltr\" role=\"presentation\">Filtro de interferencia EMG: 25Hz\/35Hz (<\/span><span dir=\"ltr\" role=\"presentation\">&#8211;<\/span><span dir=\"ltr\" role=\"presentation\">3dB)<\/span> <\/span><span id=\"page38R_mcid6\" class=\"markedContent\"><br role=\"presentation\" \/><span dir=\"ltr\" role=\"presentation\">Filtro de frecuencia de alimentaci\u00f3n: ca 50Hz\/60Hz(<\/span><span dir=\"ltr\" role=\"presentation\">&#8211;<\/span><span dir=\"ltr\" role=\"presentation\">20dB)<\/span> <\/span><span id=\"page38R_mcid7\" class=\"markedContent\"><br role=\"presentation\" \/><\/span><strong><span id=\"page38R_mcid8\" class=\"markedContent\"><br role=\"presentation\" \/><span dir=\"ltr\" role=\"presentation\">Velocidad del papel:<\/span> <\/span><\/strong><span id=\"page38R_mcid9\" class=\"markedContent\"><br role=\"presentation\" \/><span dir=\"ltr\" role=\"presentation\">Auto: 25, 50 mm\/s, \u00b1 5%<\/span> <\/span><span id=\"page38R_mcid10\" class=\"markedContent\"><br role=\"presentation\" \/><span dir=\"ltr\" role=\"presentation\">Ritmo: 25, 50 mm\/s, \u00b1 5%<\/span> <\/span><span id=\"page38R_mcid11\" class=\"markedContent\"><br role=\"presentation\" \/><span dir=\"ltr\" role=\"presentation\">Manual: 5, 6,25, 10, 12,5, 25, 50 mm\/s, \u00b1 5%<\/span> <\/span><span id=\"page38R_mcid12\" class=\"markedContent\"><br role=\"presentation\" \/><span dir=\"ltr\" role=\"presentation\">Registro autom\u00e1tico: configure el re<\/span><span dir=\"ltr\" role=\"presentation\">gistro de acuerdo con el formato y modo de <\/span><br role=\"presentation\" \/><span dir=\"ltr\" role=\"presentation\">registro autom\u00e1tico, cambiando autom\u00e1ticamente los cables, midiendo y <\/span><br role=\"presentation\" \/><span dir=\"ltr\" role=\"presentation\">analizando.<\/span> <\/span><span id=\"page38R_mcid13\" class=\"markedContent\"><br role=\"presentation\" \/><span dir=\"ltr\" role=\"presentation\">Registro de ritmo: establezca el registro de acuerdo con el formato y modo de <\/span><br role=\"presentation\" \/><span dir=\"ltr\" role=\"presentation\">registro de ritmo, midiendo y analizando autom\u00e1ticame<\/span><span dir=\"ltr\" role=\"presentation\">nte.<\/span> <\/span><span id=\"page38R_mcid14\" class=\"markedContent\"><br role=\"presentation\" \/><span dir=\"ltr\" role=\"presentation\">Registro Manual: configure el registro seg\u00fan el formato de registro, cambiando <\/span><br role=\"presentation\" \/><span dir=\"ltr\" role=\"presentation\">manualmente los cables.<\/span> <\/span><span id=\"page38R_mcid15\" class=\"markedContent\"><br role=\"presentation\" \/><span dir=\"ltr\" role=\"presentation\">Par\u00e1metros de medici\u00f3n: HR, intervalo P<\/span><span dir=\"ltr\" role=\"presentation\">&#8211;<\/span><span dir=\"ltr\" role=\"presentation\">R, duraci\u00f3n P, duraci\u00f3n QRS, duraci\u00f3n <\/span><br role=\"presentation\" \/><span dir=\"ltr\" role=\"presentation\">T, intervalo Q<\/span><span dir=\"ltr\" role=\"presentation\">&#8211;<\/span><span dir=\"ltr\" role=\"presentation\">T, q<\/span><span dir=\"ltr\" role=\"presentation\">&#8211;<\/span><span dir=\"ltr\" role=\"presentation\">tc, eje P, eje QRS, eje T, R(V5), S(V1), R(V5)+ S(<\/span><span dir=\"ltr\" role=\"presentation\">V1)<\/span> <\/span><span id=\"page38R_mcid16\" class=\"markedContent\"><br role=\"presentation\" \/><span dir=\"ltr\" role=\"presentation\">Fuente de alimentaci\u00f3n:<\/span> <\/span><span id=\"page38R_mcid17\" class=\"markedContent\"><br role=\"presentation\" \/><span dir=\"ltr\" role=\"presentation\">CA: 100V ~ 240V(50\/60Hz)<\/span> <\/span><span id=\"page38R_mcid18\" class=\"markedContent\"><br role=\"presentation\" \/><span dir=\"ltr\" role=\"presentation\">DC: bater\u00eda de litio recargable de 14,8 V\/3500mAh<\/span> <\/span><span id=\"page38R_mcid19\" class=\"markedContent\"><br role=\"presentation\" \/><span dir=\"ltr\" role=\"presentation\">Especificaci\u00f3n del fusible: dos fusibles de retardo de tiempo de Ca (\u03c65 \u00d7 20mm), <\/span><br role=\"presentation\" \/><span dir=\"ltr\" role=\"presentation\">T1.6AL250V<\/span> <\/span><span id=\"page38R_mcid20\" class=\"markedContent\"><br role=\"presentation\" \/><span dir=\"ltr\" role=\"presentation\">Grado de Impermeabilidad: IPX0<\/span> <\/span><span id=\"page38R_mcid21\" class=\"markedContent\"><br role=\"presentation\" \/><span dir=\"ltr\" role=\"presentation\">Modo de trabajo: trabajo conti<\/span><span dir=\"ltr\" role=\"presentation\">nuo<\/span><\/span><\/p>\n<p>&nbsp;<\/p>\n<p><strong>El paquete incluye<\/strong>:<\/p>\n<p>1XECG1200G m\u00e1quina ECG<\/p>\n<p>1x cable de plomo<\/p>\n<p>1 setXLimb electrodo (4 piezas)<\/p>\n<p>1 Electrodo de pecho (6 piezas)<\/p>\n<p>1xl\u00ednea de transmisi\u00f3n de datos<\/p>\n<p>1x papel de grabaci\u00f3n t\u00e9rmica<\/p>\n<p>1x cable de alimentaci\u00f3n<\/p>\n<p>1x cable de tierra<\/p>\n<p>1x manual de usuario<\/p>\n<p>&nbsp;<\/p>\n<p><img fetchpriority=\"high\" decoding=\"async\" class=\"alignnone size-medium wp-image-8247\" src=\"https:\/\/deltamed.cl\/tienda\/wp-content\/uploads\/2021\/11\/Electrocardiografo-12-derivadas-1200g-Contec-1-300x211.png\" alt=\"\" width=\"300\" height=\"211\" title=\"\" srcset=\"https:\/\/deltamed.cl\/tienda\/wp-content\/uploads\/2021\/11\/Electrocardiografo-12-derivadas-1200g-Contec-1-300x211.png 300w, https:\/\/deltamed.cl\/tienda\/wp-content\/uploads\/2021\/11\/Electrocardiografo-12-derivadas-1200g-Contec-1-1024x719.png 1024w, https:\/\/deltamed.cl\/tienda\/wp-content\/uploads\/2021\/11\/Electrocardiografo-12-derivadas-1200g-Contec-1-768x540.png 768w, https:\/\/deltamed.cl\/tienda\/wp-content\/uploads\/2021\/11\/Electrocardiografo-12-derivadas-1200g-Contec-1-1536x1079.png 1536w, https:\/\/deltamed.cl\/tienda\/wp-content\/uploads\/2021\/11\/Electrocardiografo-12-derivadas-1200g-Contec-1-600x422.png 600w, https:\/\/deltamed.cl\/tienda\/wp-content\/uploads\/2021\/11\/Electrocardiografo-12-derivadas-1200g-Contec-1.png 2000w\" sizes=\"(max-width: 300px) 100vw, 300px\" \/><\/p>\n","protected":false},"excerpt":{"rendered":"<p>Electrocardi\u00f3grafo 12 canales ECG1200G Contec<\/p>\n<p>Ees un electrocardi\u00f3grafo que puede recolectar se\u00f1ales de ECG de 12 derivaciones simult\u00e1neamente e imprimir<br \/>\nForma de onda de ECG con sistema de impresi\u00f3n t\u00e9rmica. Se presenta, graba y muestra ECG<br \/>\nforma de onda en modo AUTO\/Manual, midiendo y diagnosticando par\u00e1metros de forma de onda de ECG<br \/>\nautom\u00e1ticamente, solicitando \u00abLead off\u00bb y \u00abFalta de papel\u00bb, interfaz multiling\u00fce, AC \/ DC, seleccionando el ritmo, imprimiendo el gr\u00e1fico de tendencia y el histograma del intervalo P-R que es conveniente para observe el ritmo card\u00edaco anormal, la gesti\u00f3n de la base de datos de casos, el funcionamiento de los botones y la pantalla t\u00e1ctil<br \/>\nfunci\u00f3n, etc.<\/p>\n","protected":false},"featured_media":2649,"comment_status":"open","ping_status":"closed","template":"","meta":{"_acf_changed":false},"product_brand":[1100],"product_cat":[15,360],"product_tag":[],"class_list":{"0":"post-2648","1":"product","2":"type-product","3":"status-publish","4":"has-post-thumbnail","6":"product_brand-contec","7":"product_cat-medicion-y-diagnostico","8":"product_cat-electrocardiografo","9":"product_shipping_class-mediano","11":"first","12":"outofstock","13":"sale","14":"shipping-taxable","15":"purchasable","16":"product-type-simple"},"acf":[],"_links":{"self":[{"href":"https:\/\/deltamed.cl\/tienda\/wp-json\/wp\/v2\/product\/2648","targetHints":{"allow":["GET"]}}],"collection":[{"href":"https:\/\/deltamed.cl\/tienda\/wp-json\/wp\/v2\/product"}],"about":[{"href":"https:\/\/deltamed.cl\/tienda\/wp-json\/wp\/v2\/types\/product"}],"replies":[{"embeddable":true,"href":"https:\/\/deltamed.cl\/tienda\/wp-json\/wp\/v2\/comments?post=2648"}],"version-history":[{"count":3,"href":"https:\/\/deltamed.cl\/tienda\/wp-json\/wp\/v2\/product\/2648\/revisions"}],"predecessor-version":[{"id":8246,"href":"https:\/\/deltamed.cl\/tienda\/wp-json\/wp\/v2\/product\/2648\/revisions\/8246"}],"wp:featuredmedia":[{"embeddable":true,"href":"https:\/\/deltamed.cl\/tienda\/wp-json\/wp\/v2\/media\/2649"}],"wp:attachment":[{"href":"https:\/\/deltamed.cl\/tienda\/wp-json\/wp\/v2\/media?parent=2648"}],"wp:term":[{"taxonomy":"product_brand","embeddable":true,"href":"https:\/\/deltamed.cl\/tienda\/wp-json\/wp\/v2\/product_brand?post=2648"},{"taxonomy":"product_cat","embeddable":true,"href":"https:\/\/deltamed.cl\/tienda\/wp-json\/wp\/v2\/product_cat?post=2648"},{"taxonomy":"product_tag","embeddable":true,"href":"https:\/\/deltamed.cl\/tienda\/wp-json\/wp\/v2\/product_tag?post=2648"}],"curies":[{"name":"wp","href":"https:\/\/api.w.org\/{rel}","templated":true}]}}