{"id":2567,"date":"2021-10-21T16:19:24","date_gmt":"2021-10-21T19:19:24","guid":{"rendered":"https:\/\/deltamed.cl\/tienda\/?post_type=product&#038;p=2567"},"modified":"2026-02-27T07:16:13","modified_gmt":"2026-02-27T10:16:13","slug":"talonera-espolon-calcaneo-silicona-blunding","status":"publish","type":"product","link":"https:\/\/deltamed.cl\/tienda\/producto\/talonera-espolon-calcaneo-silicona-blunding\/","title":{"rendered":"Talonera espol\u00f3n calc\u00e1neo silicona Blunding"},"content":{"rendered":"<p>Talonera espol\u00f3n calc\u00e1neo silicona Blunding<\/p>\n<p><strong>La Talonera para Espol\u00f3n Calc\u00e1neo Silicona hipoalerg\u00e9nica Blunding<\/strong>\u00a0por sus\u00a0<strong>propiedades<\/strong>\u00a0viscoel\u00e1sticas,\u00a0<strong>amortigua<\/strong>\u00a0los puntos de carga durante la marcha como en posici\u00f3n est\u00e1tica.<\/p>\n<p>Posee una zona\u00a0<strong>circular de consistencia m\u00e1s blanda en el tal\u00f3n<\/strong>. Es un producto no\u00a0<strong>t\u00f3xico<\/strong>, no\u00a0<strong>inflamable<\/strong>,\u00a0<strong>inoloro<\/strong>, totalmente lavable que mantendr\u00e1 su densidad. Sus aletas aseguran un encaje anat\u00f3micamente\u00a0<strong>perfecto<\/strong>.<\/p>\n<p>Las taloneras se colocan en el interior del calzado para\u00a0<b>aliviar los impactos producidos en el tal\u00f3n al caminar o correr<\/b>. Se fabrican en silicona con una o dos densidades y elaboradas en material hipoalerg\u00e9nico, no t\u00f3xico, antibacteriano, lavable y reutilizable. Tambi\u00e9n se denominan taloneras de gel.<\/p>\n<p>Esta lesi\u00f3n ocasiona\u00a0<b>dolor e inflamaci\u00f3n en la zona que la rodea, y dificultad para el apoyo normal del tal\u00f3n<\/b>.<\/p>\n<p>El espol\u00f3n lo ocasiona normalmente un pie muy arqueado, el sobrepeso, el uso de calzado inadecuado o una continua mala postura al estar de pie.<\/p>\n<p><strong>Indicaci\u00f3n<\/strong>: Entesopat\u00edas tend\u00f3n, aquiliano, espol\u00f3n calc\u00e1neo, en la absorci\u00f3n de impacto en practicas deportivas. Amortigua la presi\u00f3n ejercida por el cuerpo sobre el tal\u00f3n, bursitis retrocalc\u00e1nea.<\/p>\n<p><strong>Se recomienda utilizar este producto bajo prescripci\u00f3n m\u00e9dica.<\/strong><\/p>\n<ul>\n<li>Talla S 32 \u2013 35<\/li>\n<li>Talla M (36 \u2013 38). -B-1002M<\/li>\n<li>Talla L 39 \u2013 41 B-1002G<\/li>\n<\/ul>\n<p>&nbsp;<\/p>\n<p>Peso 0,097kg<\/p>\n<p>Dimensiones9,5 \u00d7 23 \u00d7 4 cm<\/p>\n","protected":false},"excerpt":{"rendered":"<p><strong>La Talonera para Espol\u00f3n Calc\u00e1neo Silicona hipoalerg\u00e9nica Blunding<\/strong>\u00a0por sus\u00a0<strong>propiedades<\/strong>\u00a0viscoel\u00e1sticas,\u00a0<strong>amortigua<\/strong>\u00a0los puntos de carga durante la marcha como en posici\u00f3n est\u00e1tica.<\/p>\n<p>Posee una zona\u00a0<strong>circular de consistencia m\u00e1s blanda en el tal\u00f3n<\/strong>. Es un producto no\u00a0<strong>t\u00f3xico<\/strong>, no\u00a0<strong>inflamable<\/strong>,\u00a0<strong>inoloro<\/strong>, totalmente lavable que mantendr\u00e1 su densidad. Sus aletas aseguran un encaje anat\u00f3micamente\u00a0<strong>perfecto<\/strong>.<\/p>\n<p>Talonera espol\u00f3n calc\u00e1neo silicona Blunding<\/p>\n","protected":false},"featured_media":2568,"comment_status":"open","ping_status":"closed","template":"","meta":{"_acf_changed":false},"product_brand":[1093],"product_cat":[235],"product_tag":[],"class_list":{"0":"post-2567","1":"product","2":"type-product","3":"status-publish","4":"has-post-thumbnail","6":"product_brand-blunding","7":"product_cat-ortopedia","8":"product_shipping_class-pequeno","10":"first","11":"outofstock","12":"shipping-taxable","13":"purchasable","14":"product-type-variable"},"acf":[],"_links":{"self":[{"href":"https:\/\/deltamed.cl\/tienda\/wp-json\/wp\/v2\/product\/2567","targetHints":{"allow":["GET"]}}],"collection":[{"href":"https:\/\/deltamed.cl\/tienda\/wp-json\/wp\/v2\/product"}],"about":[{"href":"https:\/\/deltamed.cl\/tienda\/wp-json\/wp\/v2\/types\/product"}],"replies":[{"embeddable":true,"href":"https:\/\/deltamed.cl\/tienda\/wp-json\/wp\/v2\/comments?post=2567"}],"version-history":[{"count":2,"href":"https:\/\/deltamed.cl\/tienda\/wp-json\/wp\/v2\/product\/2567\/revisions"}],"predecessor-version":[{"id":18878,"href":"https:\/\/deltamed.cl\/tienda\/wp-json\/wp\/v2\/product\/2567\/revisions\/18878"}],"wp:featuredmedia":[{"embeddable":true,"href":"https:\/\/deltamed.cl\/tienda\/wp-json\/wp\/v2\/media\/2568"}],"wp:attachment":[{"href":"https:\/\/deltamed.cl\/tienda\/wp-json\/wp\/v2\/media?parent=2567"}],"wp:term":[{"taxonomy":"product_brand","embeddable":true,"href":"https:\/\/deltamed.cl\/tienda\/wp-json\/wp\/v2\/product_brand?post=2567"},{"taxonomy":"product_cat","embeddable":true,"href":"https:\/\/deltamed.cl\/tienda\/wp-json\/wp\/v2\/product_cat?post=2567"},{"taxonomy":"product_tag","embeddable":true,"href":"https:\/\/deltamed.cl\/tienda\/wp-json\/wp\/v2\/product_tag?post=2567"}],"curies":[{"name":"wp","href":"https:\/\/api.w.org\/{rel}","templated":true}]}}