{"id":254,"date":"2020-12-11T11:00:11","date_gmt":"2020-12-11T14:00:11","guid":{"rendered":"https:\/\/deltamed.cl\/tienda\/?post_type=product&#038;p=254"},"modified":"2026-04-06T11:38:14","modified_gmt":"2026-04-06T14:38:14","slug":"esenta-spray-removedor-de-adhesivo-convatec","status":"publish","type":"product","link":"https:\/\/deltamed.cl\/tienda\/producto\/esenta-spray-removedor-de-adhesivo-convatec\/","title":{"rendered":"Esenta spray removedor de adhesivo Convatec"},"content":{"rendered":"<p>Esenta removedor de adhesivo convatec<\/p>\n<p>Removedor en spray ESENTA que libera de forma atraum\u00e1tica adhesivos m\u00e9dicos, ap\u00f3sitos de heridas y dispositivos de la piel como por ejemplo: residuos de placas de ostom\u00edas, adhesivos microporosos, hidrocoloides, telas, ap\u00f3sitos, etc, disminuyendo el riesgo de lesiones cut\u00e1neas por inadecuado retiro de \u00e9stos.<\/p>\n<p>Facilita el cuidado de la piel para aquellos pacientes que deben utilizar dispositivos adheridos a su piel, puesto que ofrece una r\u00e1pidamente remoci\u00f3n de los adhesivos sin dolor. No utilizar en superficies cut\u00e1neas delicadas como ojos, boca, o\u00eddos, nariz. No afecta la adhesi\u00f3n de otros ap\u00f3sitos o dispositivos.<\/p>\n<p><strong>BENEFICIOS:<\/strong><br \/>\nIdeal para todo tipo de piel:<br \/>\nInclusive piel sensible.<br \/>\nDe f\u00e1cil aplicaci\u00f3n.<br \/>\nSin fragancia e incolora.<br \/>\nNo deja residuos.<br \/>\nHipoalerg\u00e9nico<\/p>\n<p><strong>Cantidad<\/strong>: 1 frasco de 50mL<\/p>\n<p><strong>RECOMENDACIONES DE USO:<\/strong><br \/>\nSe recomienda leer el instructivo de aplicaci\u00f3n disponible en el empaque antes de su aplicaci\u00f3n.<br \/>\nAgitar bien antes de usar.<br \/>\nAplicar desde el borde del ap\u00f3sito o adhesivo que desea retirar.<br \/>\nRetirar el adhesivo de la piel frotando con suavidad y ayud\u00e1ndose de ESENTA Removedor.<br \/>\nSe seca en pocos segundos.<\/p>\n<p><strong>COMPOSICI\u00d3N DEL PRODUCTO:<\/strong><br \/>\nCompuesto por disiloxano, ciclopentasiloxano y silica trimetiladas. Dlimoneno, hidrocarbonetos de alta pureza.<\/p>\n","protected":false},"excerpt":{"rendered":"<p>Esenta removedor de adhesivo convatec<\/p>\n<p>Removedor en spray ESENTA que libera de forma atraum\u00e1tica adhesivos m\u00e9dicos, ap\u00f3sitos de heridas y dispositivos de la piel como por ejemplo: residuos de placas de ostom\u00edas, adhesivos microporosos, hidrocoloides, telas, ap\u00f3sitos, etc, disminuyendo el riesgo de lesiones cut\u00e1neas por inadecuado retiro de \u00e9stos.<\/p>\n<p>Facilita el cuidado de la piel para aquellos pacientes que deben utilizar dispositivos adheridos a su piel, puesto que ofrece una r\u00e1pidamente remoci\u00f3n de los adhesivos sin dolor. No utilizar en superficies cut\u00e1neas delicadas como ojos, boca, o\u00eddos, nariz. No afecta la adhesi\u00f3n de otros ap\u00f3sitos o dispositivos.<\/p>\n","protected":false},"featured_media":3223,"comment_status":"open","ping_status":"closed","template":"","meta":{"_acf_changed":false},"product_brand":[1089],"product_cat":[35],"product_tag":[159,68,152,150],"class_list":{"0":"post-254","1":"product","2":"type-product","3":"status-publish","4":"has-post-thumbnail","6":"product_brand-convatec","7":"product_cat-ostomia","8":"product_tag-convatec","9":"product_tag-ostomia","10":"product_tag-removedor","11":"product_tag-sensi-care","12":"product_shipping_class-extra-pequeno","14":"first","15":"instock","16":"shipping-taxable","17":"purchasable","18":"product-type-simple"},"acf":[],"_links":{"self":[{"href":"https:\/\/deltamed.cl\/tienda\/wp-json\/wp\/v2\/product\/254","targetHints":{"allow":["GET"]}}],"collection":[{"href":"https:\/\/deltamed.cl\/tienda\/wp-json\/wp\/v2\/product"}],"about":[{"href":"https:\/\/deltamed.cl\/tienda\/wp-json\/wp\/v2\/types\/product"}],"replies":[{"embeddable":true,"href":"https:\/\/deltamed.cl\/tienda\/wp-json\/wp\/v2\/comments?post=254"}],"version-history":[{"count":4,"href":"https:\/\/deltamed.cl\/tienda\/wp-json\/wp\/v2\/product\/254\/revisions"}],"predecessor-version":[{"id":20027,"href":"https:\/\/deltamed.cl\/tienda\/wp-json\/wp\/v2\/product\/254\/revisions\/20027"}],"wp:featuredmedia":[{"embeddable":true,"href":"https:\/\/deltamed.cl\/tienda\/wp-json\/wp\/v2\/media\/3223"}],"wp:attachment":[{"href":"https:\/\/deltamed.cl\/tienda\/wp-json\/wp\/v2\/media?parent=254"}],"wp:term":[{"taxonomy":"product_brand","embeddable":true,"href":"https:\/\/deltamed.cl\/tienda\/wp-json\/wp\/v2\/product_brand?post=254"},{"taxonomy":"product_cat","embeddable":true,"href":"https:\/\/deltamed.cl\/tienda\/wp-json\/wp\/v2\/product_cat?post=254"},{"taxonomy":"product_tag","embeddable":true,"href":"https:\/\/deltamed.cl\/tienda\/wp-json\/wp\/v2\/product_tag?post=254"}],"curies":[{"name":"wp","href":"https:\/\/api.w.org\/{rel}","templated":true}]}}