{"id":251,"date":"2020-12-11T08:32:20","date_gmt":"2020-12-11T11:32:20","guid":{"rendered":"https:\/\/deltamed.cl\/tienda\/?post_type=product&#038;p=251"},"modified":"2026-04-17T13:34:15","modified_gmt":"2026-04-17T16:34:15","slug":"esenta-spray-barrera-protectora-convatec","status":"publish","type":"product","link":"https:\/\/deltamed.cl\/tienda\/producto\/esenta-spray-barrera-protectora-convatec\/","title":{"rendered":"Esenta spray barrera protectora Convatec"},"content":{"rendered":"<p>Esenta spray protector cutaneo convatec<\/p>\n<p>REF: 423288<\/p>\n<p>La Barrera Cut\u00e1nea de silicona se adhiere suavemente a la superficie de la piel para crear una pel\u00edcula fina y duradera. Esta Barrera transpirable protege la piel hasta por 72 horas del da\u00f1o causado por adhesivos, sudor, heces, orina o humedad de la herida.<\/p>\n<p>\u2022 Barrera cut\u00e1nea\/Protector cut\u00e1neo, piel, en spray, no irritante, sensi care, de Convatec.<br \/>\n\u2022 Ideal para personas ostomizadas.<br \/>\n\u2022 Claro, crea barrera flexible.<br \/>\n\u2022 Fragancia y libre de tinte.<br \/>\n\u2022 F\u00e1cil de aplicar y remover.<br \/>\n\u2022 Libre de alcohol.<br \/>\n\u2022 Frasco en spray,contiene 50 ml.<br \/>\n\u2022 Producto certificado.<br \/>\n\u2022 Hecho en Reino Unido.<\/p>\n","protected":false},"excerpt":{"rendered":"<p>Esenta spray protector de adhesivo convatec<\/p>\n<p>REF: 423288<\/p>\n<p>La Barrera Cut\u00e1nea de silicona se adhiere suavemente a la superficie de la piel para crear una pel\u00edcula fina y duradera. Esta Barrera transpirable protege la piel hasta por 72 horas del da\u00f1o causado por adhesivos, sudor, heces, orina o humedad de la herida.<\/p>\n<ul>\n<li>Frasco en spray que contiene 50 ml<\/li>\n<\/ul>\n","protected":false},"featured_media":4040,"comment_status":"open","ping_status":"closed","template":"","meta":{"_acf_changed":false},"product_brand":[1089],"product_cat":[35,409],"product_tag":[159,68,151,150],"class_list":{"0":"post-251","1":"product","2":"type-product","3":"status-publish","4":"has-post-thumbnail","6":"product_brand-convatec","7":"product_cat-ostomia","8":"product_cat-esenta-sensicare","9":"product_tag-convatec","10":"product_tag-ostomia","11":"product_tag-protector","12":"product_tag-sensi-care","13":"product_shipping_class-extra-pequeno","15":"first","16":"instock","17":"shipping-taxable","18":"purchasable","19":"product-type-simple"},"acf":[],"_links":{"self":[{"href":"https:\/\/deltamed.cl\/tienda\/wp-json\/wp\/v2\/product\/251","targetHints":{"allow":["GET"]}}],"collection":[{"href":"https:\/\/deltamed.cl\/tienda\/wp-json\/wp\/v2\/product"}],"about":[{"href":"https:\/\/deltamed.cl\/tienda\/wp-json\/wp\/v2\/types\/product"}],"replies":[{"embeddable":true,"href":"https:\/\/deltamed.cl\/tienda\/wp-json\/wp\/v2\/comments?post=251"}],"version-history":[{"count":7,"href":"https:\/\/deltamed.cl\/tienda\/wp-json\/wp\/v2\/product\/251\/revisions"}],"predecessor-version":[{"id":20026,"href":"https:\/\/deltamed.cl\/tienda\/wp-json\/wp\/v2\/product\/251\/revisions\/20026"}],"wp:featuredmedia":[{"embeddable":true,"href":"https:\/\/deltamed.cl\/tienda\/wp-json\/wp\/v2\/media\/4040"}],"wp:attachment":[{"href":"https:\/\/deltamed.cl\/tienda\/wp-json\/wp\/v2\/media?parent=251"}],"wp:term":[{"taxonomy":"product_brand","embeddable":true,"href":"https:\/\/deltamed.cl\/tienda\/wp-json\/wp\/v2\/product_brand?post=251"},{"taxonomy":"product_cat","embeddable":true,"href":"https:\/\/deltamed.cl\/tienda\/wp-json\/wp\/v2\/product_cat?post=251"},{"taxonomy":"product_tag","embeddable":true,"href":"https:\/\/deltamed.cl\/tienda\/wp-json\/wp\/v2\/product_tag?post=251"}],"curies":[{"name":"wp","href":"https:\/\/api.w.org\/{rel}","templated":true}]}}