{"id":2467,"date":"2021-10-08T15:23:50","date_gmt":"2021-10-08T18:23:50","guid":{"rendered":"https:\/\/deltamed.cl\/tienda\/?post_type=product&#038;p=2467"},"modified":"2026-02-27T13:52:37","modified_gmt":"2026-02-27T16:52:37","slug":"tubo-endotraqueal-con-balon-cranberry","status":"publish","type":"product","link":"https:\/\/deltamed.cl\/tienda\/producto\/tubo-endotraqueal-con-balon-cranberry\/","title":{"rendered":"Tubo endotraqueal con bal\u00f3n Cranberry"},"content":{"rendered":"<p>Tubo endotraqueal con bal\u00f3n Cranberry<br \/>\n1 unidad<\/p>\n<p>El tubo endotraqueal es un dispositivo m\u00e9dico desechable dise\u00f1ado para mantener la permeabilidad de las v\u00edas respiratorias y asegurar una adecuada funci\u00f3n respiratoria en pacientes que no pueden realizar estas funciones por s\u00ed mismos.<br \/>\nFacilita el paso continuo de ox\u00edgeno y aire, as\u00ed como la eliminaci\u00f3n de di\u00f3xido de carbono.<br \/>\nEste tubo puede utilizarse tanto a corto como a largo plazo.<br \/>\nIncluye un bal\u00f3n incorporado que, al inflarse, lo fija firmemente en la v\u00eda respiratoria. Adem\u00e1s, el tubo cuenta con una l\u00ednea azul radiopaca a lo largo de toda su longitud para facilitar el seguimiento radiol\u00f3gico.<\/p>\n<p>Medidas:<\/p>\n<p>4 &#8211; AATECB40<br \/>\n4.5 &#8211; AATECB45<br \/>\n5 &#8211; AATECB50<br \/>\n5.5 &#8211; AATECB55<br \/>\n6 &#8211; AATECB60<br \/>\n6.5 &#8211; AATECB65<br \/>\n7 &#8211; AATECB70<br \/>\n7.5 &#8211; AATECB75<br \/>\n8 &#8211; AATECB80<br \/>\n8.5 &#8211; AATECB85<br \/>\n9 &#8211; AATECB90<\/p>\n","protected":false},"excerpt":{"rendered":"<p>Tubo endotraqueal con bal\u00f3n Cranberry<br \/>\n1 unidad<\/p>\n<p>El tubo endotraqueal es un dispositivo m\u00e9dico desechable dise\u00f1ado para mantener la permeabilidad de las v\u00edas respiratorias y asegurar una adecuada funci\u00f3n respiratoria en pacientes que no pueden realizar estas funciones por s\u00ed mismos.<br \/>\nFacilita el paso continuo de ox\u00edgeno y aire, as\u00ed como la eliminaci\u00f3n de di\u00f3xido de carbono.<br \/>\nEste tubo puede utilizarse tanto a corto como a largo plazo.<br \/>\nIncluye un bal\u00f3n incorporado que, al inflarse, lo fija firmemente en la v\u00eda respiratoria. Adem\u00e1s, el tubo cuenta con una l\u00ednea azul radiopaca a lo largo de toda su longitud para facilitar el seguimiento radiol\u00f3gico.<\/p>\n","protected":false},"featured_media":2477,"comment_status":"open","ping_status":"closed","template":"","meta":{"_acf_changed":false},"product_brand":[1087],"product_cat":[738,94],"product_tag":[805,847,845,843,844],"class_list":{"0":"post-2467","1":"product","2":"type-product","3":"status-publish","4":"has-post-thumbnail","6":"product_brand-cranberry","7":"product_cat-sondas","8":"product_cat-insumos-desechables","9":"product_tag-anestesia","10":"product_tag-endocanula","11":"product_tag-traqueotubo","12":"product_tag-treaqueo-tubo","13":"product_tag-tubo","14":"product_shipping_class-pequeno","16":"first","17":"outofstock","18":"shipping-taxable","19":"purchasable","20":"product-type-variable"},"acf":[],"_links":{"self":[{"href":"https:\/\/deltamed.cl\/tienda\/wp-json\/wp\/v2\/product\/2467","targetHints":{"allow":["GET"]}}],"collection":[{"href":"https:\/\/deltamed.cl\/tienda\/wp-json\/wp\/v2\/product"}],"about":[{"href":"https:\/\/deltamed.cl\/tienda\/wp-json\/wp\/v2\/types\/product"}],"replies":[{"embeddable":true,"href":"https:\/\/deltamed.cl\/tienda\/wp-json\/wp\/v2\/comments?post=2467"}],"version-history":[{"count":5,"href":"https:\/\/deltamed.cl\/tienda\/wp-json\/wp\/v2\/product\/2467\/revisions"}],"predecessor-version":[{"id":14534,"href":"https:\/\/deltamed.cl\/tienda\/wp-json\/wp\/v2\/product\/2467\/revisions\/14534"}],"wp:featuredmedia":[{"embeddable":true,"href":"https:\/\/deltamed.cl\/tienda\/wp-json\/wp\/v2\/media\/2477"}],"wp:attachment":[{"href":"https:\/\/deltamed.cl\/tienda\/wp-json\/wp\/v2\/media?parent=2467"}],"wp:term":[{"taxonomy":"product_brand","embeddable":true,"href":"https:\/\/deltamed.cl\/tienda\/wp-json\/wp\/v2\/product_brand?post=2467"},{"taxonomy":"product_cat","embeddable":true,"href":"https:\/\/deltamed.cl\/tienda\/wp-json\/wp\/v2\/product_cat?post=2467"},{"taxonomy":"product_tag","embeddable":true,"href":"https:\/\/deltamed.cl\/tienda\/wp-json\/wp\/v2\/product_tag?post=2467"}],"curies":[{"name":"wp","href":"https:\/\/api.w.org\/{rel}","templated":true}]}}