{"id":241,"date":"2020-12-11T08:22:21","date_gmt":"2020-12-11T11:22:21","guid":{"rendered":"https:\/\/deltamed.cl\/tienda\/?post_type=product&#038;p=241"},"modified":"2026-02-27T13:30:26","modified_gmt":"2026-02-27T16:30:26","slug":"nebulizador-ne-c801-omron","status":"publish","type":"product","link":"https:\/\/deltamed.cl\/tienda\/producto\/nebulizador-ne-c801-omron\/","title":{"rendered":"Nebulizador ne-C801 Omron"},"content":{"rendered":"<p>Nebulizador ne-C801 Omron<\/p>\n<p>Este silencioso y f\u00e1cil de transportar nebulizador de compresor produce el tama\u00f1o ideal de part\u00edculas para un tratamiento eficaz.<\/p>\n<p>Con un peso de tan solo 270 gramos, el nebulizador NE-C801 no solo es compacto y f\u00e1cil de transportar, pero tambi\u00e9n m\u00e1s silencioso que nebulizadores tradicionales de compresor.<\/p>\n<p>M\u00e1s silencioso que los nebulizadores tradicionales (solo 46db) de compresor.<\/p>\n<p>Tama\u00f1o ideal de part\u00edculas para un tratamiento eficaz: Con 3\u03bcm MMAD*, produce el tama\u00f1o ideal de part\u00edculas para un tratamiento eficaz, tratando las \u00e1reas adecuadas.<\/p>\n<p>Tiempos cortos de administraci\u00f3n del medicamento: Gracias a la excepcional tecnolog\u00eda V.V.T. de Omron, este nebulizador cuenta con un eficaz y corto tiempo de administraci\u00f3n del medicamento (0.3ml\/minuto), a la vez que reduce el desperdicio de medicaci\u00f3n.<\/p>\n<p>Caracter\u00edsticas t\u00e9cnicas:<\/p>\n<p>\u2022 \u00a0Tipo: Nebulizador de compresor<br \/>\n\u2022 Especificaci\u00f3n el\u00e9ctrica (adaptador CA 100 &#8211; 240V ~ 350mA, 50\/60 Hz<br \/>\n\u2022 Especificaci\u00f3n el\u00e9ctrica (Nebulizador con compresor) 12V 0.8A<br \/>\n\u2022 Velocidad del nebulizador aproximadamente 0.3 mL\/min (sin tapa)<br \/>\n\u2022 Tama\u00f1o de las part\u00edculas *MMAD aproximadamente 3 \u03bcm (basado en EN13544-1:2007)<br \/>\n\u2022 Capacidad del recipiente del medicamento 7 mL (cc) m\u00e1x.<br \/>\n\u2022 Cantidades adecuadas de medicamento 2 mL &#8211; 7 mL (cc)<br \/>\n\u2022 Condiciones de operaci\u00f3n Operaci\u00f3n intermitente de 20 min.<br \/>\n\u2022 encendido\/40 min. apagado<br \/>\n\u2022 Temperatura de operaci\u00f3n\/Humedad: +10\u00b0C a +40\u00b0C (+50\u00b0F a 104\u00b0F),<br \/>\n\u2022 30% a 85% de humedad relativa.<br \/>\n\u2022 Temperatura de almacenamiento\/ \u201320\u00b0C a +60\u00b0C (\u20134\u00b0F a +140\u00b0F),<br \/>\n\u2022 10% a 95% de humedad relativa<br \/>\n\u2022 Humedad\/Presi\u00f3n de aire 700 hPa a 1060 hPa<br \/>\n\u2022 Peso Aprox. 270 g. (9.5 oz.) (solamente el comprensor)<br \/>\n\u2022 Dimensiones Aprox. 142 mm (l) \u00d7 72 mm (a) \u00d7 98 mm (p)<br \/>\n\u2022 Incluye: Compresor, kit nebulizador, tubo de aire (PVC, 100 cm),<br \/>\n\u2022 tapa del filtro de aire, boquilla, filtros de aire (paquete de 5),<br \/>\n\u2022 mascarilla para adultos (PVC), mascarilla para ni\u00f1os (PVC),<br \/>\n\u2022 adaptador CA, estuche de almacenamiento y manual de instrucciones.<br \/>\n\u2022 Clasificaci\u00f3n: Equipo clase II, pieza aplicada tipo B<\/p>\n<div id=\"attachment_242\" style=\"width: 310px\" class=\"wp-caption alignnone\"><img fetchpriority=\"high\" decoding=\"async\" aria-describedby=\"caption-attachment-242\" class=\"size-medium wp-image-242\" src=\"https:\/\/deltamed.cl\/tienda\/wp-content\/uploads\/2020\/12\/aa-delta-55-300x300.jpg\" alt=\"nebulizador ne-c801 omron\" width=\"300\" height=\"300\" title=\"\" srcset=\"https:\/\/deltamed.cl\/tienda\/wp-content\/uploads\/2020\/12\/aa-delta-55-300x300.jpg 300w, https:\/\/deltamed.cl\/tienda\/wp-content\/uploads\/2020\/12\/aa-delta-55-100x100.jpg 100w, https:\/\/deltamed.cl\/tienda\/wp-content\/uploads\/2020\/12\/aa-delta-55-150x150.jpg 150w, https:\/\/deltamed.cl\/tienda\/wp-content\/uploads\/2020\/12\/aa-delta-55.jpg 600w\" sizes=\"(max-width: 300px) 100vw, 300px\" \/><p id=\"caption-attachment-242\" class=\"wp-caption-text\">nebulizador ne-c801 omron<\/p><\/div>\n","protected":false},"excerpt":{"rendered":"<p>Nebulizador ne-C801 Omron<\/p>\n<p>Este silencioso y f\u00e1cil de transportar nebulizador de compresor produce el tama\u00f1o ideal de part\u00edculas para un tratamiento eficaz.<\/p>\n<p>&nbsp;<\/p>\n<p>&nbsp;<\/p>\n","protected":false},"featured_media":242,"comment_status":"open","ping_status":"closed","template":"","meta":{"_acf_changed":false},"product_brand":[1096],"product_cat":[15],"product_tag":[139,140],"class_list":{"0":"post-241","1":"product","2":"type-product","3":"status-publish","4":"has-post-thumbnail","6":"product_brand-omron","7":"product_cat-medicion-y-diagnostico","8":"product_tag-nebulizador","9":"product_tag-omron","10":"product_shipping_class-pequeno","12":"first","13":"instock","14":"shipping-taxable","15":"purchasable","16":"product-type-simple"},"acf":[],"_links":{"self":[{"href":"https:\/\/deltamed.cl\/tienda\/wp-json\/wp\/v2\/product\/241","targetHints":{"allow":["GET"]}}],"collection":[{"href":"https:\/\/deltamed.cl\/tienda\/wp-json\/wp\/v2\/product"}],"about":[{"href":"https:\/\/deltamed.cl\/tienda\/wp-json\/wp\/v2\/types\/product"}],"replies":[{"embeddable":true,"href":"https:\/\/deltamed.cl\/tienda\/wp-json\/wp\/v2\/comments?post=241"}],"version-history":[{"count":2,"href":"https:\/\/deltamed.cl\/tienda\/wp-json\/wp\/v2\/product\/241\/revisions"}],"predecessor-version":[{"id":8729,"href":"https:\/\/deltamed.cl\/tienda\/wp-json\/wp\/v2\/product\/241\/revisions\/8729"}],"wp:featuredmedia":[{"embeddable":true,"href":"https:\/\/deltamed.cl\/tienda\/wp-json\/wp\/v2\/media\/242"}],"wp:attachment":[{"href":"https:\/\/deltamed.cl\/tienda\/wp-json\/wp\/v2\/media?parent=241"}],"wp:term":[{"taxonomy":"product_brand","embeddable":true,"href":"https:\/\/deltamed.cl\/tienda\/wp-json\/wp\/v2\/product_brand?post=241"},{"taxonomy":"product_cat","embeddable":true,"href":"https:\/\/deltamed.cl\/tienda\/wp-json\/wp\/v2\/product_cat?post=241"},{"taxonomy":"product_tag","embeddable":true,"href":"https:\/\/deltamed.cl\/tienda\/wp-json\/wp\/v2\/product_tag?post=241"}],"curies":[{"name":"wp","href":"https:\/\/api.w.org\/{rel}","templated":true}]}}