{"id":2363,"date":"2021-09-24T17:18:07","date_gmt":"2021-09-24T20:18:07","guid":{"rendered":"https:\/\/deltamed.cl\/tienda\/?post_type=product&#038;p=2363"},"modified":"2026-02-27T07:16:11","modified_gmt":"2026-02-27T10:16:11","slug":"higieclin-sabanilla-adulto-x-6-und","status":"publish","type":"product","link":"https:\/\/deltamed.cl\/tienda\/producto\/higieclin-sabanilla-adulto-x-6-und\/","title":{"rendered":"Higieclin sabanilla adulto x 6 und"},"content":{"rendered":"<p>Higieclin sabanilla adulto x 6 und<\/p>\n<p>Contiene 6 unidades<\/p>\n<p>Sabanilla Higieclin, el mejor aliados para el cuidado del adulto mayor y para tu hogar.<\/p>\n<p>Su tela no tejida facilita la absorci\u00f3n y se mantiene siempre seca. Tambi\u00e9n son impermeables y suaves.<\/p>\n<p>Adem\u00e1s, gracias a su s\u00faper absorbente (SAP) tiene la capacidad de absorber entre 30 y 50 veces su peso.<\/p>\n<p>Sus dos cierres autoadhesivos, son totalmente reposicionables, todas las veces que lo necesites.<\/p>\n<p>Sus materiales dejan que la piel respire, evitando irritaciones, para mantener la piel siempre sana.<\/p>\n<p>Entrenamiento de mascotas<\/p>\n<p>Las sabanillas tambi\u00e9n son necesarias en el cuidado de mascotas. Su uso te ayudar\u00e1 a mantener tu hogar limpio, d\u00e1ndole un espacio a los consentidos del hogar para sus necesidades biol\u00f3gicas.<\/p>\n<p>Gracias a sus diversas capas,\u00a0capturar\u00e1n todos los l\u00edquidos, evitando derrames, y mantendr\u00e1n todos los desechos s\u00f3lidos lejos de tu piso.<\/p>\n<p>Adem\u00e1s, facilitar\u00e1 su entrenamiento, indic\u00e1ndoles un lugar en espec\u00edfico para orinar y defecar, que\u00a0no podr\u00e1n mover\u00a0por sus autoadhesivos.<\/p>\n<p>&nbsp;<\/p>\n","protected":false},"excerpt":{"rendered":"<p>Higieclin sabanilla adulto x 6 und<\/p>\n<p>Contiene 6 unidades<\/p>\n<p>Sabanilla Higieclin, el mejor aliados para el cuidado del adulto mayor y para tu hogar.<\/p>\n<p>Su tela no tejida facilita la absorci\u00f3n y se mantiene siempre seca. Tambi\u00e9n son impermeables y suaves.<\/p>\n<p>Adem\u00e1s, gracias a su s\u00faper absorbente (SAP) tiene la capacidad de absorber entre 30 y 50 veces su peso.<\/p>\n<p>Sus dos cierres autoadhesivos, son totalmente reposicionables, todas las veces que lo necesites.<\/p>\n<p>Sus materiales dejan que la piel respire, evitando irritaciones, para mantener la piel siempre sana.<\/p>\n","protected":false},"featured_media":1119,"comment_status":"open","ping_status":"closed","template":"","meta":{"_acf_changed":false},"product_brand":[],"product_cat":[94],"product_tag":[],"class_list":{"0":"post-2363","1":"product","2":"type-product","3":"status-publish","4":"has-post-thumbnail","6":"product_cat-insumos-desechables","7":"product_shipping_class-mediano","9":"first","10":"outofstock","11":"shipping-taxable","12":"purchasable","13":"product-type-simple"},"acf":[],"_links":{"self":[{"href":"https:\/\/deltamed.cl\/tienda\/wp-json\/wp\/v2\/product\/2363","targetHints":{"allow":["GET"]}}],"collection":[{"href":"https:\/\/deltamed.cl\/tienda\/wp-json\/wp\/v2\/product"}],"about":[{"href":"https:\/\/deltamed.cl\/tienda\/wp-json\/wp\/v2\/types\/product"}],"replies":[{"embeddable":true,"href":"https:\/\/deltamed.cl\/tienda\/wp-json\/wp\/v2\/comments?post=2363"}],"version-history":[{"count":0,"href":"https:\/\/deltamed.cl\/tienda\/wp-json\/wp\/v2\/product\/2363\/revisions"}],"wp:featuredmedia":[{"embeddable":true,"href":"https:\/\/deltamed.cl\/tienda\/wp-json\/wp\/v2\/media\/1119"}],"wp:attachment":[{"href":"https:\/\/deltamed.cl\/tienda\/wp-json\/wp\/v2\/media?parent=2363"}],"wp:term":[{"taxonomy":"product_brand","embeddable":true,"href":"https:\/\/deltamed.cl\/tienda\/wp-json\/wp\/v2\/product_brand?post=2363"},{"taxonomy":"product_cat","embeddable":true,"href":"https:\/\/deltamed.cl\/tienda\/wp-json\/wp\/v2\/product_cat?post=2363"},{"taxonomy":"product_tag","embeddable":true,"href":"https:\/\/deltamed.cl\/tienda\/wp-json\/wp\/v2\/product_tag?post=2363"}],"curies":[{"name":"wp","href":"https:\/\/api.w.org\/{rel}","templated":true}]}}