{"id":235,"date":"2020-12-11T08:17:29","date_gmt":"2020-12-11T11:17:29","guid":{"rendered":"https:\/\/deltamed.cl\/tienda\/?post_type=product&#038;p=235"},"modified":"2026-03-19T11:58:33","modified_gmt":"2026-03-19T14:58:33","slug":"toma-presion-esfigmomanometro-aneroide-ri-san-riester","status":"publish","type":"product","link":"https:\/\/deltamed.cl\/tienda\/producto\/toma-presion-esfigmomanometro-aneroide-ri-san-riester\/","title":{"rendered":"Toma presi\u00f3n esfigmoman\u00f3metro aneroide RI SAN RIESTER"},"content":{"rendered":"<p>Toma presi\u00f3n esfigmoman\u00f3metro aneroide RI SAN RIESTER<\/p>\n<p>Un dise\u00f1o sistem\u00e1ticamente ergon\u00f3mico es la principal caracter\u00edstica del tensi\u00f3metro ri-san\u00ae, un aparato de alta calidad para usar con una sola mano.<\/p>\n<p>La v\u00e1lvula de purga de aire se regula c\u00f3modamente mediante una simple presi\u00f3n del dedo.<\/p>\n<p>Uni\u00f3n enchufable para el tubo situada en la parte superior del man\u00f3metro, para no estorbar durante la medici\u00f3n de la tensi\u00f3n.<\/p>\n<p>Apto para usuarios diestros y zurdos.<\/p>\n<p>V\u00e1lvula de purga de precisi\u00f3n, con ajuste fino y sin desgaste Microfiltros para proteger la v\u00e1lvula de purga de aire y el sistema de medici\u00f3n.<\/p>\n<p>Membrana endurecida especial de cobre-berilio, pr\u00e1cticamente no envejece El mecanismo de precisi\u00f3n garantiza mediciones fiables.<\/p>\n<p><strong>Especificaciones:<\/strong><\/p>\n<ul>\n<li>Modelo: Ri-San<\/li>\n<li>Procedencia: Alemania<\/li>\n<li>Membrana: Resistente a sobrepresiones hasta 600 mm Hg<\/li>\n<li>Tipo: Aneroide<\/li>\n<li>Brazalete: Adulto est\u00e1ndar con velcro<\/li>\n<li>Normativa: BHS A\/A<\/li>\n<li>Tolerancia de Error M\u00e1xima: +\/- 3 mm Hg<\/li>\n<li>Escala Lineal: \u00d8 64 mm, 0-300 mm Hg<\/li>\n<li>Carcasa: Resistente ABS<\/li>\n<\/ul>\n<div id=\"attachment_236\" style=\"width: 310px\" class=\"wp-caption alignnone\"><img fetchpriority=\"high\" decoding=\"async\" aria-describedby=\"caption-attachment-236\" class=\"size-medium wp-image-236\" src=\"https:\/\/deltamed.cl\/tienda\/wp-content\/uploads\/2020\/12\/aa-delta-52-300x300.jpg\" alt=\"Toma presi\u00f3n esfigmoman\u00f3metro aneroide RI SAN RIESTER\" width=\"300\" height=\"300\" title=\"\" srcset=\"https:\/\/deltamed.cl\/tienda\/wp-content\/uploads\/2020\/12\/aa-delta-52-300x300.jpg 300w, https:\/\/deltamed.cl\/tienda\/wp-content\/uploads\/2020\/12\/aa-delta-52-100x100.jpg 100w, https:\/\/deltamed.cl\/tienda\/wp-content\/uploads\/2020\/12\/aa-delta-52-150x150.jpg 150w, https:\/\/deltamed.cl\/tienda\/wp-content\/uploads\/2020\/12\/aa-delta-52.jpg 600w\" sizes=\"(max-width: 300px) 100vw, 300px\" \/><p id=\"caption-attachment-236\" class=\"wp-caption-text\">Toma presi\u00f3n esfigmoman\u00f3metro aneroide RI SAN RIESTER<\/p><\/div>\n","protected":false},"excerpt":{"rendered":"<p>Toma presi\u00f3n esfigmoman\u00f3metro aneroide RI SAN RIESTER<\/p>\n<p>Un dise\u00f1o sistem\u00e1ticamente ergon\u00f3mico es la principal caracter\u00edstica del tensi\u00f3metro ri-san\u00ae, un aparato de alta calidad para usar con una sola mano.<\/p>\n<p>La v\u00e1lvula de purga de aire se regula c\u00f3modamente mediante una simple presi\u00f3n del dedo.<\/p>\n<p>Uni\u00f3n enchufable para el tubo situada en la parte superior del man\u00f3metro, para no estorbar durante la medici\u00f3n de la tensi\u00f3n.<\/p>\n","protected":false},"featured_media":236,"comment_status":"open","ping_status":"closed","template":"","meta":{"_acf_changed":false},"product_brand":[1112],"product_cat":[15,361],"product_tag":[132,133,79,130],"class_list":{"0":"post-235","1":"product","2":"type-product","3":"status-publish","4":"has-post-thumbnail","6":"product_brand-riester","7":"product_cat-medicion-y-diagnostico","8":"product_cat-toma-presion","9":"product_tag-aneroide","10":"product_tag-ri-san","11":"product_tag-riester","12":"product_tag-toma-presion","13":"product_shipping_class-pequeno","15":"first","16":"instock","17":"shipping-taxable","18":"purchasable","19":"product-type-variable"},"acf":[],"_links":{"self":[{"href":"https:\/\/deltamed.cl\/tienda\/wp-json\/wp\/v2\/product\/235","targetHints":{"allow":["GET"]}}],"collection":[{"href":"https:\/\/deltamed.cl\/tienda\/wp-json\/wp\/v2\/product"}],"about":[{"href":"https:\/\/deltamed.cl\/tienda\/wp-json\/wp\/v2\/types\/product"}],"replies":[{"embeddable":true,"href":"https:\/\/deltamed.cl\/tienda\/wp-json\/wp\/v2\/comments?post=235"}],"version-history":[{"count":2,"href":"https:\/\/deltamed.cl\/tienda\/wp-json\/wp\/v2\/product\/235\/revisions"}],"predecessor-version":[{"id":9147,"href":"https:\/\/deltamed.cl\/tienda\/wp-json\/wp\/v2\/product\/235\/revisions\/9147"}],"wp:featuredmedia":[{"embeddable":true,"href":"https:\/\/deltamed.cl\/tienda\/wp-json\/wp\/v2\/media\/236"}],"wp:attachment":[{"href":"https:\/\/deltamed.cl\/tienda\/wp-json\/wp\/v2\/media?parent=235"}],"wp:term":[{"taxonomy":"product_brand","embeddable":true,"href":"https:\/\/deltamed.cl\/tienda\/wp-json\/wp\/v2\/product_brand?post=235"},{"taxonomy":"product_cat","embeddable":true,"href":"https:\/\/deltamed.cl\/tienda\/wp-json\/wp\/v2\/product_cat?post=235"},{"taxonomy":"product_tag","embeddable":true,"href":"https:\/\/deltamed.cl\/tienda\/wp-json\/wp\/v2\/product_tag?post=235"}],"curies":[{"name":"wp","href":"https:\/\/api.w.org\/{rel}","templated":true}]}}