{"id":2335,"date":"2021-09-20T16:27:13","date_gmt":"2021-09-20T19:27:13","guid":{"rendered":"https:\/\/deltamed.cl\/tienda\/?post_type=product&#038;p=2335"},"modified":"2026-02-27T07:16:11","modified_gmt":"2026-02-27T10:16:11","slug":"sonda-dental-curva","status":"publish","type":"product","link":"https:\/\/deltamed.cl\/tienda\/producto\/sonda-dental-curva\/","title":{"rendered":"Sonda dental curva"},"content":{"rendered":"<p>Sonda dental curva<\/p>\n<p>En general las sondas curvas se componen de mango, cuello y punta de trabajo; \u00e9stas deben ser delgadas y el cuello curvo para permitir una f\u00e1cil inserci\u00f3n al interior de la boca.<\/p>\n<p>Una sonda es \u00fatil en el diagn\u00f3stico de caries como una herramienta para quitar y cuantificar placa bacteriana, saburra y verificar las caracter\u00edsticas de la superficie de lesiones sospechosas.<\/p>\n<p>Instrumental de acero quir\u00fargico inoxidable.<\/p>\n<p>&nbsp;<\/p>\n","protected":false},"excerpt":{"rendered":"<p>Sonda dental curva<\/p>\n<p>En general las sondas curvas se componen de mango, cuello y punta de trabajo; \u00e9stas deben ser delgadas y el cuello curvo para permitir una f\u00e1cil inserci\u00f3n al interior de la boca.<\/p>\n<p>Esta sonda est\u00e1 indicada para diagn\u00f3stico de caries, examinar las superficies, etc.<\/p>\n<p>Instrumental de acero quir\u00fargico inoxidable.<\/p>\n","protected":false},"featured_media":2336,"comment_status":"open","ping_status":"closed","template":"","meta":{"_acf_changed":false},"product_brand":[],"product_cat":[15],"product_tag":[],"class_list":{"0":"post-2335","1":"product","2":"type-product","3":"status-publish","4":"has-post-thumbnail","6":"product_cat-medicion-y-diagnostico","7":"product_shipping_class-pequeno","9":"first","10":"outofstock","11":"shipping-taxable","12":"purchasable","13":"product-type-simple"},"acf":[],"_links":{"self":[{"href":"https:\/\/deltamed.cl\/tienda\/wp-json\/wp\/v2\/product\/2335","targetHints":{"allow":["GET"]}}],"collection":[{"href":"https:\/\/deltamed.cl\/tienda\/wp-json\/wp\/v2\/product"}],"about":[{"href":"https:\/\/deltamed.cl\/tienda\/wp-json\/wp\/v2\/types\/product"}],"replies":[{"embeddable":true,"href":"https:\/\/deltamed.cl\/tienda\/wp-json\/wp\/v2\/comments?post=2335"}],"version-history":[{"count":0,"href":"https:\/\/deltamed.cl\/tienda\/wp-json\/wp\/v2\/product\/2335\/revisions"}],"wp:featuredmedia":[{"embeddable":true,"href":"https:\/\/deltamed.cl\/tienda\/wp-json\/wp\/v2\/media\/2336"}],"wp:attachment":[{"href":"https:\/\/deltamed.cl\/tienda\/wp-json\/wp\/v2\/media?parent=2335"}],"wp:term":[{"taxonomy":"product_brand","embeddable":true,"href":"https:\/\/deltamed.cl\/tienda\/wp-json\/wp\/v2\/product_brand?post=2335"},{"taxonomy":"product_cat","embeddable":true,"href":"https:\/\/deltamed.cl\/tienda\/wp-json\/wp\/v2\/product_cat?post=2335"},{"taxonomy":"product_tag","embeddable":true,"href":"https:\/\/deltamed.cl\/tienda\/wp-json\/wp\/v2\/product_tag?post=2335"}],"curies":[{"name":"wp","href":"https:\/\/api.w.org\/{rel}","templated":true}]}}