{"id":2329,"date":"2021-09-16T17:08:21","date_gmt":"2021-09-16T20:08:21","guid":{"rendered":"https:\/\/deltamed.cl\/tienda\/?post_type=product&#038;p=2329"},"modified":"2026-02-27T07:17:08","modified_gmt":"2026-02-27T10:17:08","slug":"cutimed-sorbact-unidad","status":"publish","type":"product","link":"https:\/\/deltamed.cl\/tienda\/producto\/cutimed-sorbact-unidad\/","title":{"rendered":"Cutimed sorbact Unidad"},"content":{"rendered":"<p>Cutimed sorbact Unidad<\/p>\n<p>Medidas: 7cm x 9cm,<br \/>\n10cm x 10cm<\/p>\n<p>Cutimed\u00ae Sorbact\u00ae est\u00e1 pensado para la adherencia efectiva y la eliminaci\u00f3n de bacterias y otros microorganismos de heridas exudativas, contaminadas, colonizadas o infectadas. Los ap\u00f3sitos est\u00e1n compuestos de un tejido revestido con cloruro de diaquilcarbamilo (DACC, una sustancia fuertemente hidr\u00f3foba), que permite una adhesi\u00f3n r\u00e1pida y efectiva de los microorganismos. La gasa Cutimed Sorbact es un dispositivo antimicrobiano y est\u00e9ril de captaci\u00f3n bacteriana y f\u00fangica. Consta de una capa de contacto con la herida Sorbact de color verde que permite el paso del exudado de la herida hacia un ap\u00f3sito secundario. La gasa se pliega en 8 capas. La gasa se puede utilizar con terapia de compresi\u00f3n.<\/p>\n<p>\u00bfC\u00f3mo act\u00faa Cutimed\u00ae Sorbact\u00ae?<\/p>\n<p>Su mecanismo de acci\u00f3n se basa en el efecto f\u00edsico de la interacci\u00f3n hidr\u00f3foba. Las sustancias hidr\u00f3fobas (repelentes al agua) muestran la tendencia natural de juntarse en un entorno acuoso. Los g\u00e9rmenes, que tambi\u00e9n dificultan la cicatrizaci\u00f3n, poseen propiedades hidr\u00f3fobas, por lo tanto se quedan adheridos de forma irreversible a las fibras de los ap\u00f3sitos Cutimed\u00ae Sorbact\u00ae. Un ejemplo t\u00edpico son las bacterias Gram positivas, como Estafilococos \u00e1ureos, MRSA o estreptococos, adem\u00e1s de los g\u00e9rmenes Gram negativos como E. coli y Pseudomonas. Hongos como Candida albicans tambi\u00e9n se quedan pegados a los ap\u00f3sitos.<\/p>\n<p>Modo de acci\u00f3n<\/p>\n<p>Cutimed Sorbact capta microorganismos como Staphycoccus auereus (incluidos MRSA), Streptococcus, Escherichia coli, Pseudomas aeruginosa y Candia albicans. Estos microorganismos se retiran cada vez que se cambia el ap\u00f3sito.<\/p>\n<p>Indicaciones<\/p>\n<p>La gasa Cutimed Sorbact esta indicada para su uso en el tratamiento de heridas limpias, contaminadas, colonizadas o infectadas con exudado, como heridas quir\u00fargicas, heridas traum\u00e1ticas, heridas cavitadas, f\u00edstulas, \u00falceras por presi\u00f3n, \u00falceras de pie diab\u00e9tico y \u00falceras de pierna.<\/p>\n","protected":false},"excerpt":{"rendered":"<p>Cutimed sorbact 10cm x 10cm unid<\/p>\n<p>Medidas: 10cm x 10cm<\/p>\n<p>Cutimed\u00ae Sorbact\u00ae est\u00e1 pensado para la adherencia efectiva y la eliminaci\u00f3n de bacterias y otros microorganismos de heridas exudativas, contaminadas, colonizadas o infectadas. Los ap\u00f3sitos est\u00e1n compuestos de un tejido revestido con cloruro de diaquilcarbamilo (DACC, una sustancia fuertemente hidr\u00f3foba), que permite una adhesi\u00f3n r\u00e1pida y efectiva de los microorganismos. La gasa Cutimed Sorbact es un dispositivo antimicrobiano y est\u00e9ril de captaci\u00f3n bacteriana y f\u00fangica. Consta de una capa de contacto con la herida Sorbact de color verde que permite el paso del exudado de la herida hacia un ap\u00f3sito secundario. La gasa se pliega en 8 capas. La gasa se puede utilizar con terapia de compresi\u00f3n.<\/p>\n<p>\u00bfC\u00f3mo act\u00faa Cutimed\u00ae Sorbact\u00ae?<\/p>\n<p>Su mecanismo de acci\u00f3n se basa en el efecto f\u00edsico de la interacci\u00f3n hidr\u00f3foba. Las sustancias hidr\u00f3fobas (repelentes al agua) muestran la tendencia natural de juntarse en un entorno acuoso. Los g\u00e9rmenes, que tambi\u00e9n dificultan la cicatrizaci\u00f3n, poseen propiedades hidr\u00f3fobas, por lo tanto se quedan adheridos de forma irreversible a las fibras de los ap\u00f3sitos Cutimed\u00ae Sorbact\u00ae. Un ejemplo t\u00edpico son las bacterias Gram positivas, como Estafilococos \u00e1ureos, MRSA o estreptococos, adem\u00e1s de los g\u00e9rmenes Gram negativos como E. coli y Pseudomonas. Hongos como Candida albicans tambi\u00e9n se quedan pegados a los ap\u00f3sitos.<\/p>\n","protected":false},"featured_media":2330,"comment_status":"open","ping_status":"closed","template":"","meta":{"_acf_changed":false},"product_brand":[],"product_cat":[94,36],"product_tag":[],"class_list":{"0":"post-2329","1":"product","2":"type-product","3":"status-publish","4":"has-post-thumbnail","6":"product_cat-insumos-desechables","7":"product_cat-tratamiento-de-herida","8":"product_shipping_class-pequeno","10":"first","11":"instock","12":"shipping-taxable","13":"purchasable","14":"product-type-variable"},"acf":[],"_links":{"self":[{"href":"https:\/\/deltamed.cl\/tienda\/wp-json\/wp\/v2\/product\/2329","targetHints":{"allow":["GET"]}}],"collection":[{"href":"https:\/\/deltamed.cl\/tienda\/wp-json\/wp\/v2\/product"}],"about":[{"href":"https:\/\/deltamed.cl\/tienda\/wp-json\/wp\/v2\/types\/product"}],"replies":[{"embeddable":true,"href":"https:\/\/deltamed.cl\/tienda\/wp-json\/wp\/v2\/comments?post=2329"}],"version-history":[{"count":3,"href":"https:\/\/deltamed.cl\/tienda\/wp-json\/wp\/v2\/product\/2329\/revisions"}],"predecessor-version":[{"id":18993,"href":"https:\/\/deltamed.cl\/tienda\/wp-json\/wp\/v2\/product\/2329\/revisions\/18993"}],"wp:featuredmedia":[{"embeddable":true,"href":"https:\/\/deltamed.cl\/tienda\/wp-json\/wp\/v2\/media\/2330"}],"wp:attachment":[{"href":"https:\/\/deltamed.cl\/tienda\/wp-json\/wp\/v2\/media?parent=2329"}],"wp:term":[{"taxonomy":"product_brand","embeddable":true,"href":"https:\/\/deltamed.cl\/tienda\/wp-json\/wp\/v2\/product_brand?post=2329"},{"taxonomy":"product_cat","embeddable":true,"href":"https:\/\/deltamed.cl\/tienda\/wp-json\/wp\/v2\/product_cat?post=2329"},{"taxonomy":"product_tag","embeddable":true,"href":"https:\/\/deltamed.cl\/tienda\/wp-json\/wp\/v2\/product_tag?post=2329"}],"curies":[{"name":"wp","href":"https:\/\/api.w.org\/{rel}","templated":true}]}}