{"id":222,"date":"2020-12-11T01:49:39","date_gmt":"2020-12-11T04:49:39","guid":{"rendered":"https:\/\/deltamed.cl\/tienda\/?post_type=product&#038;p=222"},"modified":"2026-03-28T19:05:47","modified_gmt":"2026-03-28T22:05:47","slug":"aposito-duoderm-extra-thin-10x10","status":"publish","type":"product","link":"https:\/\/deltamed.cl\/tienda\/producto\/aposito-duoderm-extra-thin-10x10\/","title":{"rendered":"Ap\u00f3sito DuoDERM Extra Thin 10X10"},"content":{"rendered":"<p>Ap\u00f3sito DuoDERM Extra Thin 10X10<\/p>\n<p>Caja de 10unidades<br \/>\n10cm x 10cm<\/p>\n<p>Dise\u00f1ado para reducir el riesgo de ruptura de la piel debido a la fricci\u00f3n.<\/p>\n<p>El Ap\u00f3sito DuoDERM\u00ae Extra Thin puede usarse como un ap\u00f3sito hidrocoloide primario para heridas secas a ligeramente exudativas.<\/p>\n<p>Se puede usar como un ap\u00f3sito secundario para sujetar un Ap\u00f3sito AQUACEL\u00ae o un Ap\u00f3sito AQUACEL\u00ae Ag.<\/p>\n<p>Las directrices del Comit\u00e9 Europeo de Asesor\u00eda sobre \u00dalceras de Presi\u00f3n y El Comit\u00e9 Nacional de Asesor\u00eda sobre \u00dalceras de Presi\u00f3n recomiendan el uso de los hidrocoloides para el manejo lesiones por depresi\u00f3n<\/p>\n<p>El Ap\u00f3sito DuoDERM\u00ae Extra Thin puede usarse para manejar las \u00falceras depresi\u00f3n de etapa I y de etapa II.<\/p>\n<ul>\n<li>Una pel\u00edcula delgada de poliuretano proporciona una barrera bacteriana y viral cuando el ap\u00f3sito permanece intacto y sin fuga.<\/li>\n<li>La pel\u00edcula proporciona una barrera resistente al agua sobre el ap\u00f3sito.<\/li>\n<li>El ap\u00f3sito puede retirarse sin da\u00f1ar el tejido recientemente formado.<\/li>\n<li>Est\u00e1 dise\u00f1ado para reducir el riesgo de lesiones de la piel debido a la fricci\u00f3n previniendo su contacto con la ropa \/ ropa de cama.<\/li>\n<li>Puede usarse como un ap\u00f3sito primario o secundario.<\/li>\n<li>Puede usarse en rasgaduras de la piel y heridas superficiales, heridas secas a ligeramente exudativas, tejido recientemente formado o piel en riesgo de lesiones.<\/li>\n<\/ul>\n<p>Caja de 10 unidades.<\/p>\n","protected":false},"excerpt":{"rendered":"<p>Ap\u00f3sito DuoDERM Extra Thin 10X10<\/p>\n<p>Caja de 10unidades<br \/>\n10cm x 10cm<\/p>\n<p>Dise\u00f1ado para reducir el riesgo de ruptura de la piel debido a la fricci\u00f3n.<\/p>\n<p>El Ap\u00f3sito DuoDERM\u00ae Extra Thin puede usarse como un ap\u00f3sito hidrocoloide primario para heridas secas a ligeramente exudativas.<\/p>\n<p>Se puede usar como un ap\u00f3sito secundario para sujetar un Ap\u00f3sito AQUACEL\u00ae o un Ap\u00f3sito AQUACEL\u00ae Ag.<\/p>\n","protected":false},"featured_media":897,"comment_status":"open","ping_status":"closed","template":"","meta":{"_acf_changed":false},"product_brand":[],"product_cat":[94,371,36],"product_tag":[107,106,105,108],"class_list":{"0":"post-222","1":"product","2":"type-product","3":"status-publish","4":"has-post-thumbnail","6":"product_cat-insumos-desechables","7":"product_cat-apositos-gasas","8":"product_cat-tratamiento-de-herida","9":"product_tag-aposito","10":"product_tag-duoderm","11":"product_tag-escara","12":"product_tag-heridas","13":"product_shipping_class-pequeno","15":"first","16":"instock","17":"shipping-taxable","18":"purchasable","19":"product-type-simple"},"acf":[],"_links":{"self":[{"href":"https:\/\/deltamed.cl\/tienda\/wp-json\/wp\/v2\/product\/222","targetHints":{"allow":["GET"]}}],"collection":[{"href":"https:\/\/deltamed.cl\/tienda\/wp-json\/wp\/v2\/product"}],"about":[{"href":"https:\/\/deltamed.cl\/tienda\/wp-json\/wp\/v2\/types\/product"}],"replies":[{"embeddable":true,"href":"https:\/\/deltamed.cl\/tienda\/wp-json\/wp\/v2\/comments?post=222"}],"version-history":[{"count":3,"href":"https:\/\/deltamed.cl\/tienda\/wp-json\/wp\/v2\/product\/222\/revisions"}],"predecessor-version":[{"id":11431,"href":"https:\/\/deltamed.cl\/tienda\/wp-json\/wp\/v2\/product\/222\/revisions\/11431"}],"wp:featuredmedia":[{"embeddable":true,"href":"https:\/\/deltamed.cl\/tienda\/wp-json\/wp\/v2\/media\/897"}],"wp:attachment":[{"href":"https:\/\/deltamed.cl\/tienda\/wp-json\/wp\/v2\/media?parent=222"}],"wp:term":[{"taxonomy":"product_brand","embeddable":true,"href":"https:\/\/deltamed.cl\/tienda\/wp-json\/wp\/v2\/product_brand?post=222"},{"taxonomy":"product_cat","embeddable":true,"href":"https:\/\/deltamed.cl\/tienda\/wp-json\/wp\/v2\/product_cat?post=222"},{"taxonomy":"product_tag","embeddable":true,"href":"https:\/\/deltamed.cl\/tienda\/wp-json\/wp\/v2\/product_tag?post=222"}],"curies":[{"name":"wp","href":"https:\/\/api.w.org\/{rel}","templated":true}]}}