{"id":2214,"date":"2021-09-01T13:27:10","date_gmt":"2021-09-01T16:27:10","guid":{"rendered":"https:\/\/deltamed.cl\/tienda\/?post_type=product&#038;p=2214"},"modified":"2026-04-14T12:55:40","modified_gmt":"2026-04-14T15:55:40","slug":"fixomull","status":"publish","type":"product","link":"https:\/\/deltamed.cl\/tienda\/producto\/fixomull\/","title":{"rendered":"Fixomull"},"content":{"rendered":"<p>Fixomull<\/p>\n<p>Fixomull\u00ae Stretch consiste en una gasa no tejida de poli\u00e9ster blanca, elasticada a lo ancho, recubierta por una cara por un adhesivo acr\u00edlico hipoalerg\u00e9nico. El \u00e1rea adhesiva est\u00e1 completamente cubierta de papel impreso siliconado. Es hipoalerg\u00e9nico, transpirable y no deja residuos. Fixomull esta fabricado en la tela de poli\u00e9ster no tejido, revestido con adhesivo de poliacrilato.<\/p>\n<p>Caracter\u00edsticas<\/p>\n<ul>\n<li>Buen poder adhesivo inicial y permanente.<\/li>\n<li>Bien tolerado por la piel, incluso en pacientes con piel sensible.<\/li>\n<li>Se estira transversalmente, se ajusta bien en zonas contorneadas del cuerpo.<\/li>\n<li>Previene la constricci\u00f3n, congesti\u00f3n y alteraci\u00f3n de la circulaci\u00f3n de la sangre.<\/li>\n<li>Radiotransparente.<\/li>\n<li>Flexible.<\/li>\n<li>F\u00e1cil manejo.<\/li>\n<li>Permeable al aire y al vapor de agua.<\/li>\n<li>Qu\u00edmicamente inerte para caucho y pl\u00e1sticos.<\/li>\n<li>Vigencia de 5 a\u00f1os.<\/li>\n<li>Libre de l\u00e1tex.<\/li>\n<li>Almacenar en condiciones secas, alejado de la luz y el calor<\/li>\n<\/ul>\n<p>Recomendaciones de uso<\/p>\n<p>Utilizado para fijaci\u00f3n de ap\u00f3sitos en heridas, particularmente en articulaciones, y tambi\u00e9n para fijaci\u00f3n segura de tubos, cat\u00e9teres, dispositivos e instrumentos de medici\u00f3n.<\/p>\n<p>Medidas:<\/p>\n<ul>\n<li>10 cm x10 mts<\/li>\n<li>15 cm x 10 mts<\/li>\n<li>5 cm x 10 mts<\/li>\n<\/ul>\n","protected":false},"excerpt":{"rendered":"<p>Fixomull<\/p>\n<p>Fixomull\u00ae Stretch consiste en una gasa no tejida de poli\u00e9ster blanca, elasticada a lo ancho, recubierta por una cara por un adhesivo acr\u00edlico hipoalerg\u00e9nico. El \u00e1rea adhesiva est\u00e1 completamente cubierta de papel impreso siliconado. Es hipoalerg\u00e9nico, transpirable y no deja residuos. Fixomull esta fabricado en la tela de poli\u00e9ster no tejido, revestido con adhesivo de poliacrilato.<\/p>\n<p>Caracter\u00edsticas<\/p>\n<ul>\n<li>Buen poder adhesivo inicial y permanente.<\/li>\n<li>Bien tolerado por la piel, incluso en pacientes con piel sensible.<\/li>\n<li>Se estira transversalmente, se ajusta bien en zonas contorneadas del cuerpo.<\/li>\n<li>Previene la constricci\u00f3n, congesti\u00f3n y alteraci\u00f3n de la circulaci\u00f3n de la sangre.<\/li>\n<li>Flexible.<\/li>\n<li>F\u00e1cil manejo.<\/li>\n<li>Permeable al aire y al vapor de agua.<\/li>\n<li>Libre de l\u00e1tex.<\/li>\n<\/ul>\n","protected":false},"featured_media":2218,"comment_status":"open","ping_status":"closed","template":"","meta":{"_acf_changed":false},"product_brand":[],"product_cat":[94,36],"product_tag":[],"class_list":{"0":"post-2214","1":"product","2":"type-product","3":"status-publish","4":"has-post-thumbnail","6":"product_cat-insumos-desechables","7":"product_cat-tratamiento-de-herida","8":"product_shipping_class-pequeno","10":"first","11":"instock","12":"shipping-taxable","13":"purchasable","14":"product-type-variable"},"acf":[],"_links":{"self":[{"href":"https:\/\/deltamed.cl\/tienda\/wp-json\/wp\/v2\/product\/2214","targetHints":{"allow":["GET"]}}],"collection":[{"href":"https:\/\/deltamed.cl\/tienda\/wp-json\/wp\/v2\/product"}],"about":[{"href":"https:\/\/deltamed.cl\/tienda\/wp-json\/wp\/v2\/types\/product"}],"replies":[{"embeddable":true,"href":"https:\/\/deltamed.cl\/tienda\/wp-json\/wp\/v2\/comments?post=2214"}],"version-history":[{"count":1,"href":"https:\/\/deltamed.cl\/tienda\/wp-json\/wp\/v2\/product\/2214\/revisions"}],"predecessor-version":[{"id":11709,"href":"https:\/\/deltamed.cl\/tienda\/wp-json\/wp\/v2\/product\/2214\/revisions\/11709"}],"wp:featuredmedia":[{"embeddable":true,"href":"https:\/\/deltamed.cl\/tienda\/wp-json\/wp\/v2\/media\/2218"}],"wp:attachment":[{"href":"https:\/\/deltamed.cl\/tienda\/wp-json\/wp\/v2\/media?parent=2214"}],"wp:term":[{"taxonomy":"product_brand","embeddable":true,"href":"https:\/\/deltamed.cl\/tienda\/wp-json\/wp\/v2\/product_brand?post=2214"},{"taxonomy":"product_cat","embeddable":true,"href":"https:\/\/deltamed.cl\/tienda\/wp-json\/wp\/v2\/product_cat?post=2214"},{"taxonomy":"product_tag","embeddable":true,"href":"https:\/\/deltamed.cl\/tienda\/wp-json\/wp\/v2\/product_tag?post=2214"}],"curies":[{"name":"wp","href":"https:\/\/api.w.org\/{rel}","templated":true}]}}