{"id":2208,"date":"2021-08-31T18:07:36","date_gmt":"2021-08-31T21:07:36","guid":{"rendered":"https:\/\/deltamed.cl\/tienda\/?post_type=product&#038;p=2208"},"modified":"2026-02-27T13:30:36","modified_gmt":"2026-02-27T16:30:36","slug":"corrector-de-juanete-nocturno-derecho-blunding","status":"publish","type":"product","link":"https:\/\/deltamed.cl\/tienda\/producto\/corrector-de-juanete-nocturno-derecho-blunding\/","title":{"rendered":"Corrector de juanete nocturno derecho Blunding"},"content":{"rendered":"<p><strong>Corrector de juanete nocturno derecho Blunding<\/strong><\/p>\n<p>Corrector para Juanete dise\u00f1ado en gel pol\u00edmero; es hipoalerg\u00e9nico, no t\u00f3xico, no inflamable, inodoro, totalmente lavable y mantendr\u00e1 su densidad.<\/p>\n<p>Posee un anillo en silicona para fijar los dedos y el posicionamiento del producto, aumentando la durabilidad y comodidad.<\/p>\n<p>Tratamiento de Hallux Valgus (juanete) elimina la fricci\u00f3n y la presi\u00f3n entre los dedos Separa los dedos torcidos y sobrepuestos.<\/p>\n<p>*Blunding recomienda utilizar este producto bajo prescripci\u00f3n m\u00e9dica.<\/p>\n<p>SE RECOMIENDA SU USO EN: Indicado para corregir gradualmente el Hallux Valgus (juanete) y evita que se acent\u00fae la dolencia.<\/p>\n<p>INSTRUCCIONES DE MANTENCI\u00d3N: Lave el producto manualmente con detergente suave. No planchar, secar a la sombra.<\/p>\n<p>&nbsp;<\/p>\n<div class=\"small-12  cell\">\n<h3 class=\"product-details__title\"><strong>ESPECIFICACIONES T\u00c9CNICAS<\/strong><\/h3>\n<\/div>\n<div class=\"small-12  cell  product-specs\">\n<div class=\"grid-x  grid-padding-x  product-specs__row\">\n<div class=\"small-12  medium-4  large-5  cell  product-specs__column\">\n<div class=\"product-specs__table\">\n<div class=\"product-specs__cell\"><span class=\"product-specs__title\">CARA EXTERNA<\/span><\/div>\n<\/div>\n<\/div>\n<div class=\"small-12  medium-8  large-7  cell  product-specs__column\">\n<div class=\"product-specs__table\">\n<div class=\"product-specs__cell\">\n<p class=\"product-specs__text\">100% Velour Poli\u00e9ster.<\/p>\n<\/div>\n<\/div>\n<\/div>\n<\/div>\n<div class=\"grid-x  grid-padding-x  product-specs__row\">\n<div class=\"small-12  medium-4  large-5  cell  product-specs__column\">\n<div class=\"product-specs__table\">\n<div class=\"product-specs__cell\"><span class=\"product-specs__title\">CARA INTERNA<\/span><\/div>\n<\/div>\n<\/div>\n<div class=\"small-12  medium-8  large-7  cell  product-specs__column\">\n<div class=\"product-specs__table\">\n<div class=\"product-specs__cell\">\n<p class=\"product-specs__text\">100% Algod\u00f3n.<\/p>\n<\/div>\n<\/div>\n<\/div>\n<\/div>\n<div class=\"grid-x  grid-padding-x  product-specs__row\">\n<div class=\"small-12  medium-4  large-5  cell  product-specs__column\">\n<div class=\"product-specs__table\">\n<div class=\"product-specs__cell\"><span class=\"product-specs__title\">F\u00c9RULAS<\/span><\/div>\n<\/div>\n<\/div>\n<div class=\"small-12  medium-8  large-7  cell  product-specs__column\">\n<div class=\"product-specs__table\">\n<div class=\"product-specs__cell\">\n<p class=\"product-specs__text\">Aluminio.<\/p>\n<\/div>\n<\/div>\n<\/div>\n<\/div>\n<div class=\"grid-x  grid-padding-x  product-specs__row\">\n<div class=\"small-12  medium-4  large-5  cell  product-specs__column\">\n<div class=\"product-specs__table\">\n<div class=\"product-specs__cell\"><span class=\"product-specs__title\">VELCRO Y FELPA<\/span><\/div>\n<\/div>\n<\/div>\n<div class=\"small-12  medium-8  large-7  cell  product-specs__column\">\n<div class=\"product-specs__table\">\n<div class=\"product-specs__cell\">\n<p class=\"product-specs__text\">100% Nylon.<\/p>\n<\/div>\n<div class=\"small-12 cell size-modal__row\">\n<div class=\"grid-x grid-padding-x\">\n<div class=\"small-4 cell size-modal__column\">\n<div class=\"size-modal__flex\"><span class=\"size-modal__value size-modal__value--title\">Talla S\u00a0 <\/span>36 &#8211; 38<\/div>\n<\/div>\n<\/div>\n<\/div>\n<div class=\"small-12 cell size-modal__row\">\n<div class=\"grid-x grid-padding-x\">\n<div class=\"small-4 cell size-modal__column\">\n<div class=\"size-modal__flex\"><span class=\"size-modal__value size-modal__value--title\">Talla M <\/span>38 &#8211; 40<\/div>\n<\/div>\n<\/div>\n<\/div>\n<div class=\"small-12 cell size-modal__row\">\n<div class=\"grid-x grid-padding-x\">\n<div class=\"small-4 cell size-modal__column\">\n<div class=\"size-modal__flex\"><span class=\"size-modal__value size-modal__value--title\">Talla L <\/span>40 &#8211; 42<\/div>\n<div><\/div>\n<\/div>\n<\/div>\n<\/div>\n<\/div>\n<\/div>\n<\/div>\n<\/div>\n","protected":false},"excerpt":{"rendered":"<p><strong>Corrector de juanete nocturno derecho Blunding<\/strong><\/p>\n<p>Corrector para Juanete dise\u00f1ado en gel pol\u00edmero; es hipoalerg\u00e9nico, no t\u00f3xico, no inflamable, inodoro, totalmente lavable y mantendr\u00e1 su densidad.<\/p>\n<p>Posee un anillo en silicona para fijar los dedos y el posicionamiento del producto, aumentando la durabilidad y comodidad.<\/p>\n<p>Tratamiento de Hallux Valgus (juanete) elimina la fricci\u00f3n y la presi\u00f3n entre los dedos Separa los dedos torcidos y sobrepuestos.<\/p>\n<p>*Blunding recomienda utilizar este producto bajo prescripci\u00f3n m\u00e9dica.<\/p>\n<p>SE RECOMIENDA SU USO EN: Indicado para corregir gradualmente el Hallux Valgus (juanete) y evita que se acent\u00fae la dolencia.<\/p>\n<p>INSTRUCCIONES DE MANTENCI\u00d3N: Lave el producto manualmente con detergente suave. No planchar, secar a la sombra.<\/p>\n<p>&nbsp;<\/p>\n","protected":false},"featured_media":2213,"comment_status":"open","ping_status":"closed","template":"","meta":{"_acf_changed":false},"product_brand":[1093],"product_cat":[37,235],"product_tag":[],"class_list":{"0":"post-2208","1":"product","2":"type-product","3":"status-publish","4":"has-post-thumbnail","6":"product_brand-blunding","7":"product_cat-kinesiologia","8":"product_cat-ortopedia","9":"product_shipping_class-pequeno","11":"first","12":"instock","13":"shipping-taxable","14":"purchasable","15":"product-type-variable"},"acf":[],"_links":{"self":[{"href":"https:\/\/deltamed.cl\/tienda\/wp-json\/wp\/v2\/product\/2208","targetHints":{"allow":["GET"]}}],"collection":[{"href":"https:\/\/deltamed.cl\/tienda\/wp-json\/wp\/v2\/product"}],"about":[{"href":"https:\/\/deltamed.cl\/tienda\/wp-json\/wp\/v2\/types\/product"}],"replies":[{"embeddable":true,"href":"https:\/\/deltamed.cl\/tienda\/wp-json\/wp\/v2\/comments?post=2208"}],"version-history":[{"count":1,"href":"https:\/\/deltamed.cl\/tienda\/wp-json\/wp\/v2\/product\/2208\/revisions"}],"predecessor-version":[{"id":16383,"href":"https:\/\/deltamed.cl\/tienda\/wp-json\/wp\/v2\/product\/2208\/revisions\/16383"}],"wp:featuredmedia":[{"embeddable":true,"href":"https:\/\/deltamed.cl\/tienda\/wp-json\/wp\/v2\/media\/2213"}],"wp:attachment":[{"href":"https:\/\/deltamed.cl\/tienda\/wp-json\/wp\/v2\/media?parent=2208"}],"wp:term":[{"taxonomy":"product_brand","embeddable":true,"href":"https:\/\/deltamed.cl\/tienda\/wp-json\/wp\/v2\/product_brand?post=2208"},{"taxonomy":"product_cat","embeddable":true,"href":"https:\/\/deltamed.cl\/tienda\/wp-json\/wp\/v2\/product_cat?post=2208"},{"taxonomy":"product_tag","embeddable":true,"href":"https:\/\/deltamed.cl\/tienda\/wp-json\/wp\/v2\/product_tag?post=2208"}],"curies":[{"name":"wp","href":"https:\/\/api.w.org\/{rel}","templated":true}]}}