{"id":220,"date":"2020-12-11T01:46:04","date_gmt":"2020-12-11T04:46:04","guid":{"rendered":"https:\/\/deltamed.cl\/tienda\/?post_type=product&#038;p=220"},"modified":"2026-03-29T20:03:37","modified_gmt":"2026-03-29T23:03:37","slug":"jeringa-desechable-sin-aguja-60-ml-punta-cateter","status":"publish","type":"product","link":"https:\/\/deltamed.cl\/tienda\/producto\/jeringa-desechable-sin-aguja-60-ml-punta-cateter\/","title":{"rendered":"Jeringa desechable sin aguja 60 ml punta cat\u00e9ter"},"content":{"rendered":"<p><strong>Jeringa Desechable sin Aguja 60 ml Punta Cat\u00e9ter \u2013 Precisi\u00f3n y Seguridad<\/strong><\/p>\n<p>Este <strong>dispositivo m\u00e9dico desechable<\/strong> est\u00e1 dise\u00f1ado para la administraci\u00f3n segura y eficiente de nutrici\u00f3n y medicamentos por v\u00eda enteral a trav\u00e9s de sondas g\u00e1stricas o enterales. Su dise\u00f1o garantiza un manejo preciso y un deslizamiento suave del \u00e9mbolo para mayor comodidad en su uso.<\/p>\n<p>\u2705 <strong>Capacidad:<\/strong> 60 ml<br \/>\n\u2705 <strong>Punta cat\u00e9ter (sin aguja)<\/strong> \u2013 Ideal para procedimientos m\u00e9dicos y de alimentaci\u00f3n enteral.<br \/>\n\u2705 <strong>Deslizamiento suave del \u00e9mbolo<\/strong> \u2013 Facilita la aplicaci\u00f3n con precisi\u00f3n.<br \/>\n\u2705 <strong>Graduado indeleble<\/strong> \u2013 Permite una lectura clara y exacta de la cantidad administrada.<br \/>\n\u2705 <strong>Libre de l\u00e1tex<\/strong> \u2013 Apto para personas con alergias o sensibilidad.<br \/>\n\u2705 <strong>Caja con 25 unidades<\/strong> \u2013 Perfecto para uso profesional o institucional.<\/p>\n<p><strong>Certificaciones:<\/strong><br \/>\n\u2714 <strong>Registro ISP (Instituto de Salud P\u00fablica de Chile)<\/strong><br \/>\n\u2714 <strong>ISO 13485:2012<\/strong> \u2013 Cumple con est\u00e1ndares internacionales de calidad.<\/p>\n<p>\ud83d\udd39 <strong>Producto de un solo uso. Desechable para m\u00e1xima higiene y seguridad.<\/strong><\/p>\n<p>\ud83d\udc99 <strong>Adqui\u00e9relo ahora y garantiza un procedimiento seguro y eficiente!<\/strong><\/p>\n","protected":false},"excerpt":{"rendered":"<p>Jeringa desechable sin aguja 60 ml punta cat\u00e9ter<\/p>\n<p>Este dispositivo m\u00e9dico desechable est\u00e1 indicado para procesos de alimentaci\u00f3n por v\u00eda enteral a trav\u00e9s de una sonda, pudiendo administrar nutrici\u00f3n o medicamentos a trav\u00e9s de las sondas g\u00e1stricas o enterales.<br \/>\nTodas nuestras jeringas se encuentran registradas en el Instituto de Salud P\u00fablica de Chile (ISP).<\/p>\n<p>&#8211; Capacidad 60 ml.<\/p>\n<p>&#8211; Suave deslizamiento del \u00e9mbolo.<\/p>\n<p>&#8211; Graduado indeleble<\/p>\n<p>&#8211; Caja con 25 unidades.<\/p>\n<p>&#8211; Punta cat\u00e9ter (sin aguja)<\/p>\n","protected":false},"featured_media":221,"comment_status":"open","ping_status":"closed","template":"","meta":{"_acf_changed":false},"product_brand":[1087],"product_cat":[94,370],"product_tag":[124,113,123,603,125],"class_list":{"0":"post-220","1":"product","2":"type-product","3":"status-publish","4":"has-post-thumbnail","6":"product_brand-cranberry","7":"product_cat-insumos-desechables","8":"product_cat-jeringas","9":"product_tag-60ml","10":"product_tag-alimentacion","11":"product_tag-jeringa","12":"product_tag-jeringa-de-alimentacion","13":"product_tag-punta-cateter","14":"product_shipping_class-pequeno","16":"first","17":"instock","18":"shipping-taxable","19":"purchasable","20":"product-type-simple"},"acf":[],"_links":{"self":[{"href":"https:\/\/deltamed.cl\/tienda\/wp-json\/wp\/v2\/product\/220","targetHints":{"allow":["GET"]}}],"collection":[{"href":"https:\/\/deltamed.cl\/tienda\/wp-json\/wp\/v2\/product"}],"about":[{"href":"https:\/\/deltamed.cl\/tienda\/wp-json\/wp\/v2\/types\/product"}],"replies":[{"embeddable":true,"href":"https:\/\/deltamed.cl\/tienda\/wp-json\/wp\/v2\/comments?post=220"}],"version-history":[{"count":3,"href":"https:\/\/deltamed.cl\/tienda\/wp-json\/wp\/v2\/product\/220\/revisions"}],"predecessor-version":[{"id":16434,"href":"https:\/\/deltamed.cl\/tienda\/wp-json\/wp\/v2\/product\/220\/revisions\/16434"}],"wp:featuredmedia":[{"embeddable":true,"href":"https:\/\/deltamed.cl\/tienda\/wp-json\/wp\/v2\/media\/221"}],"wp:attachment":[{"href":"https:\/\/deltamed.cl\/tienda\/wp-json\/wp\/v2\/media?parent=220"}],"wp:term":[{"taxonomy":"product_brand","embeddable":true,"href":"https:\/\/deltamed.cl\/tienda\/wp-json\/wp\/v2\/product_brand?post=220"},{"taxonomy":"product_cat","embeddable":true,"href":"https:\/\/deltamed.cl\/tienda\/wp-json\/wp\/v2\/product_cat?post=220"},{"taxonomy":"product_tag","embeddable":true,"href":"https:\/\/deltamed.cl\/tienda\/wp-json\/wp\/v2\/product_tag?post=220"}],"curies":[{"name":"wp","href":"https:\/\/api.w.org\/{rel}","templated":true}]}}