{"id":2197,"date":"2021-08-31T16:36:30","date_gmt":"2021-08-31T19:36:30","guid":{"rendered":"https:\/\/deltamed.cl\/tienda\/?post_type=product&#038;p=2197"},"modified":"2026-02-27T13:30:35","modified_gmt":"2026-02-27T16:30:35","slug":"alza-ropa-medico-nacional","status":"publish","type":"product","link":"https:\/\/deltamed.cl\/tienda\/producto\/alza-ropa-medico-nacional\/","title":{"rendered":"Alza ropa medico nacional"},"content":{"rendered":"<p>Alza ropa medico nacional<\/p>\n<p>Alza Ropa <b>est\u00e1 dise\u00f1ado para evitar que la ropa de cama quede sobre la zona afectada del paciente ejerciendo presi\u00f3n y peso<\/b>.<\/p>\n<p>Evita el peso de la ropa de cama en los pies.<\/p>\n<p>Tiene una estructura liviana, f\u00e1cil de colocar bajo la ropa de cama, dejando un espacio entre paciente y el alza ropa para evitar el contacto.<\/p>\n<p>Alza Ropa Curvo es ideal para pacientes postrados , ya que, alivia la presi\u00f3n de las s\u00e1banas y frazadas en las extremidades inferiores evitando la generaci\u00f3n de escaras.<\/p>\n<p>&#8211; Ideado para personas que deben hacer reposo (post operatorio) o est\u00e1n postradas y les molesta o deben evitar el rose y\/o el peso de la ropa de cama.<br \/>\n&#8211; Sin bordes peligrosos.<br \/>\n&#8211; Medidas: Alto : 36cm, Ancho 66cm profundidad: 38cm peso aprox :1.5kilo<br \/>\n&#8211; Hecho de fierro esmaltado.<br \/>\n&#8211; Color gris<\/p>\n","protected":false},"excerpt":{"rendered":"<p>Alza ropa medico nacional<\/p>\n<p>Alza Ropa <b>est\u00e1 dise\u00f1ado para evitar que la ropa de cama quede sobre la zona afectada del paciente ejerciendo presi\u00f3n y peso<\/b>.<\/p>\n<p>Evita el peso de la ropa de cama en los pies.<\/p>\n<p>Tiene una estructura liviana, f\u00e1cil de colocar bajo la ropa de cama, dejando un espacio entre paciente y el alza ropa para evitar el contacto.<\/p>\n<p>Alza Ropa Curvo es ideal para pacientes postrados , ya que, alivia la presi\u00f3n de las s\u00e1banas y frazadas en las extremidades inferiores evitando la generaci\u00f3n de escaras.<\/p>\n","protected":false},"featured_media":2198,"comment_status":"open","ping_status":"closed","template":"","meta":{"_acf_changed":false},"product_brand":[],"product_cat":[214,101],"product_tag":[],"class_list":{"0":"post-2197","1":"product","2":"type-product","3":"status-publish","4":"has-post-thumbnail","6":"product_cat-cuidado-personal","7":"product_cat-mobiliario","8":"product_shipping_class-pequeno","10":"first","11":"instock","12":"shipping-taxable","13":"purchasable","14":"product-type-simple"},"acf":[],"_links":{"self":[{"href":"https:\/\/deltamed.cl\/tienda\/wp-json\/wp\/v2\/product\/2197","targetHints":{"allow":["GET"]}}],"collection":[{"href":"https:\/\/deltamed.cl\/tienda\/wp-json\/wp\/v2\/product"}],"about":[{"href":"https:\/\/deltamed.cl\/tienda\/wp-json\/wp\/v2\/types\/product"}],"replies":[{"embeddable":true,"href":"https:\/\/deltamed.cl\/tienda\/wp-json\/wp\/v2\/comments?post=2197"}],"version-history":[{"count":1,"href":"https:\/\/deltamed.cl\/tienda\/wp-json\/wp\/v2\/product\/2197\/revisions"}],"predecessor-version":[{"id":9741,"href":"https:\/\/deltamed.cl\/tienda\/wp-json\/wp\/v2\/product\/2197\/revisions\/9741"}],"wp:featuredmedia":[{"embeddable":true,"href":"https:\/\/deltamed.cl\/tienda\/wp-json\/wp\/v2\/media\/2198"}],"wp:attachment":[{"href":"https:\/\/deltamed.cl\/tienda\/wp-json\/wp\/v2\/media?parent=2197"}],"wp:term":[{"taxonomy":"product_brand","embeddable":true,"href":"https:\/\/deltamed.cl\/tienda\/wp-json\/wp\/v2\/product_brand?post=2197"},{"taxonomy":"product_cat","embeddable":true,"href":"https:\/\/deltamed.cl\/tienda\/wp-json\/wp\/v2\/product_cat?post=2197"},{"taxonomy":"product_tag","embeddable":true,"href":"https:\/\/deltamed.cl\/tienda\/wp-json\/wp\/v2\/product_tag?post=2197"}],"curies":[{"name":"wp","href":"https:\/\/api.w.org\/{rel}","templated":true}]}}