{"id":2177,"date":"2021-09-20T15:53:23","date_gmt":"2021-09-20T18:53:23","guid":{"rendered":"https:\/\/deltamed.cl\/tienda\/?post_type=product&#038;p=2177"},"modified":"2026-02-27T13:30:35","modified_gmt":"2026-02-27T16:30:35","slug":"munequera-bambu-blunding","status":"publish","type":"product","link":"https:\/\/deltamed.cl\/tienda\/producto\/munequera-bambu-blunding\/","title":{"rendered":"Mu\u00f1equera bamb\u00fa Blunding"},"content":{"rendered":"<p>Mu\u00f1equera bamb\u00fa Blunding<\/p>\n<p>Mu\u00f1equera fabricada en fibra de Bamb\u00fa. Fibra conocida por sus propiedades mico-org\u00e1nicas. M\u00e1s suave que el algod\u00f3n, no es irritante, haci\u00e9ndola ideal para gente con piel sensible y otras alergias o dermatitis. Termo clim\u00e1tico, asegura que se est\u00e9 c\u00e1lido en invierno y fresco en verano. Es respirable y da protecci\u00f3n contra los rayos UV.<\/p>\n<p>Indicaci\u00f3n: proporciona una sujeci\u00f3n firme ayudando a aliviar el dolor de la mu\u00f1eca Prevenci\u00f3n de lesiones de mu\u00f1eca.<\/p>\n<p>*Blunding recomienda utilizar este producto bajo prescripci\u00f3n m\u00e9dica.<\/p>\n<p><span lang=\"ES\">Talla: S: 14,5cm M: 14,5-17cm L: 17-19,5cm XL: 20+cm (Contorno de Mu\u00f1eca)<\/span><\/p>\n<p><span lang=\"ES\">Composici\u00f3n 40% Fibra de bamb\u00fa 35% Nylon 25% L\u00e1tex.<\/span><\/p>\n<p>BBE-01L<\/p>\n<p>BBE-01M<\/p>\n<p>BBE-01 S<\/p>\n<p>BBE-01XL<\/p>\n","protected":false},"excerpt":{"rendered":"<p>Mu\u00f1equera bamb\u00fa Blunding<\/p>\n<p>Mu\u00f1equera fabricada en fibra de Bamb\u00fa. Fibra conocida por sus propiedades mico-org\u00e1nicas. M\u00e1s suave que el algod\u00f3n, no es irritante, haci\u00e9ndola ideal para gente con piel sensible y otras alergias o dermatitis. Termo clim\u00e1tico, asegura que se est\u00e9 c\u00e1lido en invierno y fresco en verano. Es respirable y da protecci\u00f3n contra los rayos UV.<\/p>\n","protected":false},"featured_media":2178,"comment_status":"open","ping_status":"closed","template":"","meta":{"_acf_changed":false},"product_brand":[1093],"product_cat":[37,235],"product_tag":[],"class_list":{"0":"post-2177","1":"product","2":"type-product","3":"status-publish","4":"has-post-thumbnail","6":"product_brand-blunding","7":"product_cat-kinesiologia","8":"product_cat-ortopedia","9":"product_shipping_class-pequeno","11":"first","12":"instock","13":"shipping-taxable","14":"purchasable","15":"product-type-variable"},"acf":[],"_links":{"self":[{"href":"https:\/\/deltamed.cl\/tienda\/wp-json\/wp\/v2\/product\/2177","targetHints":{"allow":["GET"]}}],"collection":[{"href":"https:\/\/deltamed.cl\/tienda\/wp-json\/wp\/v2\/product"}],"about":[{"href":"https:\/\/deltamed.cl\/tienda\/wp-json\/wp\/v2\/types\/product"}],"replies":[{"embeddable":true,"href":"https:\/\/deltamed.cl\/tienda\/wp-json\/wp\/v2\/comments?post=2177"}],"version-history":[{"count":1,"href":"https:\/\/deltamed.cl\/tienda\/wp-json\/wp\/v2\/product\/2177\/revisions"}],"predecessor-version":[{"id":16381,"href":"https:\/\/deltamed.cl\/tienda\/wp-json\/wp\/v2\/product\/2177\/revisions\/16381"}],"wp:featuredmedia":[{"embeddable":true,"href":"https:\/\/deltamed.cl\/tienda\/wp-json\/wp\/v2\/media\/2178"}],"wp:attachment":[{"href":"https:\/\/deltamed.cl\/tienda\/wp-json\/wp\/v2\/media?parent=2177"}],"wp:term":[{"taxonomy":"product_brand","embeddable":true,"href":"https:\/\/deltamed.cl\/tienda\/wp-json\/wp\/v2\/product_brand?post=2177"},{"taxonomy":"product_cat","embeddable":true,"href":"https:\/\/deltamed.cl\/tienda\/wp-json\/wp\/v2\/product_cat?post=2177"},{"taxonomy":"product_tag","embeddable":true,"href":"https:\/\/deltamed.cl\/tienda\/wp-json\/wp\/v2\/product_tag?post=2177"}],"curies":[{"name":"wp","href":"https:\/\/api.w.org\/{rel}","templated":true}]}}