{"id":2155,"date":"2021-08-27T17:40:55","date_gmt":"2021-08-27T20:40:55","guid":{"rendered":"https:\/\/deltamed.cl\/tienda\/?post_type=product&#038;p=2155"},"modified":"2026-02-27T13:30:34","modified_gmt":"2026-02-27T16:30:34","slug":"toma-presion-digital-brazo-hem-7156t-omron","status":"publish","type":"product","link":"https:\/\/deltamed.cl\/tienda\/producto\/toma-presion-digital-brazo-hem-7156t-omron\/","title":{"rendered":"Toma presi\u00f3n digital brazo HEM 7156T Omron"},"content":{"rendered":"<p>Toma presi\u00f3n digital brazo HEM 7156T Omron<\/p>\n<p class=\"Detalle__secc2_parrafo mb-3 text-white\">El Monitor de Presi\u00f3n HEM-7156T es muy f\u00e1cil de usar y confiable.<\/p>\n<p class=\"Detalle__secc2_parrafo mb-3 text-white\">El brazalete Intelli Wrap provee mediciones precisas en cualquier posici\u00f3n en la parte superior del brazo. La gu\u00eda de ajuste del brazalete indica si el brazalete est\u00e1 ajustado correctamente.<\/p>\n<p class=\"Detalle__secc2_parrafo mb-3 text-white\">Adicionalmente, tiene conexi\u00f3n Bluetooth y es compatible con la App de OMRON connect para almacenar los datos de mediciones en su Smartphone y compartir los datos con su m\u00e9dico o con miembros de la familia.<\/p>\n<h3 class=\"Detalle__secc2_parrafo mb-3 text-white\">Incluye<\/h3>\n<ul>\n<li>1 Monitor de presi\u00f3n arterial<\/li>\n<li>1 Brazalete de brazo (HEM-FL31-B)<\/li>\n<li>1 Manual de instrucciones<\/li>\n<li>1 Estuche<\/li>\n<li>4 Pilas \u00abAA\u00bb<\/li>\n<li>1 Gu\u00eda de OMRON connect<\/li>\n<\/ul>\n<p>CARACTERISTICAS<\/p>\n<p>Detector de error de movimiento<\/p>\n<p>Detecta cuando se produce un error en la lectura debido a un movimiento excesivo del usuario.<\/p>\n<p>Valor promedio de lecturas previas<\/p>\n<p>Muestra el promedio de las tres mediciones m\u00e1s recientes.<\/p>\n<p>Tecnolog\u00eda que permite obtener mediciones mucho m\u00e1s c\u00f3modas y exactas.<\/p>\n<p>Gu\u00eda de ajuste del brazalete<\/p>\n<p>El monitor alerta al usuario cuando el brazalete no est\u00e1 colocado correctamente.<\/p>\n<p>Almacena las \u00faltimas 60 mediciones.<\/p>\n<p>Alerta al usuario la presencia de latidos irregulares potencialmente peligrosos.<\/p>\n<p>Indicador del nivel de la presi\u00f3n arterialCompara las lecturas obtenidas con valores recomendados por las organizaciones internacionales de cardiolog\u00eda m\u00e1s reconocidas.<\/p>\n","protected":false},"excerpt":{"rendered":"<p>Toma presi\u00f3n digital brazo HEM 7156T Omron<\/p>\n<p class=\"Detalle__secc2_parrafo mb-3 text-white\">El Monitor de Presi\u00f3n HEM-7156T es muy f\u00e1cil de usar y confiable.<\/p>\n<p class=\"Detalle__secc2_parrafo mb-3 text-white\">El brazalete Intelli Wrap provee mediciones precisas en cualquier posici\u00f3n en la parte superior del brazo. La gu\u00eda de ajuste del brazalete indica si el brazalete est\u00e1 ajustado correctamente.<\/p>\n<p class=\"Detalle__secc2_parrafo mb-3 text-white\">Adicionalmente, tiene conexi\u00f3n Bluetooth y es compatible con la App de OMRON connect para almacenar los datos de mediciones en su Smartphone y compartir los datos con su m\u00e9dico o con miembros de la familia.<\/p>\n","protected":false},"featured_media":2156,"comment_status":"open","ping_status":"closed","template":"","meta":{"_acf_changed":false},"product_brand":[1096],"product_cat":[15,361],"product_tag":[140],"class_list":{"0":"post-2155","1":"product","2":"type-product","3":"status-publish","4":"has-post-thumbnail","6":"product_brand-omron","7":"product_cat-medicion-y-diagnostico","8":"product_cat-toma-presion","9":"product_tag-omron","10":"product_shipping_class-pequeno","12":"first","13":"instock","14":"shipping-taxable","15":"purchasable","16":"product-type-simple"},"acf":[],"_links":{"self":[{"href":"https:\/\/deltamed.cl\/tienda\/wp-json\/wp\/v2\/product\/2155","targetHints":{"allow":["GET"]}}],"collection":[{"href":"https:\/\/deltamed.cl\/tienda\/wp-json\/wp\/v2\/product"}],"about":[{"href":"https:\/\/deltamed.cl\/tienda\/wp-json\/wp\/v2\/types\/product"}],"replies":[{"embeddable":true,"href":"https:\/\/deltamed.cl\/tienda\/wp-json\/wp\/v2\/comments?post=2155"}],"version-history":[{"count":3,"href":"https:\/\/deltamed.cl\/tienda\/wp-json\/wp\/v2\/product\/2155\/revisions"}],"predecessor-version":[{"id":8278,"href":"https:\/\/deltamed.cl\/tienda\/wp-json\/wp\/v2\/product\/2155\/revisions\/8278"}],"wp:featuredmedia":[{"embeddable":true,"href":"https:\/\/deltamed.cl\/tienda\/wp-json\/wp\/v2\/media\/2156"}],"wp:attachment":[{"href":"https:\/\/deltamed.cl\/tienda\/wp-json\/wp\/v2\/media?parent=2155"}],"wp:term":[{"taxonomy":"product_brand","embeddable":true,"href":"https:\/\/deltamed.cl\/tienda\/wp-json\/wp\/v2\/product_brand?post=2155"},{"taxonomy":"product_cat","embeddable":true,"href":"https:\/\/deltamed.cl\/tienda\/wp-json\/wp\/v2\/product_cat?post=2155"},{"taxonomy":"product_tag","embeddable":true,"href":"https:\/\/deltamed.cl\/tienda\/wp-json\/wp\/v2\/product_tag?post=2155"}],"curies":[{"name":"wp","href":"https:\/\/api.w.org\/{rel}","templated":true}]}}