{"id":214,"date":"2020-12-11T01:40:53","date_gmt":"2020-12-11T04:40:53","guid":{"rendered":"https:\/\/deltamed.cl\/tienda\/?post_type=product&#038;p=214"},"modified":"2026-02-27T07:15:47","modified_gmt":"2026-02-27T10:15:47","slug":"baston-ortopedico-plegable-con-luz","status":"publish","type":"product","link":"https:\/\/deltamed.cl\/tienda\/producto\/baston-ortopedico-plegable-con-luz\/","title":{"rendered":"Bast\u00f3n ortopedico plegable con luz"},"content":{"rendered":"<p>Bast\u00f3n ortopedico plegable con luz<\/p>\n<p>Bast\u00f3n plegable Magic Cane es para todo terreno, port\u00e1til, ligero y f\u00e1cil de guardar. La base es amplia, con 4 puntos de apoyo que entregan mayor estabilidad sobre cualquier \u00e1ngulo y permite que el bast\u00f3n se mantenga de pie por s\u00ed solo. Adem\u00e1s, incluye luz LED para iluminar en la oscuridad.<\/p>\n<p><strong>Descripci\u00f3n<\/strong><br \/>\n\u2022 Bast\u00f3n ortop\u00e9dico negro, robusto, liviano y resistente.<br \/>\n\u2022 Plegable, para guardar en cartera o bolso.<br \/>\n\u2022 Gran cabeza pivotante.<br \/>\n\u2022 3 luces LED incorporadas, una adelante y dos abajo para iluminar su camino.<br \/>\n\u2022 Soporta usuario de hasta 113 kg<br \/>\n\u2022 Base de goma antideslizante.<br \/>\n\u2022 No est\u00e1 hecho para usarse en caminos resbaladizos.<br \/>\n\u2022 Pilas no incluidas.<br \/>\n\u2022 Producto certificado.<br \/>\n\u2022 Despacho gratis a todo Chile.<\/p>\n<p><strong>Caracter\u00edsticas:<\/strong><\/p>\n<ul>\n<li>Luces LED integradas que ayudan a ver en la oscuridad.<\/li>\n<li>Se sostiene por s\u00ed solo, dise\u00f1ado para ser utilizado en cualquier terreno.<\/li>\n<li>Ajustable a 5 alturas; se extiende desde 84 cm hasta 94 cm.<\/li>\n<li>Base amplia con 4 puntos de apoyo.<\/li>\n<li>Plegable y muy firme.<\/li>\n<li>L\u00edmite de peso m\u00e1ximo: 250 Lbs.<\/li>\n<li>No recomendado para su uso sobre hielo o superficies muy resbaladizas.<\/li>\n<li>Incluye lazo para afirmar a la mu\u00f1eca.<\/li>\n<li>Topes de goma antideslizante.<\/li>\n<li>Fabricado de aluminio resistente con mango pl\u00e1stico y manija cubierta de goma suave.<\/li>\n<li>Ideal para personas adultas que tienen dificultades al caminar.<\/li>\n<li>Plegable<\/li>\n<li>Esta hecho de resistente aluminio y el mango de plastico que se adapta a la forma de su mano 5 niveles ajustable<\/li>\n<li>Luz led<\/li>\n<li>Cuenta con 3 luces de led en el mango, 1 superior y 2 inferiores para iluminar el camino.<\/li>\n<li>Seguridad<\/li>\n<li>El dise\u00f1o de su base permite que se sostenga de pie sin necesidad de cogerlo, adaptarse a cualquier terreno y evitar resbalones.<\/li>\n<\/ul>\n<div id=\"attachment_215\" style=\"width: 310px\" class=\"wp-caption alignnone\"><img fetchpriority=\"high\" decoding=\"async\" aria-describedby=\"caption-attachment-215\" class=\"size-medium wp-image-215\" src=\"https:\/\/deltamed.cl\/tienda\/wp-content\/uploads\/2020\/12\/aa-delta-42-300x300.jpg\" alt=\"Bast\u00f3n ortopedico plegable con luz\" width=\"300\" height=\"300\" title=\"\" srcset=\"https:\/\/deltamed.cl\/tienda\/wp-content\/uploads\/2020\/12\/aa-delta-42-300x300.jpg 300w, https:\/\/deltamed.cl\/tienda\/wp-content\/uploads\/2020\/12\/aa-delta-42-100x100.jpg 100w, https:\/\/deltamed.cl\/tienda\/wp-content\/uploads\/2020\/12\/aa-delta-42-150x150.jpg 150w, https:\/\/deltamed.cl\/tienda\/wp-content\/uploads\/2020\/12\/aa-delta-42.jpg 600w\" sizes=\"(max-width: 300px) 100vw, 300px\" \/><p id=\"caption-attachment-215\" class=\"wp-caption-text\">Bast\u00f3n ortopedico plegable con luz<\/p><\/div>\n","protected":false},"excerpt":{"rendered":"<p>Bast\u00f3n ortopedico plegable con luz<\/p>\n<p>Bast\u00f3n plegable Magic Cane es para todo terreno, port\u00e1til, ligero y f\u00e1cil de guardar. La base es amplia, con 4 puntos de apoyo que entregan mayor estabilidad sobre cualquier \u00e1ngulo y permite que el bast\u00f3n se mantenga de pie por s\u00ed solo. Adem\u00e1s, incluye luz LED para iluminar en la oscuridad.<\/p>\n","protected":false},"featured_media":215,"comment_status":"open","ping_status":"closed","template":"","meta":{"_acf_changed":false},"product_brand":[1091],"product_cat":[23,368,34],"product_tag":[115,54,703,585,114],"class_list":{"0":"post-214","1":"product","2":"type-product","3":"status-publish","4":"has-post-thumbnail","6":"product_brand-deltamed","7":"product_cat-ayudas-tecnicas-de-bano","8":"product_cat-bastones","9":"product_cat-movilidad","10":"product_tag-apoyo","11":"product_tag-baston","12":"product_tag-cyberday","13":"product_tag-deltamed","14":"product_tag-mobilidad","15":"product_shipping_class-pequeno","17":"first","18":"outofstock","19":"shipping-taxable","20":"purchasable","21":"product-type-simple"},"acf":[],"_links":{"self":[{"href":"https:\/\/deltamed.cl\/tienda\/wp-json\/wp\/v2\/product\/214","targetHints":{"allow":["GET"]}}],"collection":[{"href":"https:\/\/deltamed.cl\/tienda\/wp-json\/wp\/v2\/product"}],"about":[{"href":"https:\/\/deltamed.cl\/tienda\/wp-json\/wp\/v2\/types\/product"}],"replies":[{"embeddable":true,"href":"https:\/\/deltamed.cl\/tienda\/wp-json\/wp\/v2\/comments?post=214"}],"version-history":[{"count":2,"href":"https:\/\/deltamed.cl\/tienda\/wp-json\/wp\/v2\/product\/214\/revisions"}],"predecessor-version":[{"id":8477,"href":"https:\/\/deltamed.cl\/tienda\/wp-json\/wp\/v2\/product\/214\/revisions\/8477"}],"wp:featuredmedia":[{"embeddable":true,"href":"https:\/\/deltamed.cl\/tienda\/wp-json\/wp\/v2\/media\/215"}],"wp:attachment":[{"href":"https:\/\/deltamed.cl\/tienda\/wp-json\/wp\/v2\/media?parent=214"}],"wp:term":[{"taxonomy":"product_brand","embeddable":true,"href":"https:\/\/deltamed.cl\/tienda\/wp-json\/wp\/v2\/product_brand?post=214"},{"taxonomy":"product_cat","embeddable":true,"href":"https:\/\/deltamed.cl\/tienda\/wp-json\/wp\/v2\/product_cat?post=214"},{"taxonomy":"product_tag","embeddable":true,"href":"https:\/\/deltamed.cl\/tienda\/wp-json\/wp\/v2\/product_tag?post=214"}],"curies":[{"name":"wp","href":"https:\/\/api.w.org\/{rel}","templated":true}]}}