{"id":2082,"date":"2021-08-18T17:14:26","date_gmt":"2021-08-18T20:14:26","guid":{"rendered":"https:\/\/deltamed.cl\/tienda\/?post_type=product&#038;p=2082"},"modified":"2026-02-27T13:30:34","modified_gmt":"2026-02-27T16:30:34","slug":"catre-clinico-3-posiciones-plus-con-colchon-incluido","status":"publish","type":"product","link":"https:\/\/deltamed.cl\/tienda\/producto\/catre-clinico-3-posiciones-plus-con-colchon-incluido\/","title":{"rendered":"Catre cl\u00ednico 3 posiciones plus con colch\u00f3n incluido"},"content":{"rendered":"<p>Catre cl\u00ednico 3 posiciones plus con colch\u00f3n incluido<\/p>\n<p>Catre el\u00e9ctrico con formas redondeadas y suaves, planchas y tubos de acero con sistema el\u00e9ctrico, marca Suncare.<br \/>\n\u2022Pintura electroest\u00e1tica, resistente a la limpieza y desinfecci\u00f3n frecuente.<br \/>\n\u2022Inclinaci\u00f3n respaldo casi hasta 90\u00b0<br \/>\n\u2022Inclinaci\u00f3n de las rodillas pr\u00e1cticamente en 45\u00b0<br \/>\n\u2022Rango de altura de 35 a 70 cm aproximadamente<br \/>\n\u2022Freno independiente en las cuatro ruedas, tanto en giro como en rotaci\u00f3n<br \/>\n\u2022Ambas barandas retr\u00e1ctiles<br \/>\n\u2022Ambas cabeceras desmontables<br \/>\n\u2022Control remoto que permite al paciente regular las posiciones de la cama<br \/>\n\u2022Porta suero regulable en altura, instalable en las cuatro esquinas de la cama<br \/>\n\u2022Cuatro porta sonda<br \/>\n\u2022Posibilidad de incorporar bater\u00eda de respaldo en caso de cortes de electricidad<br \/>\n\u2022Peso m\u00e1ximo usuario: 120 kg<br \/>\n\u2022Dimensiones 2.200 x 1.000 x 520 mm<br \/>\n\u2022Altura regulable entre 500 y 750 mm<br \/>\n\u2022Peso neto: 100 kg<br \/>\n\u2022Origen chino (con tecnolog\u00eda americana)<\/p>\n<p>DESPACHO GRATIS EN SANTIAGO<\/p>\n<div id=\"attachment_2083\" style=\"width: 310px\" class=\"wp-caption alignnone\"><img fetchpriority=\"high\" decoding=\"async\" aria-describedby=\"caption-attachment-2083\" class=\"size-medium wp-image-2083\" src=\"https:\/\/deltamed.cl\/tienda\/wp-content\/uploads\/2021\/08\/Catre-1-300x200.jpg\" alt=\"Catre cl\u00ednico 3 posiciones plus con colch\u00f3n incluido\" width=\"300\" height=\"200\" title=\"\" srcset=\"https:\/\/deltamed.cl\/tienda\/wp-content\/uploads\/2021\/08\/Catre-1-300x200.jpg 300w, https:\/\/deltamed.cl\/tienda\/wp-content\/uploads\/2021\/08\/Catre-1-600x400.jpg 600w, https:\/\/deltamed.cl\/tienda\/wp-content\/uploads\/2021\/08\/Catre-1-768x512.jpg 768w, https:\/\/deltamed.cl\/tienda\/wp-content\/uploads\/2021\/08\/Catre-1.jpg 1000w\" sizes=\"(max-width: 300px) 100vw, 300px\" \/><p id=\"caption-attachment-2083\" class=\"wp-caption-text\">Catre cl\u00ednico 3 posiciones plus con colch\u00f3n incluido<\/p><\/div>\n","protected":false},"excerpt":{"rendered":"<p>Catre cl\u00ednico 3 posiciones plus con colch\u00f3n nuevo<\/p>\n<p>Catre el\u00e9ctrico con formas redondeadas y suaves, planchas y tubos de acero con sistema el\u00e9ctrico, marca Suncare.<br \/>\n\u2022Pintura electroest\u00e1tica, resistente a la limpieza y desinfecci\u00f3n frecuente.<br \/>\n\u2022Inclinaci\u00f3n respaldo casi hasta 90\u00b0<br \/>\n\u2022Inclinaci\u00f3n de las rodillas pr\u00e1cticamente en 45\u00b0<br \/>\n\u2022Rango de altura de 35 a 70 cm aproximadamente<br \/>\n\u2022Freno independiente en las cuatro ruedas, tanto en giro como en rotaci\u00f3n<br \/>\n\u2022Ambas barandas retr\u00e1ctiles<br \/>\n\u2022Ambas cabeceras desmontables<br \/>\n\u2022Control remoto que permite al paciente regular las posiciones de la cama<br \/>\n\u2022Porta suero regulable en altura, instalable en las cuatro esquinas de la cama<br \/>\n\u2022Cuatro porta sonda<br \/>\n\u2022Posibilidad de incorporar bater\u00eda de respaldo en caso de cortes de electricidad<br \/>\n\u2022Peso m\u00e1ximo usuario: 120 kg<br \/>\n\u2022Dimensiones 2.200 x 1.000 x 520 mm<br \/>\n\u2022Altura regulable entre 500 y 750 mm<br \/>\n\u2022Peso neto: 100 kg<br \/>\n\u2022Origen chino (con tecnolog\u00eda americana)<\/p>\n","protected":false},"featured_media":2079,"comment_status":"open","ping_status":"closed","template":"","meta":{"_acf_changed":false},"product_brand":[],"product_cat":[369],"product_tag":[557,156,559,547,563,555,565,549,554,546,556,564,550,548,561,508,560,553,551,552,558,562],"class_list":{"0":"post-2082","1":"product","2":"type-product","3":"status-publish","4":"has-post-thumbnail","6":"product_cat-catre","7":"product_tag-accesorios-medicos","8":"product_tag-antiescara","9":"product_tag-ayudas-para-la-movilidad","10":"product_tag-cama-clinica","11":"product_tag-cama-geriatrica","12":"product_tag-cama-hospitalaria-electrica","13":"product_tag-cama-reclinable","14":"product_tag-camas-clinicas-en-venta","15":"product_tag-camas-para-pacientes","16":"product_tag-catre-clinico","17":"product_tag-catre-para-enfermos","18":"product_tag-catres-con-barandas","19":"product_tag-catres-electricos","20":"product_tag-catres-hospitalarios","21":"product_tag-catres-para-hospitales","22":"product_tag-equipamiento-medico","23":"product_tag-equipos-para-cuidados-en-el-hogar","24":"product_tag-mobiliario-medico","25":"product_tag-movilidad-asistida","26":"product_tag-productos-de-salud","27":"product_tag-tienda-de-equipos-medicos","28":"product_tag-venta-de-camas-clinicas","29":"product_shipping_class-extra-grande","31":"first","32":"instock","33":"shipping-taxable","34":"purchasable","35":"product-type-simple"},"acf":[],"_links":{"self":[{"href":"https:\/\/deltamed.cl\/tienda\/wp-json\/wp\/v2\/product\/2082","targetHints":{"allow":["GET"]}}],"collection":[{"href":"https:\/\/deltamed.cl\/tienda\/wp-json\/wp\/v2\/product"}],"about":[{"href":"https:\/\/deltamed.cl\/tienda\/wp-json\/wp\/v2\/types\/product"}],"replies":[{"embeddable":true,"href":"https:\/\/deltamed.cl\/tienda\/wp-json\/wp\/v2\/comments?post=2082"}],"version-history":[{"count":3,"href":"https:\/\/deltamed.cl\/tienda\/wp-json\/wp\/v2\/product\/2082\/revisions"}],"predecessor-version":[{"id":17793,"href":"https:\/\/deltamed.cl\/tienda\/wp-json\/wp\/v2\/product\/2082\/revisions\/17793"}],"wp:featuredmedia":[{"embeddable":true,"href":"https:\/\/deltamed.cl\/tienda\/wp-json\/wp\/v2\/media\/2079"}],"wp:attachment":[{"href":"https:\/\/deltamed.cl\/tienda\/wp-json\/wp\/v2\/media?parent=2082"}],"wp:term":[{"taxonomy":"product_brand","embeddable":true,"href":"https:\/\/deltamed.cl\/tienda\/wp-json\/wp\/v2\/product_brand?post=2082"},{"taxonomy":"product_cat","embeddable":true,"href":"https:\/\/deltamed.cl\/tienda\/wp-json\/wp\/v2\/product_cat?post=2082"},{"taxonomy":"product_tag","embeddable":true,"href":"https:\/\/deltamed.cl\/tienda\/wp-json\/wp\/v2\/product_tag?post=2082"}],"curies":[{"name":"wp","href":"https:\/\/api.w.org\/{rel}","templated":true}]}}