{"id":203,"date":"2020-12-11T01:31:36","date_gmt":"2020-12-11T04:31:36","guid":{"rendered":"https:\/\/deltamed.cl\/tienda\/?post_type=product&#038;p=203"},"modified":"2026-02-27T13:52:20","modified_gmt":"2026-02-27T16:52:20","slug":"duoderm-cgf-10x10-cj-x-5u-convatec","status":"publish","type":"product","link":"https:\/\/deltamed.cl\/tienda\/producto\/duoderm-cgf-10x10-cj-x-5u-convatec\/","title":{"rendered":"DuoDERM CGF 10&#215;10 Cj x 5u Convatec"},"content":{"rendered":"<p>DuoDERM CGF 10&#215;10 Cj x 5u Convatec<\/p>\n<p>DuoDERM \u00ae CGF es un vendaje adhesivo est\u00e9ril, hidrocoloide con gel de control de la f\u00f3rmula. Hidrocoloides (carboximetilcelulosa s\u00f3dica, pectina y gelatina) se encuentran dentro de la matriz de pol\u00edmeros elastom\u00e9ricos que aumentan la capacidad de contener el exudado para formar un gel cohesivo y en esta hay una capa de espuma de poliuretano. El auto adherente ap\u00f3sito absorbe el exudado y promueve un ambiente h\u00famedo que favorece el proceso de curaci\u00f3n y ayuda en la eliminaci\u00f3n de tejido desvitalizado de la herida (desbridamiento autol\u00edtico) sin da\u00f1ar el tejido reci\u00e9n formado.<br \/>\nDuoDERM \u00ae CGF act\u00faa como una barrera para la herida contra el paso de bacterias, virus (incluyendo el VIH-1) y la contaminaci\u00f3n externo, mientras que el ap\u00f3sito se mantiene intacta. Indicaciones Abrasiones, laceraciones, quemaduras superficiales, piel agrietada \u00dalceras en las piernas, \u00falceras por presi\u00f3n y \u00falceras diab\u00e9ticas Las heridas quir\u00fargicas heridas causadas por un trauma externo<br \/>\nDescripci\u00f3n<br \/>\n\u2022 Duoderm CGF, ap\u00f3sito est\u00e9ril con gel de f\u00f3rmula controlada, adherente hidrocoloide, marca Convatec.<br \/>\n\u2022 Uso ideal en personas con escaras\/ulceras exudativas.<br \/>\n\u2022 Absorbe los fluidos de la herida y proporciona un ambiente h\u00famedo que es compatible con el proceso de cicatrizaci\u00f3n y ayuda a la eliminaci\u00f3n de material innecesario de la herida (desbridamiento autol\u00edtico) sin da\u00f1ar el tejido nuevo.<br \/>\n\u2022 Su gel de f\u00f3rmula controlada es un vendaje que act\u00faa como una barrera que protege la herida contra contaminaci\u00f3n bacteriana, viral u otra contaminaci\u00f3n externa.<br \/>\n\u2022 \u00dasese tambi\u00e9n para abrasiones menores, laceraciones, cortes menores, escaldaduras y quemaduras menores y desgarros de la piel.<br \/>\n\u2022 Cada ap\u00f3sito mide 10 x 10 cm.<br \/>\n\u2022 Caja contiene 5 ap\u00f3sitos de 10 x 10 cm c\/u, en envase individual.<br \/>\n\u2022 Producto certificado.<br \/>\n\u2022 Fabricado en EE.UU.<\/p>\n","protected":false},"excerpt":{"rendered":"<p>DuoDERM CGF 10&#215;10 Cj x 5u Convatec<\/p>\n<p>DuoDERM \u00ae CGF es un vendaje adhesivo est\u00e9ril, hidrocoloide con gel de control de la f\u00f3rmula. Hidrocoloides (carboximetilcelulosa s\u00f3dica, pectina y gelatina) se encuentran dentro de la matriz de pol\u00edmeros elastom\u00e9ricos que aumentan la capacidad de contener el exudado para formar un gel cohesivo y en esta hay una capa de espuma de poliuretano. El auto adherente ap\u00f3sito absorbe el exudado y promueve un ambiente h\u00famedo que favorece el proceso de curaci\u00f3n y ayuda en la eliminaci\u00f3n de tejido desvitalizado de la herida (desbridamiento autol\u00edtico) sin da\u00f1ar el tejido reci\u00e9n formado.<\/p>\n","protected":false},"featured_media":204,"comment_status":"open","ping_status":"closed","template":"","meta":{"_acf_changed":false},"product_brand":[1089],"product_cat":[94,371,36],"product_tag":[107,159,106,105,108],"class_list":{"0":"post-203","1":"product","2":"type-product","3":"status-publish","4":"has-post-thumbnail","6":"product_brand-convatec","7":"product_cat-insumos-desechables","8":"product_cat-apositos-gasas","9":"product_cat-tratamiento-de-herida","10":"product_tag-aposito","11":"product_tag-convatec","12":"product_tag-duoderm","13":"product_tag-escara","14":"product_tag-heridas","15":"product_shipping_class-extra-pequeno","17":"first","18":"outofstock","19":"shipping-taxable","20":"purchasable","21":"product-type-simple"},"acf":[],"_links":{"self":[{"href":"https:\/\/deltamed.cl\/tienda\/wp-json\/wp\/v2\/product\/203","targetHints":{"allow":["GET"]}}],"collection":[{"href":"https:\/\/deltamed.cl\/tienda\/wp-json\/wp\/v2\/product"}],"about":[{"href":"https:\/\/deltamed.cl\/tienda\/wp-json\/wp\/v2\/types\/product"}],"replies":[{"embeddable":true,"href":"https:\/\/deltamed.cl\/tienda\/wp-json\/wp\/v2\/comments?post=203"}],"version-history":[{"count":1,"href":"https:\/\/deltamed.cl\/tienda\/wp-json\/wp\/v2\/product\/203\/revisions"}],"predecessor-version":[{"id":8921,"href":"https:\/\/deltamed.cl\/tienda\/wp-json\/wp\/v2\/product\/203\/revisions\/8921"}],"wp:featuredmedia":[{"embeddable":true,"href":"https:\/\/deltamed.cl\/tienda\/wp-json\/wp\/v2\/media\/204"}],"wp:attachment":[{"href":"https:\/\/deltamed.cl\/tienda\/wp-json\/wp\/v2\/media?parent=203"}],"wp:term":[{"taxonomy":"product_brand","embeddable":true,"href":"https:\/\/deltamed.cl\/tienda\/wp-json\/wp\/v2\/product_brand?post=203"},{"taxonomy":"product_cat","embeddable":true,"href":"https:\/\/deltamed.cl\/tienda\/wp-json\/wp\/v2\/product_cat?post=203"},{"taxonomy":"product_tag","embeddable":true,"href":"https:\/\/deltamed.cl\/tienda\/wp-json\/wp\/v2\/product_tag?post=203"}],"curies":[{"name":"wp","href":"https:\/\/api.w.org\/{rel}","templated":true}]}}