{"id":20210,"date":"2026-04-06T18:10:10","date_gmt":"2026-04-06T21:10:10","guid":{"rendered":"https:\/\/deltamed.cl\/tienda\/?post_type=product&#038;p=20210"},"modified":"2026-04-07T11:34:08","modified_gmt":"2026-04-07T14:34:08","slug":"silla-de-ruedas-electrica-de-aluminio-ultraliviana-tew206","status":"publish","type":"product","link":"https:\/\/deltamed.cl\/tienda\/producto\/silla-de-ruedas-electrica-de-aluminio-ultraliviana-tew206\/","title":{"rendered":"Silla de ruedas el\u00e9ctrica de aluminio\u00a0ultraliviana TEW206"},"content":{"rendered":"<p data-start=\"302\" data-end=\"500\">Silla de ruedas el\u00e9ctrica de aluminio\u00a0 ultraliviana <strong>TEW206<br \/>\n<\/strong><\/p>\n<p>Dise\u00f1ada para entregar mayor independencia y seguridad en el d\u00eda a d\u00eda.<strong><br \/>\nCon su estructura de aluminio resistente y liviana<\/strong>, esta silla permite un plegado r\u00e1pido y f\u00e1cil, ideal para transportar en autom\u00f3vil o espacios reducidos.<br \/>\nCuenta con <strong>amortiguacion en las ruedas delanteras<\/strong> lo que proporciona mejor estabilidad y confort.<\/p>\n<p>Cuenta <strong>con 3 sistemas de control el\u00e9ctrico<\/strong>:<\/p>\n<ul>\n<li><strong data-start=\"773\" data-end=\"813\">Joystick integrado en el apoyabrazo:<\/strong> Para controlar la direcci\u00f3n y velocidad de manera sencilla con una mano. (Intercambiable derecha o izquierda)<\/li>\n<li><strong data-start=\"1116\" data-end=\"1134\">Control remoto:<\/strong> Que permite operar la silla a distancia, ideal para acompa\u00f1antes y asistencia en maniobras.<\/li>\n<li data-start=\"906\" data-end=\"1110\" data-section-id=\"1vt1kuo\"><strong>Control para acompa\u00f1ante:<\/strong> Dispositivo instalado en el respaldo de la silla para empujarla asistido por el motor el\u00e9ctrico, gestionando el traslado por el acompa\u00f1ante sin fatigarse.<\/li>\n<\/ul>\n<p><span data-start=\"1243\" data-end=\"1285\">Con m<\/span>otores el\u00e9ctricos de alto rendimiento y sistema de freno autom\u00e1tico, ofrece una conducci\u00f3n suave, estable y segura tanto en interior como exterior.<br \/>\nAsiento ergon\u00f3mico acolchado, comodo y con soporte.<br \/>\nDise\u00f1o moderno de est\u00e9tica elegante y profesional.<\/p>\n<p><strong>Dimensiones y estructura<\/strong><\/p>\n<ul>\n<li>Ancho del asiento: 42 cm<\/li>\n<li>Profundidad del asiento: 40 cm<\/li>\n<li>Ancho tapiz de asiento: 45 cm<\/li>\n<li>Profundidad tapiz de asiento: 43 cm<\/li>\n<li>Altura del asiento: 50 cm<\/li>\n<li>Ancho total: 55 cm<\/li>\n<li>Largo total: 97 cm<\/li>\n<li>Altura total: 94 cm<\/li>\n<\/ul>\n<p><strong>Dimensiones plegada<\/strong><\/p>\n<ul>\n<li>Ancho plegado: 33 cm<\/li>\n<li>Largo plegado: 55 cm<\/li>\n<li>Alto plegado: 83 cm (sin joystick)<\/li>\n<li>Alto Plegado: 97 cm (con joytick)<\/li>\n<li>Altura del respaldo: 52 cm<\/li>\n<\/ul>\n<p data-start=\"618\" data-end=\"636\" data-section-id=\"4q0x7g\"><strong>Componentes<\/strong><\/p>\n<ul data-start=\"637\" data-end=\"913\">\n<li data-start=\"637\" data-end=\"699\" data-section-id=\"19o9u99\">Coj\u00edn del respaldo: acolchado grueso con respaldo de malla<\/li>\n<li data-start=\"700\" data-end=\"755\" data-section-id=\"11kvvn4\">Rueda delantera: 7 pulgadas, tipo panal (honeycomb)<\/li>\n<li data-start=\"756\" data-end=\"810\" data-section-id=\"ko8i1w\">Rueda trasera: 10 pulgadas, tipo panal (honeycomb)<\/li>\n<li data-start=\"811\" data-end=\"831\" data-section-id=\"1umext9\">Controlador: 45A<\/li>\n<li data-start=\"811\" data-end=\"831\" data-section-id=\"1umext9\">Control remoto<\/li>\n<li data-start=\"832\" data-end=\"854\" data-section-id=\"ggf1x2\">Bater\u00eda: litio 6Ah<\/li>\n<li data-start=\"855\" data-end=\"880\" data-section-id=\"72f6mn\">Motor: servo 180W \u00d7 2<\/li>\n<li data-start=\"881\" data-end=\"913\" data-section-id=\"qpsfqq\">Material del marco: aluminio<\/li>\n<\/ul>\n<h4 data-start=\"920\" data-end=\"938\" data-section-id=\"xc9u1x\"><span role=\"text\"><strong data-start=\"923\" data-end=\"938\">Rendimiento<\/strong><\/span><\/h4>\n<ul data-start=\"939\" data-end=\"1046\">\n<li data-start=\"939\" data-end=\"959\" data-section-id=\"1wl5xay\">Autonom\u00eda: 10 km<\/li>\n<li data-start=\"960\" data-end=\"990\" data-section-id=\"32nouq\">Velocidad m\u00e1xima: 5,2 km\/h<\/li>\n<li data-start=\"991\" data-end=\"1021\" data-section-id=\"1vwhmio\">Capacidad de carga: 100 kg<\/li>\n<li data-start=\"1022\" data-end=\"1046\" data-section-id=\"mwyhc7\">Pendiente m\u00e1xima: 8\u00b0<\/li>\n<\/ul>\n<p><img fetchpriority=\"high\" decoding=\"async\" class=\"alignnone size-medium wp-image-20215\" src=\"https:\/\/deltamed.cl\/tienda\/wp-content\/uploads\/2026\/04\/TEW206-SILLA-DE-RUEDA-ELECTRICA-300x300.jpg\" alt=\"\" width=\"300\" height=\"300\" title=\"\" srcset=\"https:\/\/deltamed.cl\/tienda\/wp-content\/uploads\/2026\/04\/TEW206-SILLA-DE-RUEDA-ELECTRICA-300x300.jpg 300w, https:\/\/deltamed.cl\/tienda\/wp-content\/uploads\/2026\/04\/TEW206-SILLA-DE-RUEDA-ELECTRICA-150x150.jpg 150w, https:\/\/deltamed.cl\/tienda\/wp-content\/uploads\/2026\/04\/TEW206-SILLA-DE-RUEDA-ELECTRICA-768x768.jpg 768w, https:\/\/deltamed.cl\/tienda\/wp-content\/uploads\/2026\/04\/TEW206-SILLA-DE-RUEDA-ELECTRICA-600x600.jpg 600w, https:\/\/deltamed.cl\/tienda\/wp-content\/uploads\/2026\/04\/TEW206-SILLA-DE-RUEDA-ELECTRICA-100x100.jpg 100w, https:\/\/deltamed.cl\/tienda\/wp-content\/uploads\/2026\/04\/TEW206-SILLA-DE-RUEDA-ELECTRICA.jpg 800w\" sizes=\"(max-width: 300px) 100vw, 300px\" \/><\/p>\n","protected":false},"excerpt":{"rendered":"<p data-start=\"302\" data-end=\"500\">Silla de ruedas el\u00e9ctrica de aluminio\u00a0 ultraliviana <strong>TEW206<br \/>\n<\/strong><\/p>\n<p data-start=\"63\" data-end=\"145\">Dise\u00f1ada para brindar mayor independencia, seguridad y comodidad en el uso diario.<br \/>\nEstructura de aluminio resistente y liviana, con plegado r\u00e1pido para f\u00e1cil transporte y almacenamiento.<br \/>\nAmortiguaci\u00f3n en ruedas delanteras, que mejora la estabilidad y el confort.<br \/>\nMotores de alto rendimiento con freno autom\u00e1tico, para una conducci\u00f3n suave y segura en interiores y exteriores.<br \/>\nAsiento ergon\u00f3mico acolchado, c\u00f3modo y con buen soporte.<br \/>\nRuedas macizas, de bajo mantenimiento.<br \/>\nDise\u00f1o moderno, elegante y profesional.<\/p>\n<p>Cuenta <strong>con 3 sistemas de control el\u00e9ctrico<\/strong>:<\/p>\n<ul>\n<li><strong data-start=\"773\" data-end=\"813\">Joystick integrado en el apoyabrazo:<\/strong> Para controlar la direcci\u00f3n y velocidad de manera sencilla con una mano. (Intercambiable derecha o izquierda)<\/li>\n<li><strong data-start=\"1116\" data-end=\"1134\">Control remoto:<\/strong> Que permite operar la silla a distancia, ideal para acompa\u00f1antes y asistencia en maniobras.<\/li>\n<li><strong>Control para acompa\u00f1ante:<\/strong> Dispositivo instalado en el respaldo de la silla para empujarla asistido por el motor el\u00e9ctrico, gestionando el traslado por el acompa\u00f1ante sin fatigarse.<\/li>\n<\/ul>\n","protected":false},"featured_media":20213,"comment_status":"open","ping_status":"closed","template":"","meta":{"_acf_changed":false},"product_brand":[],"product_cat":[1425,1476,1259,1465],"product_tag":[],"class_list":{"0":"post-20210","1":"product","2":"type-product","3":"status-publish","4":"has-post-thumbnail","6":"product_cat-electrica","7":"product_cat-electrica-sillas-de-ruedas","8":"product_cat-silla-de-ruedas","9":"product_cat-sillas-de-ruedas","10":"product_shipping_class-grande","12":"first","13":"instock","14":"shipping-taxable","15":"purchasable","16":"product-type-simple"},"acf":[],"_links":{"self":[{"href":"https:\/\/deltamed.cl\/tienda\/wp-json\/wp\/v2\/product\/20210","targetHints":{"allow":["GET"]}}],"collection":[{"href":"https:\/\/deltamed.cl\/tienda\/wp-json\/wp\/v2\/product"}],"about":[{"href":"https:\/\/deltamed.cl\/tienda\/wp-json\/wp\/v2\/types\/product"}],"replies":[{"embeddable":true,"href":"https:\/\/deltamed.cl\/tienda\/wp-json\/wp\/v2\/comments?post=20210"}],"version-history":[{"count":9,"href":"https:\/\/deltamed.cl\/tienda\/wp-json\/wp\/v2\/product\/20210\/revisions"}],"predecessor-version":[{"id":20237,"href":"https:\/\/deltamed.cl\/tienda\/wp-json\/wp\/v2\/product\/20210\/revisions\/20237"}],"wp:featuredmedia":[{"embeddable":true,"href":"https:\/\/deltamed.cl\/tienda\/wp-json\/wp\/v2\/media\/20213"}],"wp:attachment":[{"href":"https:\/\/deltamed.cl\/tienda\/wp-json\/wp\/v2\/media?parent=20210"}],"wp:term":[{"taxonomy":"product_brand","embeddable":true,"href":"https:\/\/deltamed.cl\/tienda\/wp-json\/wp\/v2\/product_brand?post=20210"},{"taxonomy":"product_cat","embeddable":true,"href":"https:\/\/deltamed.cl\/tienda\/wp-json\/wp\/v2\/product_cat?post=20210"},{"taxonomy":"product_tag","embeddable":true,"href":"https:\/\/deltamed.cl\/tienda\/wp-json\/wp\/v2\/product_tag?post=20210"}],"curies":[{"name":"wp","href":"https:\/\/api.w.org\/{rel}","templated":true}]}}