{"id":199,"date":"2020-12-11T01:29:35","date_gmt":"2020-12-11T04:29:35","guid":{"rendered":"https:\/\/deltamed.cl\/tienda\/?post_type=product&#038;p=199"},"modified":"2026-02-27T13:30:25","modified_gmt":"2026-02-27T16:30:25","slug":"mesa-mayo","status":"publish","type":"product","link":"https:\/\/deltamed.cl\/tienda\/producto\/mesa-mayo\/","title":{"rendered":"Mesa mayo"},"content":{"rendered":"<div class=\"flex max-w-full flex-col flex-grow\">\n<div class=\"min-h-[20px] text-message flex w-full flex-col items-end gap-2 break-words [.text-message+&amp;]:mt-5 overflow-x-auto whitespace-normal\" dir=\"auto\" data-message-author-role=\"assistant\" data-message-id=\"b3ee1d44-57ba-4549-8ee8-312b25ac65a9\">\n<div class=\"flex w-full flex-col gap-1 empty:hidden first:pt-[3px]\">\n<div class=\"markdown prose w-full break-words dark:prose-invert light\">\n<p>Mesa mayo<\/p>\n<p>La Mesa Mayo es un mueble vers\u00e1til y de estructura robusta, dise\u00f1ado espec\u00edficamente para su uso en entornos quir\u00fargicos. Su principal funci\u00f3n es facilitar el acceso al instrumental esterilizado durante procedimientos m\u00e9dicos, permitiendo su traslado eficiente entre diferentes estaciones de trabajo.<br \/>\nEs ampliamente utilizada en quir\u00f3fanos, procedimientos de emergencia, podolog\u00eda y otras pr\u00e1cticas especializadas.<\/p>\n<\/div>\n<\/div>\n<\/div>\n<\/div>\n<p>Caracter\u00edsticas:<\/p>\n<ul>\n<li>Bandeja de acero inoxidable: Dispone de una bandeja de acero inoxidable importada con dimensiones aproximadas de<br \/>\n<span style=\"color: #000080\">35&#215;50 cm <\/span>y<span style=\"color: #000080\"> 40&#215;60<\/span> <span style=\"color: #000080\">cm<\/span>, ideal para instrumental m\u00e9dico.<\/li>\n<li>Estructura resistente: Fabricada en acero con perfil de 30x30x1.5 mm para garantizar durabilidad.<\/li>\n<li>Movilidad: Equipada con cuatro ruedas que facilitan su desplazamiento en el entorno m\u00e9dico.<\/li>\n<li>Revestimiento de alta calidad: La mesa cuenta con una capa de pintura electroest\u00e1tica que proporciona protecci\u00f3n y una superficie de f\u00e1cil limpieza.<\/li>\n<li>Altura ajustable: Permite la regulaci\u00f3n de la altura para adaptarse a las necesidades espec\u00edficas de cada procedimiento m\u00e9dico.<\/li>\n<li>Peso ligero: Con un peso aproximado de 7 kilogramos, es f\u00e1cil de manejar y transportar.<\/li>\n<li>Amplio rango de altura: La mesa puede ajustarse en altura desde un m\u00ednimo de 80 cm hasta aproximadamente 120 cm.<\/li>\n<li>Marco porta bandeja: Cuenta con un s\u00f3lido marco con perfil de 20&#215;20 mm y 1 mm de grosor para soportar la bandeja de manera segura.<\/li>\n<\/ul>\n<div id=\"attachment_6693\" style=\"width: 310px\" class=\"wp-caption alignnone\"><img fetchpriority=\"high\" decoding=\"async\" aria-describedby=\"caption-attachment-6693\" class=\"size-medium wp-image-6693\" src=\"https:\/\/deltamed.cl\/tienda\/wp-content\/uploads\/2020\/12\/aa-delta-36-1-300x300.jpg\" alt=\"Mesa Mayo\" width=\"300\" height=\"300\" title=\"\" srcset=\"https:\/\/deltamed.cl\/tienda\/wp-content\/uploads\/2020\/12\/aa-delta-36-1-300x300.jpg 300w, https:\/\/deltamed.cl\/tienda\/wp-content\/uploads\/2020\/12\/aa-delta-36-1-150x150.jpg 150w, https:\/\/deltamed.cl\/tienda\/wp-content\/uploads\/2020\/12\/aa-delta-36-1-100x100.jpg 100w, https:\/\/deltamed.cl\/tienda\/wp-content\/uploads\/2020\/12\/aa-delta-36-1.jpg 600w\" sizes=\"(max-width: 300px) 100vw, 300px\" \/><p id=\"caption-attachment-6693\" class=\"wp-caption-text\">Mesa mayo<\/p><\/div>\n","protected":false},"excerpt":{"rendered":"<p>Mesa mayo<\/p>\n<p>La Mesa Mayo es un mueble vers\u00e1til y de estructura robusta, dise\u00f1ado espec\u00edficamente para su uso en entornos quir\u00fargicos. Su principal funci\u00f3n es facilitar el acceso al instrumental esterilizado durante procedimientos m\u00e9dicos, permitiendo su traslado eficiente entre diferentes estaciones de trabajo.<br \/>\nEs ampliamente utilizada en quir\u00f3fanos, procedimientos de emergencia, podolog\u00eda y otras pr\u00e1cticas especializadas.<\/p>\n","protected":false},"featured_media":6693,"comment_status":"open","ping_status":"closed","template":"","meta":{"_acf_changed":false},"product_brand":[],"product_cat":[101],"product_tag":[544,543,104,542,519,518,102,1179,103,732,516,517],"class_list":{"0":"post-199","1":"product","2":"type-product","3":"status-publish","4":"has-post-thumbnail","6":"product_cat-mobiliario","7":"product_tag-arsenalera","8":"product_tag-arsenaleria","9":"product_tag-clinico","10":"product_tag-curacion","11":"product_tag-curaciones","12":"product_tag-instrumental","13":"product_tag-mesa-mayo","14":"product_tag-mesa-mayo-grande","15":"product_tag-mobiliario","16":"product_tag-mueble","17":"product_tag-muebles","18":"product_tag-muebles-clinicos","19":"product_shipping_class-grande","21":"first","22":"instock","23":"shipping-taxable","24":"purchasable","25":"product-type-variable"},"acf":[],"_links":{"self":[{"href":"https:\/\/deltamed.cl\/tienda\/wp-json\/wp\/v2\/product\/199","targetHints":{"allow":["GET"]}}],"collection":[{"href":"https:\/\/deltamed.cl\/tienda\/wp-json\/wp\/v2\/product"}],"about":[{"href":"https:\/\/deltamed.cl\/tienda\/wp-json\/wp\/v2\/types\/product"}],"replies":[{"embeddable":true,"href":"https:\/\/deltamed.cl\/tienda\/wp-json\/wp\/v2\/comments?post=199"}],"version-history":[{"count":7,"href":"https:\/\/deltamed.cl\/tienda\/wp-json\/wp\/v2\/product\/199\/revisions"}],"predecessor-version":[{"id":13611,"href":"https:\/\/deltamed.cl\/tienda\/wp-json\/wp\/v2\/product\/199\/revisions\/13611"}],"wp:featuredmedia":[{"embeddable":true,"href":"https:\/\/deltamed.cl\/tienda\/wp-json\/wp\/v2\/media\/6693"}],"wp:attachment":[{"href":"https:\/\/deltamed.cl\/tienda\/wp-json\/wp\/v2\/media?parent=199"}],"wp:term":[{"taxonomy":"product_brand","embeddable":true,"href":"https:\/\/deltamed.cl\/tienda\/wp-json\/wp\/v2\/product_brand?post=199"},{"taxonomy":"product_cat","embeddable":true,"href":"https:\/\/deltamed.cl\/tienda\/wp-json\/wp\/v2\/product_cat?post=199"},{"taxonomy":"product_tag","embeddable":true,"href":"https:\/\/deltamed.cl\/tienda\/wp-json\/wp\/v2\/product_tag?post=199"}],"curies":[{"name":"wp","href":"https:\/\/api.w.org\/{rel}","templated":true}]}}