{"id":195,"date":"2020-12-11T01:23:02","date_gmt":"2020-12-11T04:23:02","guid":{"rendered":"https:\/\/deltamed.cl\/tienda\/?post_type=product&#038;p=195"},"modified":"2026-02-25T23:32:52","modified_gmt":"2026-02-26T02:32:52","slug":"pechera-plastica-con-manga-y-ojal-en-pulgar-deltamed","status":"publish","type":"product","link":"https:\/\/deltamed.cl\/tienda\/producto\/pechera-plastica-con-manga-y-ojal-en-pulgar-deltamed\/","title":{"rendered":"Pechera pl\u00e1stica con manga y ojal en pulgar Deltamed"},"content":{"rendered":"<p>Pechera pl\u00e1stica con manga y ojal en pulgar Deltamed<\/p>\n<p>Pechera Pl\u00e1stica para una barrera eficaz de protecci\u00f3n contra infecciones evitando la contaminaci\u00f3n y protegiendo al operador de salpicaduras.<\/p>\n<p>Mangas con ojal ajustable al dedo pulgar, que evitan el deslizamiento de la manga.<\/p>\n<p>Resistente a rasgaduras, resistente al agua, protecci\u00f3n para personal de la salud.<\/p>\n<p>Detalles: con amarra para la espalda, apertura para cuello, con mangas y ojal para dedo pulgar.<\/p>\n<p>Totalmente impermeable y repelente a fluidos<\/p>\n<p>\u2022 Material: PE<\/p>\n<p>\u2022 Color: Azul<\/p>\n<p>\u2022 Peso: 60 g<\/p>\n<p>\u2022 Tama\u00f1o: 120 x 176 cm<\/p>\n<p>\u2022 Modelo: PCMD001-TU<\/p>\n<p>\u2022 Talla: \u00fanica<\/p>\n<p><b><i>\u2022 <\/i><\/b>Material libre de l\u00e1tex, 100% virgen, NO est\u00e9ril<\/p>\n<div id=\"attachment_196\" style=\"width: 310px\" class=\"wp-caption alignnone\"><img fetchpriority=\"high\" decoding=\"async\" aria-describedby=\"caption-attachment-196\" class=\"size-medium wp-image-196\" src=\"https:\/\/deltamed.cl\/tienda\/wp-content\/uploads\/2020\/12\/aa-delta-34-300x300.jpg\" alt=\"Pechera pl\u00e1stica con manga y ojal en pulgar Deltamed\" width=\"300\" height=\"300\" title=\"\" srcset=\"https:\/\/deltamed.cl\/tienda\/wp-content\/uploads\/2020\/12\/aa-delta-34-300x300.jpg 300w, https:\/\/deltamed.cl\/tienda\/wp-content\/uploads\/2020\/12\/aa-delta-34-100x100.jpg 100w, https:\/\/deltamed.cl\/tienda\/wp-content\/uploads\/2020\/12\/aa-delta-34-150x150.jpg 150w, https:\/\/deltamed.cl\/tienda\/wp-content\/uploads\/2020\/12\/aa-delta-34.jpg 600w\" sizes=\"(max-width: 300px) 100vw, 300px\" \/><p id=\"caption-attachment-196\" class=\"wp-caption-text\">Pechera pl\u00e1stica con manga y ojal en pulgar Deltamed<\/p><\/div>\n","protected":false},"excerpt":{"rendered":"<p>Pechera pl\u00e1stica con manga y ojal en pulgar Deltamed<\/p>\n<p>Pechera Pl\u00e1stica para una barrera eficaz de protecci\u00f3n contra infecciones evitando la contaminaci\u00f3n y protegiendo al operador de salpicaduras.<\/p>\n<p>Mangas con ojal ajustable al dedo pulgar, que evitan el deslizamiento de la manga.<\/p>\n<p>Resistente a rasgaduras, resistente al agua, protecci\u00f3n para personal de la salud.<\/p>\n<p>Detalles: con amarra para la espalda, apertura para cuello, con mangas y ojal para dedo pulgar.<\/p>\n<p>Talla: \u00fanica<\/p>\n<p>Material libre de l\u00e1tex, 100% virgen, NO est\u00e9ril<\/p>\n","protected":false},"featured_media":196,"comment_status":"open","ping_status":"closed","template":"","meta":{"_acf_changed":false},"product_brand":[1091],"product_cat":[94,372],"product_tag":[98,97,96,92],"class_list":{"0":"post-195","1":"product","2":"type-product","3":"status-publish","4":"has-post-thumbnail","6":"product_brand-deltamed","7":"product_cat-insumos-desechables","8":"product_cat-batas","9":"product_tag-manga","10":"product_tag-ojal","11":"product_tag-pechera","12":"product_tag-proteccion","13":"product_shipping_class-pequeno","15":"first","16":"outofstock","17":"shipping-taxable","18":"purchasable","19":"product-type-simple"},"acf":[],"_links":{"self":[{"href":"https:\/\/deltamed.cl\/tienda\/wp-json\/wp\/v2\/product\/195","targetHints":{"allow":["GET"]}}],"collection":[{"href":"https:\/\/deltamed.cl\/tienda\/wp-json\/wp\/v2\/product"}],"about":[{"href":"https:\/\/deltamed.cl\/tienda\/wp-json\/wp\/v2\/types\/product"}],"replies":[{"embeddable":true,"href":"https:\/\/deltamed.cl\/tienda\/wp-json\/wp\/v2\/comments?post=195"}],"version-history":[{"count":2,"href":"https:\/\/deltamed.cl\/tienda\/wp-json\/wp\/v2\/product\/195\/revisions"}],"predecessor-version":[{"id":8837,"href":"https:\/\/deltamed.cl\/tienda\/wp-json\/wp\/v2\/product\/195\/revisions\/8837"}],"wp:featuredmedia":[{"embeddable":true,"href":"https:\/\/deltamed.cl\/tienda\/wp-json\/wp\/v2\/media\/196"}],"wp:attachment":[{"href":"https:\/\/deltamed.cl\/tienda\/wp-json\/wp\/v2\/media?parent=195"}],"wp:term":[{"taxonomy":"product_brand","embeddable":true,"href":"https:\/\/deltamed.cl\/tienda\/wp-json\/wp\/v2\/product_brand?post=195"},{"taxonomy":"product_cat","embeddable":true,"href":"https:\/\/deltamed.cl\/tienda\/wp-json\/wp\/v2\/product_cat?post=195"},{"taxonomy":"product_tag","embeddable":true,"href":"https:\/\/deltamed.cl\/tienda\/wp-json\/wp\/v2\/product_tag?post=195"}],"curies":[{"name":"wp","href":"https:\/\/api.w.org\/{rel}","templated":true}]}}