{"id":1938,"date":"2021-07-27T17:57:25","date_gmt":"2021-07-27T20:57:25","guid":{"rendered":"https:\/\/deltamed.cl\/tienda\/?post_type=product&#038;p=1938"},"modified":"2026-02-27T13:30:34","modified_gmt":"2026-02-27T16:30:34","slug":"alcohol-desnaturalizado-70-250cc-spray-elite","status":"publish","type":"product","link":"https:\/\/deltamed.cl\/tienda\/producto\/alcohol-desnaturalizado-70-250cc-spray-elite\/","title":{"rendered":"Alcohol desnaturalizado 70 250cc spray Elite"},"content":{"rendered":"<p>Alcohol desnaturalizado 70 250cc spray Elite<\/p>\n<p>El\u00a0<b>Alcohol Spray Elite<\/b> es un limpiador para manos en base de\u00a0<b>alcohol<\/b>, de uso directo y que no necesita enjuague. Es una mezcla de activos d\u00e9rmicos con un contenido de 70% v\/v de <b>alcohol<\/b>, que est\u00e1 especialmente formulado para un lavado frecuente, para lograr una \u00f3ptima sanitizaci\u00f3n de las manos .<b><\/b><\/p>\n<p><b>Presentaci\u00f3n:<\/b><\/p>\n<ul>\n<li>Spray 250cc<\/li>\n<\/ul>\n<p><b>Beneficios:<\/b><\/p>\n<ul>\n<li>Efectivo antis\u00e9ptico frente a un amplio espectro de microorganismos,<\/li>\n<\/ul>\n<p><b>Indicaciones:<\/b><\/p>\n<ul>\n<li>No utilizar en pacientes con antecedentes de hipersensibilidad al alcohol.<\/li>\n<li>No usar en piel da\u00f1ada o quemada, en forma extensa.<\/li>\n<li>Alcohol Desnaturalizado al 70\u00b0 no tiene efectos directos inmediatos sobre el cuerpo, salvo resecar la piel al evaporarse.<\/li>\n<li>Uso externo.<\/li>\n<li>Evitar contacto con los ojos, o\u00eddos y boca. En caso de salpicaduras en los ojos, enjuague con agua durante 15 minutos y retire lentes de contacto si es que los usa.<\/li>\n<li>Mantener fuera del alcance de los ni\u00f1os.<\/li>\n<\/ul>\n<div id=\"attachment_8352\" style=\"width: 244px\" class=\"wp-caption alignnone\"><img fetchpriority=\"high\" decoding=\"async\" aria-describedby=\"caption-attachment-8352\" class=\"size-medium wp-image-8352\" src=\"https:\/\/deltamed.cl\/tienda\/wp-content\/uploads\/2021\/07\/Alcohol-desnaturalizado-70-Elite-234x300.png\" alt=\"Alcohol desnaturalizado 70 Elite\" width=\"234\" height=\"300\" title=\"\" srcset=\"https:\/\/deltamed.cl\/tienda\/wp-content\/uploads\/2021\/07\/Alcohol-desnaturalizado-70-Elite-234x300.png 234w, https:\/\/deltamed.cl\/tienda\/wp-content\/uploads\/2021\/07\/Alcohol-desnaturalizado-70-Elite.png 570w\" sizes=\"(max-width: 234px) 100vw, 234px\" \/><p id=\"caption-attachment-8352\" class=\"wp-caption-text\">Alcohol desnaturalizado 70 250cc spray Elite<\/p><\/div>\n","protected":false},"excerpt":{"rendered":"<p>Alcohol desnaturalizado 70 250cc spray Elite<\/p>\n<p><b>Presentaci\u00f3n:<\/b><\/p>\n<ul>\n<li>Spray 250cc<\/li>\n<\/ul>\n<p>El\u00a0<b>Alcohol Spray Elite<\/b> es un limpiador para manos en base de\u00a0<b>alcohol<\/b>, de uso directo y que no necesita enjuague. Es una mezcla de activos d\u00e9rmicos con un contenido de 70% v\/v de <b>alcohol<\/b>, que est\u00e1 especialmente formulado para un lavado frecuente, para lograr una \u00f3ptima sanitizaci\u00f3n de las manos .<b><\/b><\/p>\n<p>&nbsp;<\/p>\n<p>&nbsp;<\/p>\n","protected":false},"featured_media":1940,"comment_status":"open","ping_status":"closed","template":"","meta":{"_acf_changed":false},"product_brand":[1113],"product_cat":[36,397],"product_tag":[492,662],"class_list":{"0":"post-1938","1":"product","2":"type-product","3":"status-publish","4":"has-post-thumbnail","6":"product_brand-elite","7":"product_cat-tratamiento-de-herida","8":"product_cat-alcohol","9":"product_tag-alcohol-desnaturalizado","10":"product_tag-elite","11":"product_shipping_class-pequeno","13":"first","14":"outofstock","15":"shipping-taxable","16":"purchasable","17":"product-type-simple"},"acf":[],"_links":{"self":[{"href":"https:\/\/deltamed.cl\/tienda\/wp-json\/wp\/v2\/product\/1938","targetHints":{"allow":["GET"]}}],"collection":[{"href":"https:\/\/deltamed.cl\/tienda\/wp-json\/wp\/v2\/product"}],"about":[{"href":"https:\/\/deltamed.cl\/tienda\/wp-json\/wp\/v2\/types\/product"}],"replies":[{"embeddable":true,"href":"https:\/\/deltamed.cl\/tienda\/wp-json\/wp\/v2\/comments?post=1938"}],"version-history":[{"count":4,"href":"https:\/\/deltamed.cl\/tienda\/wp-json\/wp\/v2\/product\/1938\/revisions"}],"predecessor-version":[{"id":8355,"href":"https:\/\/deltamed.cl\/tienda\/wp-json\/wp\/v2\/product\/1938\/revisions\/8355"}],"wp:featuredmedia":[{"embeddable":true,"href":"https:\/\/deltamed.cl\/tienda\/wp-json\/wp\/v2\/media\/1940"}],"wp:attachment":[{"href":"https:\/\/deltamed.cl\/tienda\/wp-json\/wp\/v2\/media?parent=1938"}],"wp:term":[{"taxonomy":"product_brand","embeddable":true,"href":"https:\/\/deltamed.cl\/tienda\/wp-json\/wp\/v2\/product_brand?post=1938"},{"taxonomy":"product_cat","embeddable":true,"href":"https:\/\/deltamed.cl\/tienda\/wp-json\/wp\/v2\/product_cat?post=1938"},{"taxonomy":"product_tag","embeddable":true,"href":"https:\/\/deltamed.cl\/tienda\/wp-json\/wp\/v2\/product_tag?post=1938"}],"curies":[{"name":"wp","href":"https:\/\/api.w.org\/{rel}","templated":true}]}}