{"id":193,"date":"2020-12-11T01:20:58","date_gmt":"2020-12-11T04:20:58","guid":{"rendered":"https:\/\/deltamed.cl\/tienda\/?post_type=product&#038;p=193"},"modified":"2026-03-06T10:30:32","modified_gmt":"2026-03-06T13:30:32","slug":"gel-conductor-4l-con-recarga-250cc-difem-pharma","status":"publish","type":"product","link":"https:\/\/deltamed.cl\/tienda\/producto\/gel-conductor-4l-con-recarga-250cc-difem-pharma\/","title":{"rendered":"Gel conductor 4L con recarga 250cc Difem pharma"},"content":{"rendered":"<p>Gel conductor 4L con recarga 250cc Difem pharma<\/p>\n<p>Dise\u00f1ado para el deslizamiento f\u00e1cil y suave de la sonda o transductor en la piel del paciente. Producto Hipoalerg\u00e9nico.<\/p>\n<p>Instrucciones de uso: Aplica suficiente DIECO GEL en la piel de la paciente sobre el \u00e1rea que se va a examinar y colocar el transductor sobre \u00e9sta.<\/p>\n<p>\u2022 Brinda una excelente conducci\u00f3n ecos\u00f3nica.<br \/>\n\u2022 Usado en fisioterapia, ginecolog\u00eda, obstetricia, diagn\u00f3stico abdominal y vascular.<br \/>\n\u2022 \u00dasese tambi\u00e9n en electrodos de m\u00e1quinas de terapias digital (TENS) y otras.<br \/>\n\u2022 No irrita la piel, no mancha la ropa, es soluble en agua, no contiene sal ni elementos grasos y no deja residuos.<br \/>\n\u2022 Para uso Cl\u00ednico, Hospitalario, Profesionales y Estudiantes de Salud, y particular<br \/>\n\u2022 Biodegradable.<br \/>\n\u2022 Incluye 1 bid\u00f3n de 4 litros y 1 frasco de 250 cc.<br \/>\n\u2022 Producto certificado.<\/p>\n","protected":false},"excerpt":{"rendered":"<p>Gel conductor 4L con recarga 250cc Difem pharma<\/p>\n<p>Dise\u00f1ado para el deslizamiento f\u00e1cil y suave de la sonda o transductor en la piel del paciente al momento de realizar el procedimiento. Producto Hipoalerg\u00e9nico.<\/p>\n<p>Instrucciones de uso: Aplica suficiente DIECO GEL en la piel de la paciente sobre el \u00e1rea que se va a examinar y colocar el transductor sobre \u00e9sta.<\/p>\n<p>Gel conductor dieco gel, color Azul, 4 Litros, Difem Pharma.<\/p>\n","protected":false},"featured_media":18388,"comment_status":"open","ping_status":"closed","template":"","meta":{"_acf_changed":false},"product_brand":[1104],"product_cat":[94,386],"product_tag":[95,60],"class_list":{"0":"post-193","1":"product","2":"type-product","3":"status-publish","4":"has-post-thumbnail","6":"product_brand-difempharma","7":"product_cat-insumos-desechables","8":"product_cat-gerlconductor","9":"product_tag-ecografia","10":"product_tag-gel","11":"product_shipping_class-pequeno","13":"first","14":"instock","15":"shipping-taxable","16":"purchasable","17":"product-type-simple"},"acf":[],"_links":{"self":[{"href":"https:\/\/deltamed.cl\/tienda\/wp-json\/wp\/v2\/product\/193","targetHints":{"allow":["GET"]}}],"collection":[{"href":"https:\/\/deltamed.cl\/tienda\/wp-json\/wp\/v2\/product"}],"about":[{"href":"https:\/\/deltamed.cl\/tienda\/wp-json\/wp\/v2\/types\/product"}],"replies":[{"embeddable":true,"href":"https:\/\/deltamed.cl\/tienda\/wp-json\/wp\/v2\/comments?post=193"}],"version-history":[{"count":6,"href":"https:\/\/deltamed.cl\/tienda\/wp-json\/wp\/v2\/product\/193\/revisions"}],"predecessor-version":[{"id":18392,"href":"https:\/\/deltamed.cl\/tienda\/wp-json\/wp\/v2\/product\/193\/revisions\/18392"}],"wp:featuredmedia":[{"embeddable":true,"href":"https:\/\/deltamed.cl\/tienda\/wp-json\/wp\/v2\/media\/18388"}],"wp:attachment":[{"href":"https:\/\/deltamed.cl\/tienda\/wp-json\/wp\/v2\/media?parent=193"}],"wp:term":[{"taxonomy":"product_brand","embeddable":true,"href":"https:\/\/deltamed.cl\/tienda\/wp-json\/wp\/v2\/product_brand?post=193"},{"taxonomy":"product_cat","embeddable":true,"href":"https:\/\/deltamed.cl\/tienda\/wp-json\/wp\/v2\/product_cat?post=193"},{"taxonomy":"product_tag","embeddable":true,"href":"https:\/\/deltamed.cl\/tienda\/wp-json\/wp\/v2\/product_tag?post=193"}],"curies":[{"name":"wp","href":"https:\/\/api.w.org\/{rel}","templated":true}]}}