{"id":19001,"date":"2025-11-05T16:31:50","date_gmt":"2025-11-05T19:31:50","guid":{"rendered":"https:\/\/deltamed.cl\/tienda\/?post_type=product&#038;p=19001"},"modified":"2026-02-27T07:17:07","modified_gmt":"2026-02-27T10:17:07","slug":"sibionics-gs1-cgm-sistema-de-monitoreo-continuo-de-glucosa","status":"publish","type":"product","link":"https:\/\/deltamed.cl\/tienda\/producto\/sibionics-gs1-cgm-sistema-de-monitoreo-continuo-de-glucosa\/","title":{"rendered":"Sibionics GS1 CGM- Sistema de monitoreo continuo de glucosa"},"content":{"rendered":"<div>\n<div><strong>Caracter\u00edsticas principales del SIBIONICS GS1 GSM<\/strong><\/div>\n<\/div>\n<div>\n<ul>\n<li style=\"text-align: left;\">Duraci\u00f3n del sensor: hasta 14 d\u00edas de uso continuo.<\/li>\n<li style=\"text-align: left;\">Lecturas autom\u00e1ticas cada 5 minutos (\u2248 288 lecturas al d\u00eda).<br \/>\nSin escaneo: los valores se env\u00edan directamente a la app de Sibionics en el tel\u00e9fono, no se usa lector aparte.<\/li>\n<li style=\"text-align: left;\">Gracias a una conexi\u00f3n Bluetooth robusta entre el GS1 y la aplicaci\u00f3n SIBIONICS, no es necesario escanear el sensor con su tel\u00e9fono para obtener lecturas de glucosa.<\/li>\n<li id=\"shopify-section-template--20118302490876__text_and_image_TLJCpT\" class=\"shopify-section\" style=\"text-align: left;\">\n<div class=\"index-section\">\n<div class=\"page-width feature-row-wrapper feature-row--50\">\n<div class=\"feature-row\">\n<div class=\"feature-row__item feature-row__text feature-row__text--left text-left aos-init aos-animate\" data-aos=\"\">\n<div class=\"appear-delay-2\">Sin calibraci\u00f3n con punci\u00f3n digital: el sensor viene calibrado de f\u00e1brica.<\/div>\n<\/div>\n<\/div>\n<\/div>\n<\/div>\n<\/li>\n<li>Rango de medici\u00f3n aproximado: 40\u2013450 mg\/dL.<\/li>\n<li>Conectividad Bluetooth de corto alcance (alrededor de 6 m).<\/li>\n<li>Resistente al agua (IPx8): se puede usar en ducha, piscina, ejercicio, etc., dentro de los l\u00edmites indicados.<\/li>\n<li>App con reportes AGP (perfiles de glucosa ambulatorios) exportables y opci\u00f3n de compartir los datos con m\u00e9dicos o familiares.<\/li>\n<li>Alarmas de hipo e hiperglucemia configurables desde el celular.<\/li>\n<\/ul>\n<p><strong>\u00bfC\u00f3mo se usa en la pr\u00e1ctica?<\/strong><\/p>\n<p>En t\u00e9rminos muy simples:<\/p>\n<ol>\n<li><strong>Colocaci\u00f3n del sensor<\/strong>\n<ul>\n<li>Se usa un <strong>aplicador<\/strong> que inserta un filamento muy fino bajo la piel con un mecanismo de resorte pensado para minimizar el dolor.<\/li>\n<li>Normalmente se pega en la <strong>parte posterior del brazo<\/strong>.<\/li>\n<\/ul>\n<\/li>\n<li><strong>Emparejamiento con el celular<\/strong>\n<ul>\n<li>Se activa el sensor en la <strong>app SIBIONICS<\/strong>, se empareja por Bluetooth y, tras un per\u00edodo corto de \u201carranque\u201d, empieza a enviar datos.<\/li>\n<\/ul>\n<\/li>\n<li><strong>Uso diario<\/strong>\n<ul>\n<li>La app muestra:\n<ul>\n<li>valor actual de glucosa,<\/li>\n<li>flecha de <strong>tendencia<\/strong>,<\/li>\n<li>curvas de 24 h,<\/li>\n<li>reportes de varios d\u00edas\/semanas.<\/li>\n<\/ul>\n<\/li>\n<li>Se configuran <strong>alertas<\/strong> para glucosa baja\/alta.<\/li>\n<\/ul>\n<\/li>\n<li><strong>Fin de vida del sensor<\/strong>\n<ul>\n<li>A los 14 d\u00edas la app avisa que hay que cambiarlo por uno nuevo.<\/li>\n<\/ul>\n<\/li>\n<\/ol>\n<p><iframe title=\"SIBIONICS GS1 CGM: c\u00f3mo empezar y configurar la aplicaci\u00f3n\" width=\"500\" height=\"281\" src=\"https:\/\/www.youtube.com\/embed\/_T2LHwCf_rU?feature=oembed\" frameborder=\"0\" allow=\"accelerometer; autoplay; clipboard-write; encrypted-media; gyroscope; picture-in-picture; web-share\" referrerpolicy=\"strict-origin-when-cross-origin\" allowfullscreen><\/iframe><\/p>\n<\/div>\n<div><img fetchpriority=\"high\" decoding=\"async\" class=\"alignnone size-medium wp-image-19002\" src=\"https:\/\/deltamed.cl\/tienda\/wp-content\/uploads\/2025\/11\/SIBIONICS-GS1-CGM-Sistema-de-monitoreo-continuo-de-glucosa-300x211.jpg\" alt=\"\" width=\"300\" height=\"211\" title=\"\" srcset=\"https:\/\/deltamed.cl\/tienda\/wp-content\/uploads\/2025\/11\/SIBIONICS-GS1-CGM-Sistema-de-monitoreo-continuo-de-glucosa-300x211.jpg 300w, https:\/\/deltamed.cl\/tienda\/wp-content\/uploads\/2025\/11\/SIBIONICS-GS1-CGM-Sistema-de-monitoreo-continuo-de-glucosa-600x422.jpg 600w, https:\/\/deltamed.cl\/tienda\/wp-content\/uploads\/2025\/11\/SIBIONICS-GS1-CGM-Sistema-de-monitoreo-continuo-de-glucosa.jpg 614w\" sizes=\"(max-width: 300px) 100vw, 300px\" \/><\/div>\n","protected":false},"excerpt":{"rendered":"<p>SIBIONICS GS1 GSM <strong>revoluciona el control de la diabetes<\/strong>, permiti\u00e9ndote conocer tus niveles de glucosa en tiempo real, sin necesidad de pinchazos, sin escaneos y con una duraci\u00f3n de hasta 14 d\u00edas.<\/p>\n<div>\n<div>\u2714\ufe0fMonitoreo continuo las 24 horas<\/div>\n<div>\u2714\ufe0fVisualizaci\u00f3n inmediata desde tu celular<\/div>\n<div>\u2714\ufe0fAlarmas inteligentes de hipo e hiperglucemia<\/div>\n<div>\u2714\ufe0fCompatibilidad con iOS y Android<\/div>\n<div>\u2714\ufe0fColocaci\u00f3n sencilla y sin dolor<\/div>\n<\/div>\n<p>Ideal para personas con diabetes tipo 1 y tipo 2, este sensor te brinda la tranquilidad de estar siempre informado y conectado con tu salud.<\/p>\n<div>\n<div>\n<div><\/div>\n<div>\ud83d\udcb3 Reembolso con receta m\u00e9dicaIsapre\/Fonasa c\u00f3digo\u00a0<strong>2301074<\/strong><\/div>\n<\/div>\n<\/div>\n","protected":false},"featured_media":19004,"comment_status":"open","ping_status":"closed","template":"","meta":{"_acf_changed":false},"product_brand":[],"product_cat":[15,356],"product_tag":[523,1208],"class_list":{"0":"post-19001","1":"product","2":"type-product","3":"status-publish","4":"has-post-thumbnail","6":"product_cat-medicion-y-diagnostico","7":"product_cat-glucometro","8":"product_tag-glucometro","9":"product_tag-sibionics","10":"product_shipping_class-pequeno","12":"first","13":"instock","14":"shipping-taxable","15":"purchasable","16":"product-type-simple"},"acf":[],"_links":{"self":[{"href":"https:\/\/deltamed.cl\/tienda\/wp-json\/wp\/v2\/product\/19001","targetHints":{"allow":["GET"]}}],"collection":[{"href":"https:\/\/deltamed.cl\/tienda\/wp-json\/wp\/v2\/product"}],"about":[{"href":"https:\/\/deltamed.cl\/tienda\/wp-json\/wp\/v2\/types\/product"}],"replies":[{"embeddable":true,"href":"https:\/\/deltamed.cl\/tienda\/wp-json\/wp\/v2\/comments?post=19001"}],"version-history":[{"count":6,"href":"https:\/\/deltamed.cl\/tienda\/wp-json\/wp\/v2\/product\/19001\/revisions"}],"predecessor-version":[{"id":19117,"href":"https:\/\/deltamed.cl\/tienda\/wp-json\/wp\/v2\/product\/19001\/revisions\/19117"}],"wp:featuredmedia":[{"embeddable":true,"href":"https:\/\/deltamed.cl\/tienda\/wp-json\/wp\/v2\/media\/19004"}],"wp:attachment":[{"href":"https:\/\/deltamed.cl\/tienda\/wp-json\/wp\/v2\/media?parent=19001"}],"wp:term":[{"taxonomy":"product_brand","embeddable":true,"href":"https:\/\/deltamed.cl\/tienda\/wp-json\/wp\/v2\/product_brand?post=19001"},{"taxonomy":"product_cat","embeddable":true,"href":"https:\/\/deltamed.cl\/tienda\/wp-json\/wp\/v2\/product_cat?post=19001"},{"taxonomy":"product_tag","embeddable":true,"href":"https:\/\/deltamed.cl\/tienda\/wp-json\/wp\/v2\/product_tag?post=19001"}],"curies":[{"name":"wp","href":"https:\/\/api.w.org\/{rel}","templated":true}]}}