{"id":188,"date":"2020-12-11T00:40:56","date_gmt":"2020-12-11T03:40:56","guid":{"rendered":"https:\/\/deltamed.cl\/tienda\/?post_type=product&#038;p=188"},"modified":"2026-02-27T13:30:24","modified_gmt":"2026-02-27T16:30:24","slug":"oximetro-saturometro-pediatrico-100b1-heal-force","status":"publish","type":"product","link":"https:\/\/deltamed.cl\/tienda\/producto\/oximetro-saturometro-pediatrico-100b1-heal-force\/","title":{"rendered":"Ox\u00edmetro satur\u00f3metro pedi\u00e1trico 100b1 Heal Force"},"content":{"rendered":"<p>Ox\u00edmetro satur\u00f3metro pedi\u00e1trico 100b1 Heal Force<\/p>\n<p>Este ox\u00edmetro de pulso pedi\u00e1trico est\u00e1 dise\u00f1ado para adaptarse a los dedos m\u00e1s peque\u00f1os de los ni\u00f1os.<\/p>\n<p>Tiene una funci\u00f3n anti-movimiento que permite que el dispositivo sea preciso incluso si el dedo del ni\u00f1o se mueve mientras se est\u00e1 probando.<\/p>\n<p>Rango de edad: 4-9 a\u00f1os de edad<\/p>\n<p>\u2022 Pantalla digital con pantalla a todo color y gr\u00e1fico de forma de onda.<br \/>\n\u2022 Durable y elegantemente dise\u00f1ado. Conveniente para el uso diario.<br \/>\n\u2022 Par\u00e1metros de medici\u00f3n: SpO2, frecuencia de pulso, \u00edndice de<br \/>\nperfusi\u00f3n<br \/>\n\u2022 Visualizaci\u00f3n de formas de onda: pletismograma, histograma de<br \/>\nintensidad de pulso<br \/>\n\u2022 Funci\u00f3n de Alarma: Audio y Alarma Visual<br \/>\n\u2022 Energ\u00eda: bater\u00eda de 2 * AAA<br \/>\n\u2022 Marca: Heal Force\u00ae<br \/>\n\u2022 Garant\u00eda: Dos a\u00f1os<br \/>\n\u2022 Certificado: CE, RoHS, ISO9001<br \/>\n\u2022 Contenidos del paquete:<br \/>\n1. Ox\u00edmetro de pulso<br \/>\n2. Manual del usuario.<\/p>\n<div id=\"attachment_189\" style=\"width: 310px\" class=\"wp-caption alignnone\"><img fetchpriority=\"high\" decoding=\"async\" aria-describedby=\"caption-attachment-189\" class=\"size-medium wp-image-189\" src=\"https:\/\/deltamed.cl\/tienda\/wp-content\/uploads\/2020\/12\/aa-delta-30-300x300.jpg\" alt=\"Ox\u00edmetro satur\u00f3metro pedi\u00e1trico 100b1 Heal Force\" width=\"300\" height=\"300\" title=\"\" srcset=\"https:\/\/deltamed.cl\/tienda\/wp-content\/uploads\/2020\/12\/aa-delta-30-300x300.jpg 300w, https:\/\/deltamed.cl\/tienda\/wp-content\/uploads\/2020\/12\/aa-delta-30-100x100.jpg 100w, https:\/\/deltamed.cl\/tienda\/wp-content\/uploads\/2020\/12\/aa-delta-30-150x150.jpg 150w, https:\/\/deltamed.cl\/tienda\/wp-content\/uploads\/2020\/12\/aa-delta-30.jpg 600w\" sizes=\"(max-width: 300px) 100vw, 300px\" \/><p id=\"caption-attachment-189\" class=\"wp-caption-text\">Ox\u00edmetro satur\u00f3metro pedi\u00e1trico 100b1 Heal Force<\/p><\/div>\n","protected":false},"excerpt":{"rendered":"<p>Ox\u00edmetro satur\u00f3metro pedi\u00e1trico 100b1 Heal Force<\/p>\n<p>Este ox\u00edmetro de pulso pedi\u00e1trico est\u00e1 dise\u00f1ado para adaptarse a los dedos m\u00e1s peque\u00f1os de los ni\u00f1os.<\/p>\n<p>Tiene una funci\u00f3n anti-movimiento que permite que el dispositivo sea preciso incluso si el dedo del ni\u00f1o se mueve mientras se est\u00e1 probando.<\/p>\n<p>Rango de edad: 4-9 a\u00f1os de edad<\/p>\n<p>PRODUCTO DE USO REDUCIDO, NO APTO PARA MONITOREO CONTINUO.<\/p>\n","protected":false},"featured_media":189,"comment_status":"open","ping_status":"closed","template":"","meta":{"_acf_changed":false},"product_brand":[1101],"product_cat":[15,353],"product_tag":[88,585,84,85,89,87],"class_list":{"0":"post-188","1":"product","2":"type-product","3":"status-publish","4":"has-post-thumbnail","6":"product_brand-heal-force","7":"product_cat-medicion-y-diagnostico","8":"product_cat-oximetro","9":"product_tag-curva","10":"product_tag-deltamed","11":"product_tag-heal-force","12":"product_tag-oximetro","13":"product_tag-pediatrico","14":"product_tag-saturometro","15":"product_shipping_class-extra-pequeno","17":"first","18":"instock","19":"shipping-taxable","20":"purchasable","21":"product-type-simple"},"acf":[],"_links":{"self":[{"href":"https:\/\/deltamed.cl\/tienda\/wp-json\/wp\/v2\/product\/188","targetHints":{"allow":["GET"]}}],"collection":[{"href":"https:\/\/deltamed.cl\/tienda\/wp-json\/wp\/v2\/product"}],"about":[{"href":"https:\/\/deltamed.cl\/tienda\/wp-json\/wp\/v2\/types\/product"}],"replies":[{"embeddable":true,"href":"https:\/\/deltamed.cl\/tienda\/wp-json\/wp\/v2\/comments?post=188"}],"version-history":[{"count":2,"href":"https:\/\/deltamed.cl\/tienda\/wp-json\/wp\/v2\/product\/188\/revisions"}],"predecessor-version":[{"id":11403,"href":"https:\/\/deltamed.cl\/tienda\/wp-json\/wp\/v2\/product\/188\/revisions\/11403"}],"wp:featuredmedia":[{"embeddable":true,"href":"https:\/\/deltamed.cl\/tienda\/wp-json\/wp\/v2\/media\/189"}],"wp:attachment":[{"href":"https:\/\/deltamed.cl\/tienda\/wp-json\/wp\/v2\/media?parent=188"}],"wp:term":[{"taxonomy":"product_brand","embeddable":true,"href":"https:\/\/deltamed.cl\/tienda\/wp-json\/wp\/v2\/product_brand?post=188"},{"taxonomy":"product_cat","embeddable":true,"href":"https:\/\/deltamed.cl\/tienda\/wp-json\/wp\/v2\/product_cat?post=188"},{"taxonomy":"product_tag","embeddable":true,"href":"https:\/\/deltamed.cl\/tienda\/wp-json\/wp\/v2\/product_tag?post=188"}],"curies":[{"name":"wp","href":"https:\/\/api.w.org\/{rel}","templated":true}]}}