{"id":185,"date":"2020-12-11T00:38:00","date_gmt":"2020-12-11T03:38:00","guid":{"rendered":"https:\/\/deltamed.cl\/tienda\/?post_type=product&#038;p=185"},"modified":"2026-03-13T15:54:08","modified_gmt":"2026-03-13T18:54:08","slug":"oximetro-saturometro-sonda-adulto-100f","status":"publish","type":"product","link":"https:\/\/deltamed.cl\/tienda\/producto\/oximetro-saturometro-sonda-adulto-100f\/","title":{"rendered":"Ox\u00edmetro satur\u00f3metro + sonda adulto 100f Heal Force"},"content":{"rendered":"<p>Ox\u00edmetro satur\u00f3metro + sonda adulto 100f Heal Force<\/p>\n<p>Dispositivo de medici\u00f3n y de grabaci\u00f3n profesional para uso en los hospitales, consultorios o a los usuarios que necesiten de hacer un seguimiento diario de su condici\u00f3n m\u00e9dica.<\/p>\n<p>Este modelo ox\u00edmetro de pulso es un dispositivo port\u00e1til de bolsillo para la vigilancia de SpO2, la fuerza de impulso, la frecuencia del pulso en tiempo real barra de impulso gr\u00e1ficos.<\/p>\n<p>Dispone de 70 horas de almacenamiento de datos y de examen con la fecha y la hora.<\/p>\n<p>Caracter\u00edsticas:<\/p>\n<p>\u2022 Tama\u00f1o de mano con sondas desmontables<br \/>\n\u2022 Gran pantalla LCD de matriz de puntos con luz de fondo conmutable<br \/>\n\u2022 Sondas desmontables opcionales para medici\u00f3n de adultos,<br \/>\npedi\u00e1tricos y neonatos.<br \/>\n\u2022 Medici\u00f3n precisa de SpO2 y PR (frecuencia del pulso) con tecnolog\u00eda<br \/>\nanti-movimiento, pantalla de barra de pulso en tiempo real<br \/>\n\u2022 Conmutable a porcentaje de PI (\u00edndice de perfusi\u00f3n) y visualizaci\u00f3n<br \/>\nde pletismograma<br \/>\n\u2022 Alarma de audio y visual para lecturas anormales, con l\u00edmite de<br \/>\nalarma ajustable de SpO2 y PR<br \/>\n\u2022 Apagado autom\u00e1tico despu\u00e9s de sacar el dedo<\/p>\n<p>\u2022 Funci\u00f3n de almacenamiento de datos de hasta 70 horas de registro y<br \/>\nrevisi\u00f3n<br \/>\n\u2022 Software de gesti\u00f3n de datos de PC opcional para transmisi\u00f3n y<br \/>\nan\u00e1lisis de datos.<br \/>\n\u2022 Fuente de alimentaci\u00f3n de bater\u00edas 3xAA con administraci\u00f3n de<br \/>\nenerg\u00eda<br \/>\n\u2022 Alimentaci\u00f3n externa opcional (CA 110 ~ 250V \/ 60 ~ 50Hz)<\/p>\n<p>\u2022 La caja contiene:<br \/>\n1. Sensor adulto<br \/>\n2. Cable para transmisi\u00f3n de datos<br \/>\n3. Sonda de adulto.<\/p>\n<p>&nbsp;<\/p>\n<div id=\"attachment_5545\" style=\"width: 310px\" class=\"wp-caption alignnone\"><img fetchpriority=\"high\" decoding=\"async\" aria-describedby=\"caption-attachment-5545\" class=\"size-medium wp-image-5545\" src=\"https:\/\/deltamed.cl\/tienda\/wp-content\/uploads\/2020\/12\/oximetro-aa-new-300x300.jpg\" alt=\"Ox\u00edmetro satur\u00f3metro + sonda adulto 100f Heal Force\" width=\"300\" height=\"300\" title=\"\" srcset=\"https:\/\/deltamed.cl\/tienda\/wp-content\/uploads\/2020\/12\/oximetro-aa-new-300x300.jpg 300w, https:\/\/deltamed.cl\/tienda\/wp-content\/uploads\/2020\/12\/oximetro-aa-new-150x150.jpg 150w, https:\/\/deltamed.cl\/tienda\/wp-content\/uploads\/2020\/12\/oximetro-aa-new-100x100.jpg 100w, https:\/\/deltamed.cl\/tienda\/wp-content\/uploads\/2020\/12\/oximetro-aa-new.jpg 600w\" sizes=\"(max-width: 300px) 100vw, 300px\" \/><p id=\"caption-attachment-5545\" class=\"wp-caption-text\">Ox\u00edmetro satur\u00f3metro + sonda adulto 100f Heal Force<\/p><\/div>\n","protected":false},"excerpt":{"rendered":"<p>Ox\u00edmetro satur\u00f3metro + sonda adulto 100f Heal Force<\/p>\n<p>Dispositivo de medici\u00f3n y de grabaci\u00f3n profesional para uso en los hospitales, consultorios o a los usuarios que necesiten de hacer un seguimiento diario de su condici\u00f3n m\u00e9dica.<\/p>\n<p>Este modelo ox\u00edmetro de pulso es un dispositivo port\u00e1til de bolsillo para la vigilancia de SpO2, la fuerza de impulso, la frecuencia del pulso en tiempo real barra de impulso gr\u00e1ficos.<\/p>\n<p>Dispone de 70 horas de almacenamiento de datos y de examen con la fecha y la hora.<\/p>\n","protected":false},"featured_media":5545,"comment_status":"open","ping_status":"closed","template":"","meta":{"_acf_changed":false},"product_brand":[1101],"product_cat":[15,353],"product_tag":[88,585,84,85,87],"class_list":{"0":"post-185","1":"product","2":"type-product","3":"status-publish","4":"has-post-thumbnail","6":"product_brand-heal-force","7":"product_cat-medicion-y-diagnostico","8":"product_cat-oximetro","9":"product_tag-curva","10":"product_tag-deltamed","11":"product_tag-heal-force","12":"product_tag-oximetro","13":"product_tag-saturometro","14":"product_shipping_class-pequeno","16":"first","17":"instock","18":"shipping-taxable","19":"purchasable","20":"product-type-simple"},"acf":[],"_links":{"self":[{"href":"https:\/\/deltamed.cl\/tienda\/wp-json\/wp\/v2\/product\/185","targetHints":{"allow":["GET"]}}],"collection":[{"href":"https:\/\/deltamed.cl\/tienda\/wp-json\/wp\/v2\/product"}],"about":[{"href":"https:\/\/deltamed.cl\/tienda\/wp-json\/wp\/v2\/types\/product"}],"replies":[{"embeddable":true,"href":"https:\/\/deltamed.cl\/tienda\/wp-json\/wp\/v2\/comments?post=185"}],"version-history":[{"count":2,"href":"https:\/\/deltamed.cl\/tienda\/wp-json\/wp\/v2\/product\/185\/revisions"}],"predecessor-version":[{"id":8847,"href":"https:\/\/deltamed.cl\/tienda\/wp-json\/wp\/v2\/product\/185\/revisions\/8847"}],"wp:featuredmedia":[{"embeddable":true,"href":"https:\/\/deltamed.cl\/tienda\/wp-json\/wp\/v2\/media\/5545"}],"wp:attachment":[{"href":"https:\/\/deltamed.cl\/tienda\/wp-json\/wp\/v2\/media?parent=185"}],"wp:term":[{"taxonomy":"product_brand","embeddable":true,"href":"https:\/\/deltamed.cl\/tienda\/wp-json\/wp\/v2\/product_brand?post=185"},{"taxonomy":"product_cat","embeddable":true,"href":"https:\/\/deltamed.cl\/tienda\/wp-json\/wp\/v2\/product_cat?post=185"},{"taxonomy":"product_tag","embeddable":true,"href":"https:\/\/deltamed.cl\/tienda\/wp-json\/wp\/v2\/product_tag?post=185"}],"curies":[{"name":"wp","href":"https:\/\/api.w.org\/{rel}","templated":true}]}}