{"id":18106,"date":"2025-06-30T11:26:42","date_gmt":"2025-06-30T14:26:42","guid":{"rendered":"https:\/\/deltamed.cl\/tienda\/?post_type=product&#038;p=18106"},"modified":"2026-04-14T17:14:01","modified_gmt":"2026-04-14T20:14:01","slug":"tegaderm-film-6cm-x-7cm-3m","status":"publish","type":"product","link":"https:\/\/deltamed.cl\/tienda\/producto\/tegaderm-film-6cm-x-7cm-3m\/","title":{"rendered":"Tegaderm film 6cm x 7cm 3M"},"content":{"rendered":"<p>Tegaderm film 6cm x 7cm 3M<\/p>\n<p>Tegaderm es una l\u00ednea de ap\u00f3sitos transparentes est\u00e9riles. Est\u00e1n formados por un film de poliuretano semipermeable. Poseen un marco de descarga que facilita su aplicaci\u00f3n. Es una barrera semipermeable, que permite el ingreso de O2 y la salida de CO2 y vapor de agua.<\/p>\n<p>-Ideal para heridas secas, rasmilladuras, peladuras y quemaduras peque\u00f1as.<\/p>\n<p>-Presentaci\u00f3n en sobres individuales.<\/p>\n<p>Recomendado para:<\/p>\n<p>\u2013 Incisiones quir\u00fargicas limpias y cerradas.<br \/>\n\u2013 Zonas donadoras de injertos cut\u00e1neos.<br \/>\n\u2013 \u00dalceras por presi\u00f3n en estadio I o II.<br \/>\n\u2013 Heridas superficiales, como abrasiones con exudado escaso, desgarros cut\u00e1neos y ampollas.<br \/>\n\u2013 Quemaduras de primero y segundo grado.<br \/>\n-Ap\u00f3sito protector para prevenir el da\u00f1o a la piel del roce y fricci\u00f3n.<br \/>\n\u2013 Ap\u00f3sito secundario sobre gasas, alginatos o hidrogeles.<\/p>\n<p>&#8211; Ideal para la hora de la ducha, cubre e impermeabiliza heridas.<\/p>\n<p>PRECIO CORRESPONDE A LA UNIDAD<\/p>\n","protected":false},"excerpt":{"rendered":"<p>Tegaderm film 6cm x 7cm 3M<br \/>\nVALOR UNITARIO<\/p>\n<p>Tegaderm es una l\u00ednea de ap\u00f3sitos transparentes est\u00e9riles. Est\u00e1n formados por un film de poliuretano semipermeable. Poseen un marco de descarga que facilita su aplicaci\u00f3n. Es una barrera semipermeable, que permite el ingreso de O2 y la salida de CO2 y vapor de agua.<\/p>\n","protected":false},"featured_media":18107,"comment_status":"open","ping_status":"closed","template":"","meta":{"_acf_changed":false},"product_brand":[1095],"product_cat":[371,36,395],"product_tag":[921,683],"class_list":{"0":"post-18106","1":"product","2":"type-product","3":"status-publish","4":"has-post-thumbnail","6":"product_brand-3m","7":"product_cat-apositos-gasas","8":"product_cat-tratamiento-de-herida","9":"product_cat-apositos","10":"product_tag-film","11":"product_tag-tegaderm","12":"product_shipping_class-extra-pequeno","14":"first","15":"outofstock","16":"shipping-taxable","17":"purchasable","18":"product-type-simple"},"acf":[],"_links":{"self":[{"href":"https:\/\/deltamed.cl\/tienda\/wp-json\/wp\/v2\/product\/18106","targetHints":{"allow":["GET"]}}],"collection":[{"href":"https:\/\/deltamed.cl\/tienda\/wp-json\/wp\/v2\/product"}],"about":[{"href":"https:\/\/deltamed.cl\/tienda\/wp-json\/wp\/v2\/types\/product"}],"replies":[{"embeddable":true,"href":"https:\/\/deltamed.cl\/tienda\/wp-json\/wp\/v2\/comments?post=18106"}],"version-history":[{"count":1,"href":"https:\/\/deltamed.cl\/tienda\/wp-json\/wp\/v2\/product\/18106\/revisions"}],"predecessor-version":[{"id":18108,"href":"https:\/\/deltamed.cl\/tienda\/wp-json\/wp\/v2\/product\/18106\/revisions\/18108"}],"wp:featuredmedia":[{"embeddable":true,"href":"https:\/\/deltamed.cl\/tienda\/wp-json\/wp\/v2\/media\/18107"}],"wp:attachment":[{"href":"https:\/\/deltamed.cl\/tienda\/wp-json\/wp\/v2\/media?parent=18106"}],"wp:term":[{"taxonomy":"product_brand","embeddable":true,"href":"https:\/\/deltamed.cl\/tienda\/wp-json\/wp\/v2\/product_brand?post=18106"},{"taxonomy":"product_cat","embeddable":true,"href":"https:\/\/deltamed.cl\/tienda\/wp-json\/wp\/v2\/product_cat?post=18106"},{"taxonomy":"product_tag","embeddable":true,"href":"https:\/\/deltamed.cl\/tienda\/wp-json\/wp\/v2\/product_tag?post=18106"}],"curies":[{"name":"wp","href":"https:\/\/api.w.org\/{rel}","templated":true}]}}