{"id":179,"date":"2020-12-11T00:27:34","date_gmt":"2020-12-11T03:27:34","guid":{"rendered":"https:\/\/deltamed.cl\/tienda\/?post_type=product&#038;p=179"},"modified":"2026-02-27T13:30:24","modified_gmt":"2026-02-27T16:30:24","slug":"oximetro-de-pulso-adulto-pc60-nw-y-sonda-neonatal-heal-force","status":"publish","type":"product","link":"https:\/\/deltamed.cl\/tienda\/producto\/oximetro-de-pulso-adulto-pc60-nw-y-sonda-neonatal-heal-force\/","title":{"rendered":"Ox\u00edmetro de pulso adulto PC60 NW y sonda neonatal Heal Force"},"content":{"rendered":"<p>Ox\u00edmetro de pulso adulto PC60 NW y sonda neonatal Heal Force<\/p>\n<p>Dispositivo de medici\u00f3n y de grabaci\u00f3n profesional para uso en los hospitales, consultorios o a los usuarios que necesiten de hacer un seguimiento diario de su condici\u00f3n m\u00e9dica.<\/p>\n<p>Este modelo ox\u00edmetro de pulso es un dispositivo port\u00e1til de bolsillo para la vigilancia de SpO2, la fuerza de impulso, la frecuencia del pulso en tiempo real barra de impulso gr\u00e1ficos.<\/p>\n<p><strong>Descripci\u00f3n:<\/strong><br \/>\n\u2022 Dispone de 70 horas de almacenamiento de datos y de examen con la fecha y la hora.<br \/>\n\u2022 Puede mostrar saturaci\u00f3n de ox\u00edgeno (SpO2), frecuencia de pulso<br \/>\n\u2022 (PR), \u00edndice de perfusi\u00f3n (PI), forma de onda de pulso, histograma de<br \/>\n\u2022 intensidad de pulso<br \/>\n\u2022 Dise\u00f1o de sombreado, protecci\u00f3n de la luz ambiental en la medici\u00f3n<br \/>\n\u2022 de la interferencia<br \/>\n\u2022 Detecci\u00f3n inteligente, el dedo insertado se inicia autom\u00e1ticamente, 8<br \/>\n\u2022 segundos sin que la se\u00f1al se apague autom\u00e1ticamente.<br \/>\n\u2022 Transmisi\u00f3n Bluetooth, m\u00f3dulo Bluetooth 4.0, Android, iOS, datos de monitoreo de sincronizaci\u00f3n de dispositivos de PC, a trav\u00e9s de software de an\u00e1lisis profesional, an\u00e1lisis estad\u00edstico de datos de prueba, y compartir datos de salud y transmisi\u00f3n remota, para que su familia se mantenga al tanto del estado de salud<br \/>\n\u2022 Fuente de alimentaci\u00f3n: 2 * AAA bater\u00eda (no incluida)<\/p>\n<p>\u2022 La caja contiene:<br \/>\nSensor adulto<br \/>\nSonda Neonatal<br \/>\nBolso.<\/p>\n<div class=\"mceTemp\"><\/div>\n<div id=\"attachment_180\" style=\"width: 310px\" class=\"wp-caption alignnone\"><img fetchpriority=\"high\" decoding=\"async\" aria-describedby=\"caption-attachment-180\" class=\"size-medium wp-image-180\" src=\"https:\/\/deltamed.cl\/tienda\/wp-content\/uploads\/2020\/12\/aa-delta-26-300x300.jpg\" alt=\"Ox\u00edmetro de pulso adulto PC60 NW y sonda neonatal Heal Force\" width=\"300\" height=\"300\" title=\"\" srcset=\"https:\/\/deltamed.cl\/tienda\/wp-content\/uploads\/2020\/12\/aa-delta-26-300x300.jpg 300w, https:\/\/deltamed.cl\/tienda\/wp-content\/uploads\/2020\/12\/aa-delta-26-100x100.jpg 100w, https:\/\/deltamed.cl\/tienda\/wp-content\/uploads\/2020\/12\/aa-delta-26-150x150.jpg 150w, https:\/\/deltamed.cl\/tienda\/wp-content\/uploads\/2020\/12\/aa-delta-26.jpg 600w\" sizes=\"(max-width: 300px) 100vw, 300px\" \/><p id=\"caption-attachment-180\" class=\"wp-caption-text\">Ox\u00edmetro de pulso adulto PC60 NW y sonda neonatal Heal Force<\/p><\/div>\n","protected":false},"excerpt":{"rendered":"<p>Ox\u00edmetro de pulso adulto PC60 NW y sonda neonatal Heal Force<\/p>\n<p>Dispositivo de medici\u00f3n y de grabaci\u00f3n profesional para uso en los hospitales, consultorios o a los usuarios que necesiten de hacer un seguimiento diario de su condici\u00f3n m\u00e9dica.<\/p>\n<p>Este modelo ox\u00edmetro de pulso es un dispositivo port\u00e1til de bolsillo para la vigilancia de SpO2, la fuerza de impulso, la frecuencia del pulso en tiempo real barra de impulso gr\u00e1ficos.<\/p>\n<p>PRODUCTO DE USO REDUCIDO, NO APTO PARA MONITOREO CONTINUO.<\/p>\n","protected":false},"featured_media":180,"comment_status":"open","ping_status":"closed","template":"","meta":{"_acf_changed":false},"product_brand":[1101],"product_cat":[15,353],"product_tag":[84,86,85],"class_list":{"0":"post-179","1":"product","2":"type-product","3":"status-publish","4":"has-post-thumbnail","6":"product_brand-heal-force","7":"product_cat-medicion-y-diagnostico","8":"product_cat-oximetro","9":"product_tag-heal-force","10":"product_tag-neonatal","11":"product_tag-oximetro","12":"product_shipping_class-pequeno","14":"first","15":"instock","16":"shipping-taxable","17":"purchasable","18":"product-type-simple"},"acf":[],"_links":{"self":[{"href":"https:\/\/deltamed.cl\/tienda\/wp-json\/wp\/v2\/product\/179","targetHints":{"allow":["GET"]}}],"collection":[{"href":"https:\/\/deltamed.cl\/tienda\/wp-json\/wp\/v2\/product"}],"about":[{"href":"https:\/\/deltamed.cl\/tienda\/wp-json\/wp\/v2\/types\/product"}],"replies":[{"embeddable":true,"href":"https:\/\/deltamed.cl\/tienda\/wp-json\/wp\/v2\/comments?post=179"}],"version-history":[{"count":3,"href":"https:\/\/deltamed.cl\/tienda\/wp-json\/wp\/v2\/product\/179\/revisions"}],"predecessor-version":[{"id":13364,"href":"https:\/\/deltamed.cl\/tienda\/wp-json\/wp\/v2\/product\/179\/revisions\/13364"}],"wp:featuredmedia":[{"embeddable":true,"href":"https:\/\/deltamed.cl\/tienda\/wp-json\/wp\/v2\/media\/180"}],"wp:attachment":[{"href":"https:\/\/deltamed.cl\/tienda\/wp-json\/wp\/v2\/media?parent=179"}],"wp:term":[{"taxonomy":"product_brand","embeddable":true,"href":"https:\/\/deltamed.cl\/tienda\/wp-json\/wp\/v2\/product_brand?post=179"},{"taxonomy":"product_cat","embeddable":true,"href":"https:\/\/deltamed.cl\/tienda\/wp-json\/wp\/v2\/product_cat?post=179"},{"taxonomy":"product_tag","embeddable":true,"href":"https:\/\/deltamed.cl\/tienda\/wp-json\/wp\/v2\/product_tag?post=179"}],"curies":[{"name":"wp","href":"https:\/\/api.w.org\/{rel}","templated":true}]}}