{"id":1772,"date":"2021-07-01T11:44:33","date_gmt":"2021-07-01T14:44:33","guid":{"rendered":"https:\/\/deltamed.cl\/tienda\/?post_type=product&#038;p=1772"},"modified":"2026-02-27T13:30:34","modified_gmt":"2026-02-27T16:30:34","slug":"babero-desechable-azul-3-capas","status":"publish","type":"product","link":"https:\/\/deltamed.cl\/tienda\/producto\/babero-desechable-azul-3-capas\/","title":{"rendered":"Babero desechable azul 3 capas"},"content":{"rendered":"<p>Babero desechable azul 3 capas<\/p>\n<p>Bolsa contiene 100 unidades<\/p>\n<p>Color: Azul<\/p>\n<p>Este insumo dental desechable proporciona protecci\u00f3n para todo tipo de actividad odontol\u00f3gica. El babero celeste est\u00e1 compuesto por 3 capas, una de polietileno de baja densidad que protege contra todo tipo de l\u00edquido\/secreciones y dos capas de papel hipoalerg\u00e9nicas.<\/p>\n<p>AABABER1<\/p>\n","protected":false},"excerpt":{"rendered":"<p>Babero desechable azul 3 capas<\/p>\n<p>Bolsa contiene 100 unidades<\/p>\n<p>Color: Azul<\/p>\n<p>Este insumo dental desechable proporciona protecci\u00f3n para todo tipo de actividad odontol\u00f3gica. El babero celeste est\u00e1 compuesto por 3 capas, una de polietileno de baja densidad que protege contra todo tipo de l\u00edquido\/secreciones y dos capas de papel hipoalerg\u00e9nicas.<\/p>\n","protected":false},"featured_media":1773,"comment_status":"open","ping_status":"closed","template":"","meta":{"_acf_changed":false},"product_brand":[1087],"product_cat":[94],"product_tag":[],"class_list":{"0":"post-1772","1":"product","2":"type-product","3":"status-publish","4":"has-post-thumbnail","6":"product_brand-cranberry","7":"product_cat-insumos-desechables","8":"product_shipping_class-pequeno","10":"first","11":"instock","12":"shipping-taxable","13":"purchasable","14":"product-type-simple"},"acf":[],"_links":{"self":[{"href":"https:\/\/deltamed.cl\/tienda\/wp-json\/wp\/v2\/product\/1772","targetHints":{"allow":["GET"]}}],"collection":[{"href":"https:\/\/deltamed.cl\/tienda\/wp-json\/wp\/v2\/product"}],"about":[{"href":"https:\/\/deltamed.cl\/tienda\/wp-json\/wp\/v2\/types\/product"}],"replies":[{"embeddable":true,"href":"https:\/\/deltamed.cl\/tienda\/wp-json\/wp\/v2\/comments?post=1772"}],"version-history":[{"count":1,"href":"https:\/\/deltamed.cl\/tienda\/wp-json\/wp\/v2\/product\/1772\/revisions"}],"predecessor-version":[{"id":12351,"href":"https:\/\/deltamed.cl\/tienda\/wp-json\/wp\/v2\/product\/1772\/revisions\/12351"}],"wp:featuredmedia":[{"embeddable":true,"href":"https:\/\/deltamed.cl\/tienda\/wp-json\/wp\/v2\/media\/1773"}],"wp:attachment":[{"href":"https:\/\/deltamed.cl\/tienda\/wp-json\/wp\/v2\/media?parent=1772"}],"wp:term":[{"taxonomy":"product_brand","embeddable":true,"href":"https:\/\/deltamed.cl\/tienda\/wp-json\/wp\/v2\/product_brand?post=1772"},{"taxonomy":"product_cat","embeddable":true,"href":"https:\/\/deltamed.cl\/tienda\/wp-json\/wp\/v2\/product_cat?post=1772"},{"taxonomy":"product_tag","embeddable":true,"href":"https:\/\/deltamed.cl\/tienda\/wp-json\/wp\/v2\/product_tag?post=1772"}],"curies":[{"name":"wp","href":"https:\/\/api.w.org\/{rel}","templated":true}]}}