{"id":1755,"date":"2021-06-30T13:34:33","date_gmt":"2021-06-30T16:34:33","guid":{"rendered":"https:\/\/deltamed.cl\/tienda\/?post_type=product&#038;p=1755"},"modified":"2026-02-27T07:16:05","modified_gmt":"2026-02-27T10:16:05","slug":"balanza-seca-807","status":"publish","type":"product","link":"https:\/\/deltamed.cl\/tienda\/producto\/balanza-seca-807\/","title":{"rendered":"Balanza Seca 807"},"content":{"rendered":"<p><strong>Balanza Seca 807<\/strong><\/p>\n<p>La Balanza SECA 807 es una pesa de piso digital con plataforma de cristal que puede ser usada en hospitales, cl\u00ednicas y en el hogar. Soporta hasta 150 kg y se caracteriza por tener superficie de cristal de alta calidad, receptores de acero fino, as\u00ed como tambi\u00e9n pantalla LCD y d\u00edgitos extra grandes. Adem\u00e1s, la Balanza Seca 807 se enciende inmediatamente al subirse y se ejecuta ajuste a cero autom\u00e1tico.<\/p>\n<p>Una balanza\u00a0robusta por su cristal de seguridad: su elegante plataforma de cristal de seguridad de 6 mm es resistente a los golpes. Tambi\u00e9n posee una altura bastante baja lo que facilita el acceso a la plataforma de pesaje. Y adem\u00e1s con los cuatro receptores de carga de construcci\u00f3n especial.<\/p>\n<p>El peso exacto se muestra autom\u00e1ticamente en un visualizador grande tras bajar de la plataforma. La Balanza Seca 807 dise\u00f1ada en acero fino y con superficie reforzada, f\u00e1cil de limpiar, garantizan una larga vida \u00fatil.<\/p>\n<p>Finalmente, presta un servicio completo.\u00a0La funci\u00f3n \u201cstep off\u201d (bajarse)\u00a0cuya ventaja es: S\u00f3lo hay que subirse un instante a la plataforma, esperar la instrucci\u00f3n \u201cstep off\u201d, bajarse y leer el resultado con toda comodidad. As\u00ed como tambi\u00e9n enciende una vez pisa la superficie.<\/p>\n<h3 class=\"uppercase\"><span style=\"font-size: 18.72px\">Caracter\u00edsticas<\/span><strong>:<\/strong><\/h3>\n<ul>\n<li>La Balanza Seca 807 tiene una superficie de cristal de alta calidad.<\/li>\n<li>Ofrece receptores de acero fino en la base para mayor precisi\u00f3n.<\/li>\n<li>Tambi\u00e9n tiene una gran pantalla LCD y D\u00edgitos grandes para una lectura f\u00e1cil.<\/li>\n<li>Tecnolog\u00eda de cuatro c\u00e9lulas de carga. Para estructuras sumamente bajas.<\/li>\n<li>Funci\u00f3n \u201cstep off\u201d (bajarse). Puede bajarse y leer el resultado c\u00f3modamente.<\/li>\n<li>Adem\u00e1s enciende una vez pisa la superficie.<\/li>\n<li>Soporta hasta 150 kg.<\/li>\n<li>Hecha de Cristal de alta seguridad y resistencia.<\/li>\n<li>Con alta protecci\u00f3n contra golpes y sacudidas.<\/li>\n<li>L\u00edder mundial en tecnolog\u00eda m\u00e9dica de pesaje y medici\u00f3n<\/li>\n<\/ul>\n","protected":false},"excerpt":{"rendered":"<p><strong>Balanza Seca 807<\/strong><\/p>\n<p>La Balanza SECA 807 es una pesa de piso digital con plataforma de cristal que puede ser usada en hospitales, cl\u00ednicas y en el hogar. Soporta hasta 150 kg y se caracteriza por tener superficie de cristal de alta calidad, receptores de acero fino, as\u00ed como tambi\u00e9n pantalla LCD y d\u00edgitos extra grandes. Adem\u00e1s, la Balanza Seca 807 se enciende inmediatamente al subirse y se ejecuta ajuste a cero autom\u00e1tico.<\/p>\n","protected":false},"featured_media":1756,"comment_status":"open","ping_status":"closed","template":"","meta":{"_acf_changed":false},"product_brand":[1107],"product_cat":[15,357],"product_tag":[],"class_list":{"0":"post-1755","1":"product","2":"type-product","3":"status-publish","4":"has-post-thumbnail","6":"product_brand-seca","7":"product_cat-medicion-y-diagnostico","8":"product_cat-balanzas","9":"product_shipping_class-pequeno","11":"first","12":"outofstock","13":"shipping-taxable","14":"purchasable","15":"product-type-simple"},"acf":[],"_links":{"self":[{"href":"https:\/\/deltamed.cl\/tienda\/wp-json\/wp\/v2\/product\/1755","targetHints":{"allow":["GET"]}}],"collection":[{"href":"https:\/\/deltamed.cl\/tienda\/wp-json\/wp\/v2\/product"}],"about":[{"href":"https:\/\/deltamed.cl\/tienda\/wp-json\/wp\/v2\/types\/product"}],"replies":[{"embeddable":true,"href":"https:\/\/deltamed.cl\/tienda\/wp-json\/wp\/v2\/comments?post=1755"}],"version-history":[{"count":2,"href":"https:\/\/deltamed.cl\/tienda\/wp-json\/wp\/v2\/product\/1755\/revisions"}],"predecessor-version":[{"id":11348,"href":"https:\/\/deltamed.cl\/tienda\/wp-json\/wp\/v2\/product\/1755\/revisions\/11348"}],"wp:featuredmedia":[{"embeddable":true,"href":"https:\/\/deltamed.cl\/tienda\/wp-json\/wp\/v2\/media\/1756"}],"wp:attachment":[{"href":"https:\/\/deltamed.cl\/tienda\/wp-json\/wp\/v2\/media?parent=1755"}],"wp:term":[{"taxonomy":"product_brand","embeddable":true,"href":"https:\/\/deltamed.cl\/tienda\/wp-json\/wp\/v2\/product_brand?post=1755"},{"taxonomy":"product_cat","embeddable":true,"href":"https:\/\/deltamed.cl\/tienda\/wp-json\/wp\/v2\/product_cat?post=1755"},{"taxonomy":"product_tag","embeddable":true,"href":"https:\/\/deltamed.cl\/tienda\/wp-json\/wp\/v2\/product_tag?post=1755"}],"curies":[{"name":"wp","href":"https:\/\/api.w.org\/{rel}","templated":true}]}}