{"id":17462,"date":"2025-05-02T13:28:57","date_gmt":"2025-05-02T16:28:57","guid":{"rendered":"https:\/\/deltamed.cl\/tienda\/?post_type=product&#038;p=17462"},"modified":"2026-02-27T13:52:46","modified_gmt":"2026-02-27T16:52:46","slug":"barra-angulo-90-esmaltada","status":"publish","type":"product","link":"https:\/\/deltamed.cl\/tienda\/producto\/barra-angulo-90-esmaltada\/","title":{"rendered":"Barra \u00e1ngulo 90\u00b0 esmaltada"},"content":{"rendered":"<p>Barra \u00e1ngulo 90\u00b0 esmaltada<\/p>\n<p>Esta barra fue dise\u00f1ada especialmente para ofrecer un apoyo horizontal y vertical en alg\u00fan rinc\u00f3n, donde el usuario estime conveniente instalarla. Al ser compuesto 100% de acero inoxidable no se da\u00f1an, ni con la humedad, ni con los rayos solares, lo que asegura una usabilidad prolongada.<\/p>\n<p>Barra de seguridad que va adherida al muro y se utiliza en duchas, tinas de ba\u00f1o, gimnasios y afines<\/p>\n<p>Tipo de producto: Barra Muro 90\u00b0<\/p>\n<p>Material: Acero carbono pintado de color blanco esmaltado al horno<\/p>\n<p>Medidas: 50&#215;50 cms<\/p>\n<p>&nbsp;<\/p>\n","protected":false},"excerpt":{"rendered":"<p>Barra \u00e1ngulo 90\u00b0 esmaltada<\/p>\n<p>Esta barra fue dise\u00f1ada especialmente para ofrecer un apoyo horizontal y vertical en alg\u00fan rinc\u00f3n, donde el usuario estime conveniente instalarla. Al ser compuesto 100% de acero inoxidable no se da\u00f1an, ni con la humedad, ni con los rayos solares, lo que asegura una usabilidad prolongada.<\/p>\n<p>Barra de seguridad que va adherida al muro y se utiliza en duchas, tinas de ba\u00f1o, gimnasios y afines<\/p>\n<p>Tipo de producto: Barra Muro 90\u00b0<\/p>\n<p>Material: Acero carbono pintado de color blanco esmaltado al horno<\/p>\n<p>Medidas: 50&#215;50 cms<\/p>\n<p>&nbsp;<\/p>\n","protected":false},"featured_media":17464,"comment_status":"open","ping_status":"closed","template":"","meta":{"_acf_changed":false},"product_brand":[1086],"product_cat":[1075,363],"product_tag":[26],"class_list":{"0":"post-17462","1":"product","2":"type-product","3":"status-publish","4":"has-post-thumbnail","6":"product_brand-lifante","7":"product_cat-barras-banos","8":"product_cat-articulos-de-bano","9":"product_tag-bano","10":"product_shipping_class-pequeno","12":"first","13":"instock","14":"shipping-taxable","15":"purchasable","16":"product-type-simple"},"acf":[],"_links":{"self":[{"href":"https:\/\/deltamed.cl\/tienda\/wp-json\/wp\/v2\/product\/17462","targetHints":{"allow":["GET"]}}],"collection":[{"href":"https:\/\/deltamed.cl\/tienda\/wp-json\/wp\/v2\/product"}],"about":[{"href":"https:\/\/deltamed.cl\/tienda\/wp-json\/wp\/v2\/types\/product"}],"replies":[{"embeddable":true,"href":"https:\/\/deltamed.cl\/tienda\/wp-json\/wp\/v2\/comments?post=17462"}],"version-history":[{"count":4,"href":"https:\/\/deltamed.cl\/tienda\/wp-json\/wp\/v2\/product\/17462\/revisions"}],"predecessor-version":[{"id":17610,"href":"https:\/\/deltamed.cl\/tienda\/wp-json\/wp\/v2\/product\/17462\/revisions\/17610"}],"wp:featuredmedia":[{"embeddable":true,"href":"https:\/\/deltamed.cl\/tienda\/wp-json\/wp\/v2\/media\/17464"}],"wp:attachment":[{"href":"https:\/\/deltamed.cl\/tienda\/wp-json\/wp\/v2\/media?parent=17462"}],"wp:term":[{"taxonomy":"product_brand","embeddable":true,"href":"https:\/\/deltamed.cl\/tienda\/wp-json\/wp\/v2\/product_brand?post=17462"},{"taxonomy":"product_cat","embeddable":true,"href":"https:\/\/deltamed.cl\/tienda\/wp-json\/wp\/v2\/product_cat?post=17462"},{"taxonomy":"product_tag","embeddable":true,"href":"https:\/\/deltamed.cl\/tienda\/wp-json\/wp\/v2\/product_tag?post=17462"}],"curies":[{"name":"wp","href":"https:\/\/api.w.org\/{rel}","templated":true}]}}