{"id":17345,"date":"2025-04-29T14:56:21","date_gmt":"2025-04-29T17:56:21","guid":{"rendered":"https:\/\/deltamed.cl\/tienda\/?post_type=product&#038;p=17345"},"modified":"2026-03-24T16:43:44","modified_gmt":"2026-03-24T19:43:44","slug":"baston-codera-movil-anatomico-con-lateralidad","status":"publish","type":"product","link":"https:\/\/deltamed.cl\/tienda\/producto\/baston-codera-movil-anatomico-con-lateralidad\/","title":{"rendered":"Bast\u00f3n codera m\u00f3vil anat\u00f3mico con lateralidad"},"content":{"rendered":"<p>Bast\u00f3n codera m\u00f3vil anat\u00f3mico con lateralidad, con mango anat\u00f3mico derecho o izquierdo<\/p>\n<p>USO:<br \/>\nEste bast\u00f3n es una opci\u00f3n para mejorar la locomoci\u00f3n y movilizaci\u00f3n de las personas. Funciona brindando<br \/>\napoyo y soporte complementario al cuerpo mientras la persona camina. Suele utilizarse cuando el cuerpo no<br \/>\nlogra tener sost\u00e9n y necesita un suplemento terap\u00e9utico.<\/p>\n<p>CARACTERISTICAS:<br \/>\n\u2022 Estructura tubular en aluminio anodizado de alta resistencia.<br \/>\n\u2022 Regat\u00f3n fabricado en goma y caucho antideslizante en la base, contiene en el interior del regat\u00f3n una<br \/>\nplaca que reduce el ruido.<br \/>\n\u2022 Empu\u00f1adura de goma anat\u00f3mica, fija y antideslizante.<br \/>\n\u2022 Codera m\u00f3vil fabricada en Nylon, resina de alta resistencia<br \/>\n\u2022 Debido a su gran capacidad de regulaci\u00f3n puede ser usado por personas de estatura peque\u00f1a,<br \/>\nmediana y alta. Empu\u00f1adora a codo y empu\u00f1adora a suelo.<br \/>\n\u2022 Manipulable sin herramientas.<br \/>\n\u2022 Sistema de seguros (anillo \/ bot\u00f3n) para cada uno de los rangos de regulaci\u00f3n.<br \/>\n\u2022 Cuenta con reflector.<br \/>\n\u2022 Resiste como peso de usuario 130 kgs<\/p>\n<p>*Las im\u00e1genes contenidas en este sitio son meramente ilustrativas, no constituyendo una representaci\u00f3n exacta de la realidad.<\/p>\n<p>ESPECIFICACIONES T\u00c9CNICAS:<\/p>\n<p>Descripci\u00f3n CM<br \/>\nAltura m\u00ednima del suelo a la empu\u00f1adura 75 cm<br \/>\nAltura m\u00e1xima del suelo a la empu\u00f1adura 97 cm<br \/>\nPosiciones de regulaci\u00f3n superior 3 posiciones<br \/>\nAltura m\u00e1xima del suelo al tope 122 cm<br \/>\nAltura m\u00ednima del suelo al tope 97 cm<br \/>\nAltura m\u00e1xima de la empu\u00f1adura al tope 25 cm<br \/>\nAltura m\u00ednima de la empu\u00f1adura al tope 22 cm<br \/>\nPosiciones de regulaci\u00f3n inferior 10 posiciones<br \/>\nPeso m\u00e1ximo que resiste 130 kg<\/p>\n","protected":false},"excerpt":{"rendered":"<p>Bast\u00f3n codera m\u00f3vil anat\u00f3mico con lateralidad, con mango anat\u00f3mico derecho o izquierdo<\/p>\n<p>USO:<br \/>\nEste bast\u00f3n es una opci\u00f3n para mejorar la locomoci\u00f3n y movilizaci\u00f3n de las personas. Funciona brindando<br \/>\napoyo y soporte complementario al cuerpo mientras la persona camina. Suele utilizarse cuando el cuerpo no<br \/>\nlogra tener sost\u00e9n y necesita un suplemento terap\u00e9utico.<\/p>\n<p>*Imagen referencial<\/p>\n","protected":false},"featured_media":17349,"comment_status":"open","ping_status":"closed","template":"","meta":{"_acf_changed":false},"product_brand":[1086],"product_cat":[1200,23,368],"product_tag":[],"class_list":{"0":"post-17345","1":"product","2":"type-product","3":"status-publish","4":"has-post-thumbnail","6":"product_brand-lifante","7":"product_cat-ofertas-2026","8":"product_cat-ayudas-tecnicas-de-bano","9":"product_cat-bastones","10":"product_shipping_class-pequeno","11":"fb_product_set-lifante","13":"first","14":"instock","15":"sale","16":"shipping-taxable","17":"purchasable","18":"product-type-variable"},"acf":[],"_links":{"self":[{"href":"https:\/\/deltamed.cl\/tienda\/wp-json\/wp\/v2\/product\/17345","targetHints":{"allow":["GET"]}}],"collection":[{"href":"https:\/\/deltamed.cl\/tienda\/wp-json\/wp\/v2\/product"}],"about":[{"href":"https:\/\/deltamed.cl\/tienda\/wp-json\/wp\/v2\/types\/product"}],"replies":[{"embeddable":true,"href":"https:\/\/deltamed.cl\/tienda\/wp-json\/wp\/v2\/comments?post=17345"}],"version-history":[{"count":6,"href":"https:\/\/deltamed.cl\/tienda\/wp-json\/wp\/v2\/product\/17345\/revisions"}],"predecessor-version":[{"id":17407,"href":"https:\/\/deltamed.cl\/tienda\/wp-json\/wp\/v2\/product\/17345\/revisions\/17407"}],"wp:featuredmedia":[{"embeddable":true,"href":"https:\/\/deltamed.cl\/tienda\/wp-json\/wp\/v2\/media\/17349"}],"wp:attachment":[{"href":"https:\/\/deltamed.cl\/tienda\/wp-json\/wp\/v2\/media?parent=17345"}],"wp:term":[{"taxonomy":"product_brand","embeddable":true,"href":"https:\/\/deltamed.cl\/tienda\/wp-json\/wp\/v2\/product_brand?post=17345"},{"taxonomy":"product_cat","embeddable":true,"href":"https:\/\/deltamed.cl\/tienda\/wp-json\/wp\/v2\/product_cat?post=17345"},{"taxonomy":"product_tag","embeddable":true,"href":"https:\/\/deltamed.cl\/tienda\/wp-json\/wp\/v2\/product_tag?post=17345"}],"curies":[{"name":"wp","href":"https:\/\/api.w.org\/{rel}","templated":true}]}}