{"id":17304,"date":"2025-04-29T11:49:26","date_gmt":"2025-04-29T14:49:26","guid":{"rendered":"https:\/\/deltamed.cl\/tienda\/?post_type=product&#038;p=17304"},"modified":"2026-02-27T13:52:44","modified_gmt":"2026-02-27T16:52:44","slug":"baston-no-vidente","status":"publish","type":"product","link":"https:\/\/deltamed.cl\/tienda\/producto\/baston-no-vidente\/","title":{"rendered":"Bast\u00f3n no vidente"},"content":{"rendered":"<p>Bast\u00f3n no vidente<\/p>\n<p>USO:<br \/>\n\u2022 Bast\u00f3n de apoyo para persona no videntes que les permite poder desplazarse sin necesidad de apoyo de un tercero.<\/p>\n<p>CARACTERISTICAS:<\/p>\n<p>\u2022 Estructura tubular en aluminio anodizado de alta resistencia.<br \/>\n\u2022 Articulado y plegable.<br \/>\n\u2022 Regat\u00f3n de goma y un regat\u00f3n de repuesto<br \/>\n\u2022 Posee puntera recta.<br \/>\n\u2022 Taco de PVC que permite una mayor durabilidad.<br \/>\n\u2022 Con empu\u00f1adura de goma suave para un mejor agarre.<br \/>\n\u2022 Ambidiestro.<br \/>\n\u2022 Posee un estuche para guardar.<\/p>\n<p>ESPECIFICACIONES T\u00c9CNICAS:<\/p>\n<p>\u2022 Distintas medidas para alturas diferentes: 90 \u2013 95- 100 &#8211; 105 \u2013 110 \u2013 115 \u2013 120 \u2013 125 \u2013 130-135-<br \/>\n140-145-150-155-160 cms.<br \/>\n\u2022 Espesor del bast\u00f3n de 1.2mm<br \/>\n\u2022 Di\u00e1metro de 12mm<br \/>\n\u2022 Soporta un peso m\u00e1ximo de 100 KG.<\/p>\n<p>*Como saber que medida requiero?: medir longitud desde la parte media del estern\u00f3n hasta piso.<\/p>\n<p>*Las im\u00e1genes contenidas en este sitio son meramente ilustrativas, no constituyendo una representaci\u00f3n exacta de la realidad.<\/p>\n<p>INSTRUCCIONES DE USO<br \/>\n\u2022 Seg\u00fan el modelo adquirido, saque el bast\u00f3n de la funda.<br \/>\n\u2022 Ensamble las partes del bast\u00f3n para convertirlo en una \u00fanica pieza, d\u00e9jese ayudar por la cinta<br \/>\nel\u00e1sticas que tiene el producto como gu\u00eda,<br \/>\n\u2022 Para mayor seguridad, introducir la mano\/mu\u00f1eca, por la correa de amarre, de esta forma evitar\u00e1<br \/>\nca\u00eddas del producto al suelo.<\/p>\n","protected":false},"excerpt":{"rendered":"<p>Bast\u00f3n no vidente<\/p>\n<p>USO:<br \/>\n\u2022 Bast\u00f3n de apoyo para persona no videntes que les permite poder desplazarse sin necesidad de apoyo<br \/>\nde un tercero.<\/p>\n<p>CARACTERISTICAS:<\/p>\n<p>\u2022 Estructura tubular en aluminio anodizado de alta resistencia.<br \/>\n\u2022 Articulado y plegable.<br \/>\n\u2022 Regat\u00f3n de goma y un regat\u00f3n de repuesto<br \/>\n\u2022 Posee puntera recta.<br \/>\n\u2022 Taco de PVC que permite una mayor durabilidad.<br \/>\n\u2022 Con empu\u00f1adura de goma suave para un mejor agarre.<br \/>\n\u2022 Ambidiestro.<br \/>\n\u2022 Posee un estuche para guardar.<\/p>\n<p>ESPECIFICACIONES T\u00c9CNICAS:<\/p>\n<p>\u2022 Distintas medidas para alturas diferentes: 90 \u2013 95- 100 &#8211; 105 \u2013 110 \u2013 115 \u2013 120 \u2013 125 \u2013 130-135-<br \/>\n140-145-150-155-160 cms.<br \/>\n\u2022 Espesor del bast\u00f3n de 1.2mm<br \/>\n\u2022 Di\u00e1metro de 12mm<br \/>\n\u2022 Soporta un peso m\u00e1ximo de 100 KG.<\/p>\n<p>*Las im\u00e1genes contenidas en este sitio son meramente ilustrativas, no constituyendo una representaci\u00f3n exacta de la realidad.<\/p>\n","protected":false},"featured_media":17307,"comment_status":"open","ping_status":"closed","template":"","meta":{"_acf_changed":false},"product_brand":[1086],"product_cat":[23,368],"product_tag":[],"class_list":{"0":"post-17304","1":"product","2":"type-product","3":"status-publish","4":"has-post-thumbnail","6":"product_brand-lifante","7":"product_cat-ayudas-tecnicas-de-bano","8":"product_cat-bastones","9":"product_shipping_class-pequeno","10":"fb_product_set-lifante","12":"first","13":"outofstock","14":"shipping-taxable","15":"purchasable","16":"product-type-variable"},"acf":[],"_links":{"self":[{"href":"https:\/\/deltamed.cl\/tienda\/wp-json\/wp\/v2\/product\/17304","targetHints":{"allow":["GET"]}}],"collection":[{"href":"https:\/\/deltamed.cl\/tienda\/wp-json\/wp\/v2\/product"}],"about":[{"href":"https:\/\/deltamed.cl\/tienda\/wp-json\/wp\/v2\/types\/product"}],"replies":[{"embeddable":true,"href":"https:\/\/deltamed.cl\/tienda\/wp-json\/wp\/v2\/comments?post=17304"}],"version-history":[{"count":5,"href":"https:\/\/deltamed.cl\/tienda\/wp-json\/wp\/v2\/product\/17304\/revisions"}],"predecessor-version":[{"id":17409,"href":"https:\/\/deltamed.cl\/tienda\/wp-json\/wp\/v2\/product\/17304\/revisions\/17409"}],"wp:featuredmedia":[{"embeddable":true,"href":"https:\/\/deltamed.cl\/tienda\/wp-json\/wp\/v2\/media\/17307"}],"wp:attachment":[{"href":"https:\/\/deltamed.cl\/tienda\/wp-json\/wp\/v2\/media?parent=17304"}],"wp:term":[{"taxonomy":"product_brand","embeddable":true,"href":"https:\/\/deltamed.cl\/tienda\/wp-json\/wp\/v2\/product_brand?post=17304"},{"taxonomy":"product_cat","embeddable":true,"href":"https:\/\/deltamed.cl\/tienda\/wp-json\/wp\/v2\/product_cat?post=17304"},{"taxonomy":"product_tag","embeddable":true,"href":"https:\/\/deltamed.cl\/tienda\/wp-json\/wp\/v2\/product_tag?post=17304"}],"curies":[{"name":"wp","href":"https:\/\/api.w.org\/{rel}","templated":true}]}}