{"id":173,"date":"2020-12-11T00:23:22","date_gmt":"2020-12-11T03:23:22","guid":{"rendered":"https:\/\/deltamed.cl\/tienda\/?post_type=product&#038;p=173"},"modified":"2026-04-17T15:58:04","modified_gmt":"2026-04-17T18:58:04","slug":"bolsa-de-colostomia-natura-416423-convatec","status":"publish","type":"product","link":"https:\/\/deltamed.cl\/tienda\/producto\/bolsa-de-colostomia-natura-416423-convatec\/","title":{"rendered":"Bolsa de colostom\u00eda Natura 416423 Convatec"},"content":{"rendered":"<p>Bolsa de colostom\u00eda Natura 416423 Convatec<\/p>\n<p>Las bolsas Natura\u00ae + son compatibles con el sistema de ostom\u00eda de dos piezas SUR-FIT Natura\u00ae, que es la l\u00ednea de productos de dos piezas m\u00e1s extensa de ConvaTec.<\/p>\n<p>El sistema Natura\u00ae se\u00f1ala un cierre seguro y preciso con una serie de \u00abclics\u00bb audibles.<\/p>\n<p>Un dise\u00f1o simple que se quita y se coloca permite a los usuarios cambiar la bolsa r\u00e1pidamente para que coincida con las actividades sin quitar la barrera cut\u00e1nea de la piel.<\/p>\n<p>El sistema de bolsa Natura\u00ae ofrece las \u00faltimas tecnolog\u00edas de ConvaTec, que incluyen:<\/p>\n<ul>\n<li>Un filtro de \u00faltima generaci\u00f3n con una capa de pel\u00edcula anti-obstrucci\u00f3n -Materiales suaves y silenciosos -La seguridad del cierre de cola InvisiClose \u2122 con Lock-it Pocket \u2122<\/li>\n<li>Las \u00faltimas bolsas de ConvaTec combinadas con los adhesivos de barrera cut\u00e1nea avanzados SUR-FIT Natura\u00ae le ofrecen la seguridad, la comodidad y la discreci\u00f3n que se merece.<\/li>\n<li>Bolsa drenable, modelo Natura. Ref: 416423, marca Convatec.<br \/>\n&#8211; Sistema Sur fit.<br \/>\n&#8211; Para personas ostomizadas.<br \/>\n&#8211; Opaca.<br \/>\n&#8211; Aro 70 mm.<br \/>\n&#8211; Compatible con placa REF: 125266 (no incluye placas)<br \/>\n&#8211; Caja contiene 10 unidades de bolsas.<br \/>\n&#8211; Producto certificado.<\/li>\n<\/ul>\n<div id=\"attachment_174\" style=\"width: 310px\" class=\"wp-caption alignnone\"><img fetchpriority=\"high\" decoding=\"async\" aria-describedby=\"caption-attachment-174\" class=\"size-medium wp-image-174\" src=\"https:\/\/deltamed.cl\/tienda\/wp-content\/uploads\/2020\/12\/aa-delta-24-300x300.jpg\" alt=\"Bolsa de colostomia Natura 416423 Convatec\" width=\"300\" height=\"300\" title=\"\" srcset=\"https:\/\/deltamed.cl\/tienda\/wp-content\/uploads\/2020\/12\/aa-delta-24-300x300.jpg 300w, https:\/\/deltamed.cl\/tienda\/wp-content\/uploads\/2020\/12\/aa-delta-24-100x100.jpg 100w, https:\/\/deltamed.cl\/tienda\/wp-content\/uploads\/2020\/12\/aa-delta-24-150x150.jpg 150w, https:\/\/deltamed.cl\/tienda\/wp-content\/uploads\/2020\/12\/aa-delta-24.jpg 600w\" sizes=\"(max-width: 300px) 100vw, 300px\" \/><p id=\"caption-attachment-174\" class=\"wp-caption-text\">Bolsa de colostomia Natura 416423 Convatec<\/p><\/div>\n","protected":false},"excerpt":{"rendered":"<p>Bolsa de colostom\u00eda Natura 416423 Convatec<\/p>\n<p>Las bolsas Natura\u00ae + son compatibles con el sistema de ostom\u00eda de dos piezas SUR-FIT Natura\u00ae, que es la l\u00ednea de productos de dos piezas m\u00e1s extensa de ConvaTec.<\/p>\n<p>El sistema Natura\u00ae se\u00f1ala un cierre seguro y preciso con una serie de \u00abclics\u00bb audibles.<\/p>\n<p>Un dise\u00f1o simple que se quita y se coloca permite a los usuarios cambiar la bolsa r\u00e1pidamente para que coincida con las actividades sin quitar la barrera cut\u00e1nea de la piel.<\/p>\n","protected":false},"featured_media":174,"comment_status":"open","ping_status":"closed","template":"","meta":{"_acf_changed":false},"product_brand":[1089],"product_cat":[35,404],"product_tag":[66,159],"class_list":{"0":"post-173","1":"product","2":"type-product","3":"status-publish","4":"has-post-thumbnail","6":"product_brand-convatec","7":"product_cat-ostomia","8":"product_cat-bolsas-colostomia","9":"product_tag-colostomia","10":"product_tag-convatec","11":"product_shipping_class-extra-pequeno","13":"first","14":"instock","15":"shipping-taxable","16":"purchasable","17":"product-type-simple"},"acf":[],"_links":{"self":[{"href":"https:\/\/deltamed.cl\/tienda\/wp-json\/wp\/v2\/product\/173","targetHints":{"allow":["GET"]}}],"collection":[{"href":"https:\/\/deltamed.cl\/tienda\/wp-json\/wp\/v2\/product"}],"about":[{"href":"https:\/\/deltamed.cl\/tienda\/wp-json\/wp\/v2\/types\/product"}],"replies":[{"embeddable":true,"href":"https:\/\/deltamed.cl\/tienda\/wp-json\/wp\/v2\/comments?post=173"}],"version-history":[{"count":3,"href":"https:\/\/deltamed.cl\/tienda\/wp-json\/wp\/v2\/product\/173\/revisions"}],"predecessor-version":[{"id":8842,"href":"https:\/\/deltamed.cl\/tienda\/wp-json\/wp\/v2\/product\/173\/revisions\/8842"}],"wp:featuredmedia":[{"embeddable":true,"href":"https:\/\/deltamed.cl\/tienda\/wp-json\/wp\/v2\/media\/174"}],"wp:attachment":[{"href":"https:\/\/deltamed.cl\/tienda\/wp-json\/wp\/v2\/media?parent=173"}],"wp:term":[{"taxonomy":"product_brand","embeddable":true,"href":"https:\/\/deltamed.cl\/tienda\/wp-json\/wp\/v2\/product_brand?post=173"},{"taxonomy":"product_cat","embeddable":true,"href":"https:\/\/deltamed.cl\/tienda\/wp-json\/wp\/v2\/product_cat?post=173"},{"taxonomy":"product_tag","embeddable":true,"href":"https:\/\/deltamed.cl\/tienda\/wp-json\/wp\/v2\/product_tag?post=173"}],"curies":[{"name":"wp","href":"https:\/\/api.w.org\/{rel}","templated":true}]}}