{"id":17271,"date":"2025-04-28T17:02:55","date_gmt":"2025-04-28T20:02:55","guid":{"rendered":"https:\/\/deltamed.cl\/tienda\/?post_type=product&#038;p=17271"},"modified":"2026-03-13T15:45:55","modified_gmt":"2026-03-13T18:45:55","slug":"velador-modelo-velo","status":"publish","type":"product","link":"https:\/\/deltamed.cl\/tienda\/producto\/velador-modelo-velo\/","title":{"rendered":"Velador modelo velo"},"content":{"rendered":"<p>Velador modelo velo<\/p>\n<p>La mesita de noche Velo es estable, pr\u00e1ctica y especialmente higi\u00e9nica. Su cuerpo de acero pulverizado puede limpiarse y desinfectarse en profundidad. Est\u00e1 disponible en Argentum y blanco cristal. Un caj\u00f3n, un compartimento, un armario y una cesta met\u00e1lica para libros y revistas ofrecen un generoso espacio de almacenamiento. En la parte posterior de la Velo se encuentra un toallero.<br \/>\nLa mesita de cama opcional regulable en altura puede posicionarse sin esfuerzo en el lado derecho o izquierdo de la mesita de noche adapt\u00e1ndose as\u00ed a cualquier tipo de habitaci\u00f3n. Una 5.\u00aa rueda en la base de la mesita de cama procura estabilidad y una excelente movilidad. En posici\u00f3n inclinada, la bandeja se convierte en un c\u00f3modo atril de lectura.<\/p>\n","protected":false},"excerpt":{"rendered":"<p>Velador modelo velo La mesita de noche Velo es estable, pr\u00e1ctica y especialmente higi\u00e9nica. Su cuerpo de acero pulverizado puede limpiarse y desinfectarse en profundidad. Est\u00e1 disponible en Argentum y blanco cristal. Un caj\u00f3n, un compartimento, un armario y una cesta met\u00e1lica para libros y revistas ofrecen un generoso espacio de almacenamiento. En la parte posterior de la Velo se encuentra un toallero.<br \/>\nLa mesita de cama opcional regulable en altura puede posicionarse sin esfuerzo en el lado derecho o izquierdo de la mesita de noche adapt\u00e1ndose as\u00ed a cualquier tipo de habitaci\u00f3n. Una 5.\u00aa rueda en la base de la mesita de cama procura estabilidad y una excelente movilidad. En posici\u00f3n inclinada, la bandeja se convierte en un c\u00f3modo atril de lectura.<\/p>\n","protected":false},"featured_media":17273,"comment_status":"open","ping_status":"closed","template":"","meta":{"_acf_changed":false},"product_brand":[1086],"product_cat":[1052,101],"product_tag":[],"class_list":{"0":"post-17271","1":"product","2":"type-product","3":"status-publish","4":"has-post-thumbnail","6":"product_brand-lifante","7":"product_cat-veladores","8":"product_cat-mobiliario","9":"product_shipping_class-pequeno","10":"fb_product_set-lifante","12":"first","13":"instock","14":"shipping-taxable","15":"purchasable","16":"product-type-simple"},"acf":[],"_links":{"self":[{"href":"https:\/\/deltamed.cl\/tienda\/wp-json\/wp\/v2\/product\/17271","targetHints":{"allow":["GET"]}}],"collection":[{"href":"https:\/\/deltamed.cl\/tienda\/wp-json\/wp\/v2\/product"}],"about":[{"href":"https:\/\/deltamed.cl\/tienda\/wp-json\/wp\/v2\/types\/product"}],"replies":[{"embeddable":true,"href":"https:\/\/deltamed.cl\/tienda\/wp-json\/wp\/v2\/comments?post=17271"}],"version-history":[{"count":4,"href":"https:\/\/deltamed.cl\/tienda\/wp-json\/wp\/v2\/product\/17271\/revisions"}],"predecessor-version":[{"id":17411,"href":"https:\/\/deltamed.cl\/tienda\/wp-json\/wp\/v2\/product\/17271\/revisions\/17411"}],"wp:featuredmedia":[{"embeddable":true,"href":"https:\/\/deltamed.cl\/tienda\/wp-json\/wp\/v2\/media\/17273"}],"wp:attachment":[{"href":"https:\/\/deltamed.cl\/tienda\/wp-json\/wp\/v2\/media?parent=17271"}],"wp:term":[{"taxonomy":"product_brand","embeddable":true,"href":"https:\/\/deltamed.cl\/tienda\/wp-json\/wp\/v2\/product_brand?post=17271"},{"taxonomy":"product_cat","embeddable":true,"href":"https:\/\/deltamed.cl\/tienda\/wp-json\/wp\/v2\/product_cat?post=17271"},{"taxonomy":"product_tag","embeddable":true,"href":"https:\/\/deltamed.cl\/tienda\/wp-json\/wp\/v2\/product_tag?post=17271"}],"curies":[{"name":"wp","href":"https:\/\/api.w.org\/{rel}","templated":true}]}}