{"id":17265,"date":"2025-04-28T16:59:28","date_gmt":"2025-04-28T19:59:28","guid":{"rendered":"https:\/\/deltamed.cl\/tienda\/?post_type=product&#038;p=17265"},"modified":"2026-04-10T12:52:36","modified_gmt":"2026-04-10T15:52:36","slug":"velador-modelo-soreno-eco","status":"publish","type":"product","link":"https:\/\/deltamed.cl\/tienda\/producto\/velador-modelo-soreno-eco\/","title":{"rendered":"Velador modelo soreno eco"},"content":{"rendered":"<p>Velador modelo soreno eco<\/p>\n<p>La mesita de noche Soreno eco convence con un espacio de almacenamiento vers\u00e1til y especialmente pr\u00e1ctico. El panel estable, los<br \/>\n2 cajones de diferentes tama\u00f1os, un amplio compartimento y un caj\u00f3n para las zapatillas de casa directamente sobre el suelo ofrecen un espacio f\u00e1cilmente accesible para los objetos cotidianos importantes. La mesita de cama opcional regulable en altura es perfecta para comidas, bebidas o art\u00edculos de cuidado. Cuando no se necesite la bandeja, puede abatirse ocupando un m\u00ednimo espacio. El dise\u00f1o despejado de la Soreno eco, con sus l\u00edneas rectas y el tirador ancho, se integra con armon\u00eda en cualquier equipamiento de la habitaci\u00f3n<\/p>\n<p>&nbsp;<\/p>\n","protected":false},"excerpt":{"rendered":"<p>Velador modelo soreno eco La mesita de noche Soreno eco convence con un espacio de almacenamiento vers\u00e1til y especialmente pr\u00e1ctico. El panel estable, los<br \/>\n2 cajones de diferentes tama\u00f1os, un amplio compartimento y un caj\u00f3n para las zapatillas de casa directamente sobre el suelo ofrecen un espacio f\u00e1cilmente accesible para los objetos cotidianos importantes. La mesita de cama opcional regulable en altura es perfecta para comidas, bebidas o art\u00edculos de cuidado. Cuando no se necesite la bandeja, puede abatirse ocupando un m\u00ednimo espacio. El dise\u00f1o despejado de la Soreno eco, con sus l\u00edneas rectas y el tirador ancho, se integra con armon\u00eda en cualquier equipamiento de la habitaci\u00f3n<\/p>\n<p>Marca STIEGELMEYER , Alemania<\/p>\n","protected":false},"featured_media":17266,"comment_status":"open","ping_status":"closed","template":"","meta":{"_acf_changed":false},"product_brand":[1086],"product_cat":[101,1052],"product_tag":[],"class_list":{"0":"post-17265","1":"product","2":"type-product","3":"status-publish","4":"has-post-thumbnail","6":"product_brand-lifante","7":"product_cat-mobiliario","8":"product_cat-veladores","9":"fb_product_set-lifante","11":"first","12":"instock","13":"shipping-taxable","14":"purchasable","15":"product-type-simple"},"acf":[],"_links":{"self":[{"href":"https:\/\/deltamed.cl\/tienda\/wp-json\/wp\/v2\/product\/17265","targetHints":{"allow":["GET"]}}],"collection":[{"href":"https:\/\/deltamed.cl\/tienda\/wp-json\/wp\/v2\/product"}],"about":[{"href":"https:\/\/deltamed.cl\/tienda\/wp-json\/wp\/v2\/types\/product"}],"replies":[{"embeddable":true,"href":"https:\/\/deltamed.cl\/tienda\/wp-json\/wp\/v2\/comments?post=17265"}],"version-history":[{"count":6,"href":"https:\/\/deltamed.cl\/tienda\/wp-json\/wp\/v2\/product\/17265\/revisions"}],"predecessor-version":[{"id":20274,"href":"https:\/\/deltamed.cl\/tienda\/wp-json\/wp\/v2\/product\/17265\/revisions\/20274"}],"wp:featuredmedia":[{"embeddable":true,"href":"https:\/\/deltamed.cl\/tienda\/wp-json\/wp\/v2\/media\/17266"}],"wp:attachment":[{"href":"https:\/\/deltamed.cl\/tienda\/wp-json\/wp\/v2\/media?parent=17265"}],"wp:term":[{"taxonomy":"product_brand","embeddable":true,"href":"https:\/\/deltamed.cl\/tienda\/wp-json\/wp\/v2\/product_brand?post=17265"},{"taxonomy":"product_cat","embeddable":true,"href":"https:\/\/deltamed.cl\/tienda\/wp-json\/wp\/v2\/product_cat?post=17265"},{"taxonomy":"product_tag","embeddable":true,"href":"https:\/\/deltamed.cl\/tienda\/wp-json\/wp\/v2\/product_tag?post=17265"}],"curies":[{"name":"wp","href":"https:\/\/api.w.org\/{rel}","templated":true}]}}